{"id":16393,"date":"2025-09-16T13:52:29","date_gmt":"2025-09-16T11:52:29","guid":{"rendered":"https:\/\/boreait.com\/de\/?post_type=product&#038;p=16393"},"modified":"2025-09-16T13:52:39","modified_gmt":"2025-09-16T11:52:39","slug":"14-n140hcg-gq2-rev-b1-lcd-bildschirm-fhd-1920-x-1080-ips-matt-30-polig-neu","status":"publish","type":"product","link":"https:\/\/boreait.com\/de\/produkt\/14-n140hcg-gq2-rev-b1-lcd-bildschirm-fhd-1920-x-1080-ips-matt-30-polig-neu\/","title":{"rendered":"14&#8243; N140HCG-GQ2 Rev.B1 LCD-Bildschirm \u2013 FHD 1920 x 1080, IPS, matt, 30-polig, neu"},"content":{"rendered":"<p><strong>Aktuelles LCD-Bildschirmmodell: N140HCA-ELK REV C.2 \u2013 VOLLST\u00c4NDIG KOMPATIBEL MIT LAPTOP-BILDSCHIRM N140HCG-GQ2 Rev.B1<\/strong><\/p>\n<p>R\u00fcsten Sie Ihr Ger\u00e4t mit diesem hochwertigen LCD-Bildschirm N140HCG-GQ2 Rev.B1 auf. Dieser 14-Zoll-Bildschirm ist auf Pr\u00e4zision und Leistung ausgelegt und bietet eine beeindruckende Full-HD-Aufl\u00f6sung (1920 x 1080) mit IPS-Technologie f\u00fcr lebendige Farben und gro\u00dfe Betrachtungswinkel. Die matte Oberfl\u00e4che reduziert Blendeffekte und eignet sich daher ideal f\u00fcr verschiedene Umgebungen. Dank des 30-Pin-Anschlusses ist dieser Bildschirm mit einer Vielzahl von Laptops kompatibel. Er wird mit doppelseitigem Klebeband f\u00fcr eine einfache Installation geliefert. Die oberen und unteren Halterungen sind nicht im Lieferumfang enthalten, sodass ein problemloser Austausch gew\u00e4hrleistet ist. Egal, ob Sie Ihr Ger\u00e4t reparieren oder aufr\u00fcsten, dieser Bildschirm ist brandneu und erweckt Ihr Display mit au\u00dfergew\u00f6hnlicher Klarheit und Detailtreue wieder zum Leben.<\/p>\n","protected":false},"excerpt":{"rendered":"<p>Ersetzen oder r\u00fcsten Sie Ihren Laptop-Bildschirm mit dem 14-Zoll-LCD N140HCG-GQ2 Rev.B1 auf. Mit Full HD-Aufl\u00f6sung (1920 x 1080), IPS-Technologie, matter Oberfl\u00e4che und 30-poligem Anschluss. Inklusive doppelseitigem Klebeband. Neuzustand.<\/p>\n","protected":false},"featured_media":15607,"template":"","meta":[],"product_brand":[],"product_cat":[98,95],"product_tag":[],"class_list":{"0":"post-16393","1":"product","2":"type-product","3":"status-publish","4":"has-post-thumbnail","6":"product_cat-14-new-laptop-screens-lcd-panels","7":"product_cat-new-laptop-screens-lcd-panels","9":"first","10":"instock","11":"taxable","12":"shipping-taxable","13":"purchasable","14":"product-type-simple"},"_links":{"self":[{"href":"https:\/\/boreait.com\/de\/wp-json\/wp\/v2\/product\/16393","targetHints":{"allow":["GET"]}}],"collection":[{"href":"https:\/\/boreait.com\/de\/wp-json\/wp\/v2\/product"}],"about":[{"href":"https:\/\/boreait.com\/de\/wp-json\/wp\/v2\/types\/product"}],"wp:featuredmedia":[{"embeddable":true,"href":"https:\/\/boreait.com\/de\/wp-json\/wp\/v2\/media\/15607"}],"wp:attachment":[{"href":"https:\/\/boreait.com\/de\/wp-json\/wp\/v2\/media?parent=16393"}],"wp:term":[{"taxonomy":"product_brand","embeddable":true,"href":"https:\/\/boreait.com\/de\/wp-json\/wp\/v2\/product_brand?post=16393"},{"taxonomy":"product_cat","embeddable":true,"href":"https:\/\/boreait.com\/de\/wp-json\/wp\/v2\/product_cat?post=16393"},{"taxonomy":"product_tag","embeddable":true,"href":"https:\/\/boreait.com\/de\/wp-json\/wp\/v2\/product_tag?post=16393"}],"curies":[{"name":"wp","href":"https:\/\/api.w.org\/{rel}","templated":true}]}}