{"id":16391,"date":"2025-09-16T13:52:29","date_gmt":"2025-09-16T11:52:29","guid":{"rendered":"https:\/\/boreait.com\/de\/?post_type=product&#038;p=16391"},"modified":"2025-09-16T13:52:38","modified_gmt":"2025-09-16T11:52:38","slug":"n140hcr-ga2-14-fhd-ips-lcd-bildschirm-30-pin-matt-ohne-touch-neu-klebeband-enthalten","status":"publish","type":"product","link":"https:\/\/boreait.com\/de\/produkt\/n140hcr-ga2-14-fhd-ips-lcd-bildschirm-30-pin-matt-ohne-touch-neu-klebeband-enthalten\/","title":{"rendered":"N140HCR-GA2 14&#8243; FHD IPS LCD-Bildschirm 30 Pin matt ohne Touch, neu, Klebeband enthalten"},"content":{"rendered":"<p><strong>Aktuelles LCD-Bildschirmmodell: N140HCA-ELK REV C.2 \u2013 VOLLST\u00c4NDIG KOMPATIBEL MIT LAPTOP-BILDSCHIRM N140HCR-GA2<\/strong><\/p>\n<p>R\u00fcsten Sie Ihren Laptop mit dem hochwertigen LCD-Bildschirm N140HCR-GA2 auf. Dieses 14-Zoll-Full-HD-Display (1920 x 1080) bietet dank seines IPS-Panels und der matten Oberfl\u00e4che lebendige Farben und gestochen scharfe Bilder. Der Bildschirm wird ohne obere und untere Halterung geliefert, verf\u00fcgt jedoch \u00fcber doppelseitiges Klebeband f\u00fcr eine einfache Montage. Dieser Bildschirm wurde f\u00fcr Anwendungen ohne Touchscreen entwickelt und eignet sich perfekt f\u00fcr eine Vielzahl von Laptops. Er sorgt f\u00fcr ein gestochen scharfes, blendfreies Seherlebnis. Egal, ob Sie einen besch\u00e4digten Bildschirm ersetzen oder Ihren aktuellen Bildschirm aufr\u00fcsten m\u00f6chten, der N140HCR-GA2 bietet hervorragende Leistung und Zuverl\u00e4ssigkeit. Zustand: Neu.<\/p>\n","protected":false},"excerpt":{"rendered":"<p>Der 14-Zoll-LCD-Bildschirm N140HCR-GA2 verf\u00fcgt \u00fcber FHD-Aufl\u00f6sung (1920 x 1080), IPS-Technologie und eine matte Oberfl\u00e4che. Inklusive 30 Pins und doppelseitigem Klebeband. Version ohne Touch-Funktion. Neuzustand.<\/p>\n","protected":false},"featured_media":15607,"template":"","meta":[],"product_brand":[],"product_cat":[98,95],"product_tag":[],"class_list":{"0":"post-16391","1":"product","2":"type-product","3":"status-publish","4":"has-post-thumbnail","6":"product_cat-14-new-laptop-screens-lcd-panels","7":"product_cat-new-laptop-screens-lcd-panels","9":"first","10":"instock","11":"taxable","12":"shipping-taxable","13":"purchasable","14":"product-type-simple"},"_links":{"self":[{"href":"https:\/\/boreait.com\/de\/wp-json\/wp\/v2\/product\/16391","targetHints":{"allow":["GET"]}}],"collection":[{"href":"https:\/\/boreait.com\/de\/wp-json\/wp\/v2\/product"}],"about":[{"href":"https:\/\/boreait.com\/de\/wp-json\/wp\/v2\/types\/product"}],"wp:featuredmedia":[{"embeddable":true,"href":"https:\/\/boreait.com\/de\/wp-json\/wp\/v2\/media\/15607"}],"wp:attachment":[{"href":"https:\/\/boreait.com\/de\/wp-json\/wp\/v2\/media?parent=16391"}],"wp:term":[{"taxonomy":"product_brand","embeddable":true,"href":"https:\/\/boreait.com\/de\/wp-json\/wp\/v2\/product_brand?post=16391"},{"taxonomy":"product_cat","embeddable":true,"href":"https:\/\/boreait.com\/de\/wp-json\/wp\/v2\/product_cat?post=16391"},{"taxonomy":"product_tag","embeddable":true,"href":"https:\/\/boreait.com\/de\/wp-json\/wp\/v2\/product_tag?post=16391"}],"curies":[{"name":"wp","href":"https:\/\/api.w.org\/{rel}","templated":true}]}}