{"id":16390,"date":"2025-09-16T13:52:29","date_gmt":"2025-09-16T11:52:29","guid":{"rendered":"https:\/\/boreait.com\/de\/?post_type=product&#038;p=16390"},"modified":"2025-09-16T13:52:38","modified_gmt":"2025-09-16T11:52:38","slug":"n140hca-eac-rev-b1-lcd-bildschirm-14-fhd-1920x1080-ips-matt-non-touch-neu","status":"publish","type":"product","link":"https:\/\/boreait.com\/de\/produkt\/n140hca-eac-rev-b1-lcd-bildschirm-14-fhd-1920x1080-ips-matt-non-touch-neu\/","title":{"rendered":"N140HCA-EAC Rev.B1 LCD-Bildschirm 14&#8243; FHD 1920&#215;1080 IPS Matt Non-Touch Neu"},"content":{"rendered":"<p><strong>Aktuelles LCD-Bildschirmmodell: N140HCA-ELK REV C.2 \u2013 VOLLST\u00c4NDIG KOMPATIBEL MIT LAPTOP-BILDSCHIRM N140HCA-EAC Rev.B1 C1 C2 C4 C5 C6<\/strong><\/p>\n<p>Upgraden Sie Ihr Laptop-Display mit dem LCD-Bildschirm N140HCA-EAC Rev.B1. Dieses 14-Zoll-Full-HD-Display (1920 x 1080) verf\u00fcgt \u00fcber lebendige IPS-Technologie und bietet atemberaubende Farben und weite Betrachtungswinkel. Die matte Oberfl\u00e4che reduziert Blendeffekte und sorgt f\u00fcr ein angenehmeres Seherlebnis, selbst in hellen Umgebungen. Dank des 30-Pin-Anschlusses ist dieser Bildschirm f\u00fcr verschiedene Laptop-Modelle geeignet und mit mehreren Revisionen (C1, C2, C4, C5, C6) kompatibel. Der Bildschirm ist eine Non-Touch-Version und wird mit doppelseitigem Klebeband f\u00fcr eine einfache Installation geliefert. Damit ist er der ideale Ersatz f\u00fcr Ihr besch\u00e4digtes oder veraltetes Display. Bitte beachten Sie, dass dieser Bildschirm ohne obere und untere Halterungen geliefert wird. Zustand: Neu.<\/p>\n","protected":false},"excerpt":{"rendered":"<p>Der LCD-Bildschirm N140HCA-EAC Rev.B1 ist ein 14-Zoll-Full-HD-Display (1920 x 1080) mit IPS-Technologie, matter Oberfl\u00e4che und 30-Pin-Anschluss. Er wird mit doppelseitigem Klebeband geliefert und ist mit mehreren Laptop-Revisionen kompatibel. Die Version ohne Touch-Funktion ist ohne obere und untere Halterungen. Neuzustand.<\/p>\n","protected":false},"featured_media":15607,"template":"","meta":[],"product_brand":[],"product_cat":[98,95],"product_tag":[],"class_list":{"0":"post-16390","1":"product","2":"type-product","3":"status-publish","4":"has-post-thumbnail","6":"product_cat-14-new-laptop-screens-lcd-panels","7":"product_cat-new-laptop-screens-lcd-panels","9":"first","10":"instock","11":"taxable","12":"shipping-taxable","13":"purchasable","14":"product-type-simple"},"_links":{"self":[{"href":"https:\/\/boreait.com\/de\/wp-json\/wp\/v2\/product\/16390","targetHints":{"allow":["GET"]}}],"collection":[{"href":"https:\/\/boreait.com\/de\/wp-json\/wp\/v2\/product"}],"about":[{"href":"https:\/\/boreait.com\/de\/wp-json\/wp\/v2\/types\/product"}],"wp:featuredmedia":[{"embeddable":true,"href":"https:\/\/boreait.com\/de\/wp-json\/wp\/v2\/media\/15607"}],"wp:attachment":[{"href":"https:\/\/boreait.com\/de\/wp-json\/wp\/v2\/media?parent=16390"}],"wp:term":[{"taxonomy":"product_brand","embeddable":true,"href":"https:\/\/boreait.com\/de\/wp-json\/wp\/v2\/product_brand?post=16390"},{"taxonomy":"product_cat","embeddable":true,"href":"https:\/\/boreait.com\/de\/wp-json\/wp\/v2\/product_cat?post=16390"},{"taxonomy":"product_tag","embeddable":true,"href":"https:\/\/boreait.com\/de\/wp-json\/wp\/v2\/product_tag?post=16390"}],"curies":[{"name":"wp","href":"https:\/\/api.w.org\/{rel}","templated":true}]}}