{"id":16387,"date":"2025-09-16T13:52:28","date_gmt":"2025-09-16T11:52:28","guid":{"rendered":"https:\/\/boreait.com\/de\/?post_type=product&#038;p=16387"},"modified":"2025-09-16T13:52:37","modified_gmt":"2025-09-16T11:52:37","slug":"lcd-bildschirm-fuer-hp-omen-16-b-b1-b1xxx-b1000-serie-serie-161-zoll-fhd-144-hz-matt-40-pin-non-touch","status":"publish","type":"product","link":"https:\/\/boreait.com\/de\/produkt\/lcd-bildschirm-fuer-hp-omen-16-b-b1-b1xxx-b1000-serie-serie-161-zoll-fhd-144-hz-matt-40-pin-non-touch\/","title":{"rendered":"LCD-Bildschirm f\u00fcr HP OMEN 16 B \/ B1 \/ b1xxx \/ b1000 Serie Serie 16,1 Zoll FHD 144 Hz matt 40 Pin Non-Touch"},"content":{"rendered":"<p><strong>Aktuelles LCD-Bildschirmmodell: N161hma-gak REV. C3 oder n161hca-ga1 REV. C.1 \u2013 VOLLST\u00c4NDIG KOMPATIBEL MIT LAPTOP-BILDSCHIRMEN DER HP OMEN 16 B\/B1\/b1xxx\/b1000-Serie<\/strong><\/p>\n<p>Aktualisieren oder ersetzen Sie Ihren Laptop-Bildschirm der HP OMEN 16-B\/B1-Serie mit diesem hochwertigen, brandneuen LCD-Panel. Dieser Bildschirm wurde speziell f\u00fcr Modelle wie 16-b1009ns, 16-b1012ci, 16-b1022ns, 16-b1001la und viele mehr entwickelt und gew\u00e4hrleistet Kompatibilit\u00e4t und reibungslose Leistung. Zu den wichtigsten Spezifikationen geh\u00f6rt ein 16,1-Zoll-Full-HD-Display mit einer Bildwiederholfrequenz von 144 Hz f\u00fcr gestochen scharfe Bilder und fl\u00fcssige \u00dcberg\u00e4nge \u2013 ideal f\u00fcr Gaming oder Multimedia. Die matte Oberfl\u00e4che reduziert Blendeffekte und sorgt f\u00fcr ein angenehmes Seherlebnis bei unterschiedlichen Lichtverh\u00e4ltnissen. 250 Nits Helligkeit sorgen f\u00fcr lebendige Farben und klare Bilder.<\/p>\n<p>Dieser ber\u00fchrungslose LCD-Bildschirm verf\u00fcgt \u00fcber einen 40-poligen Anschluss und wird mit doppelseitigem Klebeband f\u00fcr eine einfache Montage geliefert. Bitte beachten Sie, dass die oberen und unteren Halterungen nicht im Lieferumfang enthalten sind. Ob Sie Ihren Laptop reparieren oder auf ein besseres Display umr\u00fcsten, dieser Ersatzbildschirm bietet herausragende Leistung und Langlebigkeit.<\/p>\n<p>Kompatibel mit einer Vielzahl von HP OMEN-Modellen, darunter 16-b1000, 16-b1001la, 16-b1008tx, 16-b1015tx und andere. Sorgen Sie noch heute f\u00fcr eine perfekte Passform und stellen Sie die Displayqualit\u00e4t Ihres Laptops wieder her!<\/p>\n<p><strong>Einige der kompatiblen HP OMEN Laptops:\u00a0<\/strong><\/p>\n<p>16-b1000, 16-b1001la, 16-b1001tx, 16-b1002tx, 16-b1003tx, 16-b1004tx, 16-b1005tx, 16-b1006tx, 16-b1007tx, 16-b1008tx, 16-b1009tx, 16-b1009ns, 16-b1010tx, 16-b1011tx, 16-b1012tx, 16-b1012ci, 16-b1013tx, 16-b1014tx, 16-b1015tx, 16-b1016tx, 16-b1017tx, 16-b1018tx, 16-b1019tx, 16-b1020tx, 16-b1021tx, 16-b1022tx, 16-b1022ns, 16-b1023tx, 16-b1024tx, 16-b1025tx, 16-b1026tx, 16-b1030tx, 16-b1031tx, 16-b1032tx, 16-b1033tx, 16-b1075ng, 16-b1077ng, 16-b1090ng, 16-b1350tx, 16-b1351tx, 16-b1360tx, 16-b1361tx, 16-b1370tx, 16-b1371tx, 16-b1778ng<\/p>\n","protected":false},"excerpt":{"rendered":"<p>Brandneuer 16,1-Zoll-LCD-Bildschirm f\u00fcr Laptops der HP OMEN 16-B\/B1-Serie. Dieses ber\u00fchrungslose Display bietet FHD-Aufl\u00f6sung, eine Bildwiederholfrequenz von 144 Hz, eine matte Oberfl\u00e4che und eine Helligkeit von 250 Nits. Wird mit doppelseitigem Klebeband geliefert, ohne obere\/untere Halterungen. Perfekt zum Ersetzen besch\u00e4digter oder defekter Bildschirme.<\/p>\n","protected":false},"featured_media":15670,"template":"","meta":[],"product_brand":[],"product_cat":[107,95],"product_tag":[61],"class_list":{"0":"post-16387","1":"product","2":"type-product","3":"status-publish","4":"has-post-thumbnail","6":"product_cat-16-1","7":"product_cat-new-laptop-screens-lcd-panels","8":"product_tag-hp","10":"first","11":"instock","12":"taxable","13":"shipping-taxable","14":"purchasable","15":"product-type-simple"},"_links":{"self":[{"href":"https:\/\/boreait.com\/de\/wp-json\/wp\/v2\/product\/16387","targetHints":{"allow":["GET"]}}],"collection":[{"href":"https:\/\/boreait.com\/de\/wp-json\/wp\/v2\/product"}],"about":[{"href":"https:\/\/boreait.com\/de\/wp-json\/wp\/v2\/types\/product"}],"wp:featuredmedia":[{"embeddable":true,"href":"https:\/\/boreait.com\/de\/wp-json\/wp\/v2\/media\/15670"}],"wp:attachment":[{"href":"https:\/\/boreait.com\/de\/wp-json\/wp\/v2\/media?parent=16387"}],"wp:term":[{"taxonomy":"product_brand","embeddable":true,"href":"https:\/\/boreait.com\/de\/wp-json\/wp\/v2\/product_brand?post=16387"},{"taxonomy":"product_cat","embeddable":true,"href":"https:\/\/boreait.com\/de\/wp-json\/wp\/v2\/product_cat?post=16387"},{"taxonomy":"product_tag","embeddable":true,"href":"https:\/\/boreait.com\/de\/wp-json\/wp\/v2\/product_tag?post=16387"}],"curies":[{"name":"wp","href":"https:\/\/api.w.org\/{rel}","templated":true}]}}