{"id":16381,"date":"2025-09-16T13:52:27","date_gmt":"2025-09-16T11:52:27","guid":{"rendered":"https:\/\/boreait.com\/de\/?post_type=product&#038;p=16381"},"modified":"2026-01-14T12:46:31","modified_gmt":"2026-01-14T11:46:31","slug":"156-lcd-bildschirm-fuer-hp-15s-eq-serie-matt-ips-fhd-30-pin-neu","status":"publish","type":"product","link":"https:\/\/boreait.com\/de\/produkt\/156-lcd-bildschirm-fuer-hp-15s-eq-serie-matt-ips-fhd-30-pin-neu\/","title":{"rendered":"15,6&#8243; LCD-Bildschirm f\u00fcr HP 15s-EQ-Serie, matt, IPS, FHD, 30-Pin, neu"},"content":{"rendered":"<p><strong>Aktuelles LCD-Bildschirmmodell: B156ZAN03.6 oder N156HCA-EAB Rev C.4 \u2013 voll kompatibel mit Laptops der <span data-sheets-root=\"1\">HP 15s-eq-Serie<\/span><\/strong><\/p>\n<p>R\u00fcsten Sie Ihren Laptop der HP 15s-EQ-Serie mit einem hochwertigen 15,6-Zoll-LCD-Bildschirm auf. Dieses ber\u00fchrungslose Display wurde speziell f\u00fcr Modelle wie HP 15s-eq2102np, 15s-eq1006nm, 15s-eq2156nm und weitere entwickelt und bietet eine brillante Full-HD-Aufl\u00f6sung (1920 x 1080), eine matte Oberfl\u00e4che zur Reduzierung von Blendeffekten und fortschrittliche IPS-Technologie f\u00fcr weite Betrachtungswinkel.<\/p>\n<p>Hauptmerkmale:<\/p>\n<ul>\n<li><strong>Kompatibilit\u00e4t<\/strong>: HP 15s-EQ-Serie (z. B. 15s-eq2102np, 15s-eq1006nm).<\/li>\n<li><strong>Displaytyp<\/strong>: 15,6\u2033 FHD (1920 x 1080), matte Oberfl\u00e4che.<\/li>\n<li><strong>Panel-Technologie<\/strong>: IPS f\u00fcr hervorragende Farbdarstellung und optimale Betrachtungswinkel.<\/li>\n<li><strong>Anschluss<\/strong>: eDP 30-polig f\u00fcr nahtlose Installation.<\/li>\n<li><strong>Klebestreifen<\/strong>: Doppelseitiges Klebeband f\u00fcr sichere Befestigung im Lieferumfang enthalten.<\/li>\n<li><strong>Zustand<\/strong>: Neuware f\u00fcr optimale Leistung und Langlebigkeit.<\/li>\n<\/ul>\n<p>Ob Sie einen besch\u00e4digten Bildschirm ersetzen oder ein Upgrade f\u00fcr eine bessere Bildqualit\u00e4t durchf\u00fchren \u2013 dieser Ersatzbildschirm liefert scharfe Bilder, hervorragende Farbgenauigkeit und zuverl\u00e4ssige Qualit\u00e4t.<\/p>\n","protected":false},"excerpt":{"rendered":"<div class=\"flex max-w-full flex-col flex-grow\">\n<div class=\"min-h-8 Textnachricht flex w-full flex-col Elemente-Ende L\u00fccke-2 Leerzeichen-normale Wortumbr\u00fcche [.text-message+&#038;]:mt-5\" dir=\"auto\" data-message-author-role=\"assistant\" data-message-id=\"643e7024-2c48-4fd0-8ce1-7db539127bf6\" data-client-thread-id=\"WEB:0938c45f-8fb2-4fcd-987c-cdd10acde468\" data-message-model-slug=\"gpt-4o\">\n<div class=\"flex w-full flex-col L\u00fccke-1 leer:versteckt zuerst:pt-[3px]\">\n<div class=\"markdown prose w-full break-words dark:prose-invert light\">\n<p>Ersetzen Sie den Bildschirm Ihres HP 15s-EQ-Laptops durch dieses matte 15,6-Zoll-FHD-IPS-Display. Mit 30-poligem eDP-Anschluss bietet dieser neue Bildschirm lebendige Farben, weite Betrachtungswinkel und doppelseitige Klebestreifen f\u00fcr eine einfache Installation.<\/p>\n<\/div>\n<\/div>\n<\/div>\n<\/div>\n","protected":false},"featured_media":15243,"template":"","meta":[],"product_brand":[],"product_cat":[105,95],"product_tag":[61],"class_list":{"0":"post-16381","1":"product","2":"type-product","3":"status-publish","4":"has-post-thumbnail","6":"product_cat-15-6-new-laptop-screens-lcd-panels","7":"product_cat-new-laptop-screens-lcd-panels","8":"product_tag-hp","10":"first","11":"instock","12":"taxable","13":"shipping-taxable","14":"purchasable","15":"product-type-simple"},"_links":{"self":[{"href":"https:\/\/boreait.com\/de\/wp-json\/wp\/v2\/product\/16381","targetHints":{"allow":["GET"]}}],"collection":[{"href":"https:\/\/boreait.com\/de\/wp-json\/wp\/v2\/product"}],"about":[{"href":"https:\/\/boreait.com\/de\/wp-json\/wp\/v2\/types\/product"}],"wp:featuredmedia":[{"embeddable":true,"href":"https:\/\/boreait.com\/de\/wp-json\/wp\/v2\/media\/15243"}],"wp:attachment":[{"href":"https:\/\/boreait.com\/de\/wp-json\/wp\/v2\/media?parent=16381"}],"wp:term":[{"taxonomy":"product_brand","embeddable":true,"href":"https:\/\/boreait.com\/de\/wp-json\/wp\/v2\/product_brand?post=16381"},{"taxonomy":"product_cat","embeddable":true,"href":"https:\/\/boreait.com\/de\/wp-json\/wp\/v2\/product_cat?post=16381"},{"taxonomy":"product_tag","embeddable":true,"href":"https:\/\/boreait.com\/de\/wp-json\/wp\/v2\/product_tag?post=16381"}],"curies":[{"name":"wp","href":"https:\/\/api.w.org\/{rel}","templated":true}]}}