{"id":16370,"date":"2025-09-16T13:52:05","date_gmt":"2025-09-16T11:52:05","guid":{"rendered":"https:\/\/boreait.com\/de\/?post_type=product&#038;p=16370"},"modified":"2025-10-15T14:13:25","modified_gmt":"2025-10-15T12:13:25","slug":"lenovo-ideapad-3-15itl6-3-15alc6-1-15alc7-3-15aba7-3-15iau7-5-15ial7-156-zoll-fhd-matt-lcd-bildschirm-ips-30-pin-keine-halterungen-neu","status":"publish","type":"product","link":"https:\/\/boreait.com\/de\/produkt\/lenovo-ideapad-3-15itl6-3-15alc6-1-15alc7-3-15aba7-3-15iau7-5-15ial7-156-zoll-fhd-matt-lcd-bildschirm-ips-30-pin-keine-halterungen-neu\/","title":{"rendered":"Lenovo IdeaPad 3-15ITL6 3-15ALC6 1 15ALC7 3 15ABA7 3 15IAU7 5 15IAL7 15,6 Zoll FHD Matt LCD-Bildschirm IPS 30-Pin Keine Halterungen Neu"},"content":{"rendered":"<p><strong>Aktuelles LCD-Bildschirmmodell: B156ZAN03.6 oder N156HCA-EAB Rev C.4 \u2013 <span data-sheets-root=\"1\">Vollst\u00e4ndig kompatibel mit Lenovo Ideapad 3-15ITL6, 3-15ALC6, 1 15ALC7, 3 15ABA7, 3 15IAU7 und 5 15IAL7 (ohne Touch!)<\/p>\n<p><\/span><\/strong><\/p>\n<p>R\u00fcsten Sie Ihr Lenovo IdeaPad mit einem hochwertigen, matten 15,6-Zoll-LCD-Bildschirm auf, der speziell f\u00fcr die Modelle <strong>IdeaPad 3-15ITL6, 3-15ALC6, 1 15ALC7, 3 15ABA7, 3 15IAU7 und 5 15IAL7<\/strong> (ohne Touch) entwickelt wurde. Dieser Bildschirm bietet eine hervorragende Full HD-Aufl\u00f6sung (FHD), ein lebendiges <strong>IPS-Display<\/strong> und eine entspiegelte, matte Oberfl\u00e4che f\u00fcr Komfortables Betrachten in jeder Umgebung.<\/p>\n<p>Der Bildschirm l\u00e4sst sich nahtlos \u00fcber eine <strong>30-polige eDP-Schnittstelle<\/strong> anschlie\u00dfen und gew\u00e4hrleistet so Kompatibilit\u00e4t und einfache Installation. Im Lieferumfang sind <strong>doppelseitige Klebestreifen<\/strong> enthalten, sodass keine oberen und unteren Halterungen erforderlich sind und der Austausch unkompliziert ist.<\/p>\n<p>Dieses brandneue Display eignet sich perfekt f\u00fcr den Austausch besch\u00e4digter oder veralteter Bildschirme und bietet gestochen scharfe Bilder, weite Betrachtungswinkel und eine robuste Bauweise, um die Spitzenleistung Ihres Laptops wiederherzustellen. Ideal f\u00fcr Studenten, Berufst\u00e4tige und alle, die Wert auf ein hochwertiges Display legen.<\/p>\n<p><strong>Hauptmerkmale<\/strong>:<\/p>\n<ul>\n<li><strong>Kompatibilit\u00e4t<\/strong>: Lenovo IdeaPad 3-15ITL6, 3-15ALC6, 1 15ALC7, 3 15ABA7, 3 15IAU7, 5 15IAL7 (ohne Touch).<\/li>\n<li><strong>Displaytyp<\/strong>: 15,6\u2033 matt, IPS, Full HD (FHD).<\/li>\n<li><strong>Anschluss<\/strong>: 30-polige eDP-Schnittstelle.<\/li>\n<li><strong>Installation<\/strong>: Keine Halterungen erforderlich, doppelseitige Klebestreifen enthalten.<\/li>\n<li><strong>Zustand<\/strong>: Brandneu f\u00fcr ein gestochen scharfes, lebendiges Displayerlebnis.<\/li>\n<\/ul>\n<p>Ersetzen Sie Ihren Bildschirm m\u00fchelos und genie\u00dfen Sie atemberaubende Bilder mit diesem langlebigen und zuverl\u00e4ssigen LCD-Bildschirm. Stellen Sie die Funktionalit\u00e4t Ihres Laptops noch heute wieder her!<\/p>\n<p>\u00a0<\/p>\n","protected":false},"excerpt":{"rendered":"<p>Brandneuer 15,6-Zoll-IPS-LCD-Bildschirm mit matter Bildschirmdiagonale f\u00fcr Lenovo IdeaPad-Modelle (ohne Touchscreen). Mit Full-HD-Aufl\u00f6sung, eDP-30-Pin-Schnittstelle und doppelseitigen Klebestreifen f\u00fcr eine einfache Installation. Keine Halterungen erforderlich.<\/p>\n","protected":false},"featured_media":15243,"template":"","meta":[],"product_brand":[],"product_cat":[105,95],"product_tag":[62],"class_list":{"0":"post-16370","1":"product","2":"type-product","3":"status-publish","4":"has-post-thumbnail","6":"product_cat-15-6-new-laptop-screens-lcd-panels","7":"product_cat-new-laptop-screens-lcd-panels","8":"product_tag-lenovo","10":"first","11":"instock","12":"taxable","13":"shipping-taxable","14":"purchasable","15":"product-type-simple"},"_links":{"self":[{"href":"https:\/\/boreait.com\/de\/wp-json\/wp\/v2\/product\/16370","targetHints":{"allow":["GET"]}}],"collection":[{"href":"https:\/\/boreait.com\/de\/wp-json\/wp\/v2\/product"}],"about":[{"href":"https:\/\/boreait.com\/de\/wp-json\/wp\/v2\/types\/product"}],"wp:featuredmedia":[{"embeddable":true,"href":"https:\/\/boreait.com\/de\/wp-json\/wp\/v2\/media\/15243"}],"wp:attachment":[{"href":"https:\/\/boreait.com\/de\/wp-json\/wp\/v2\/media?parent=16370"}],"wp:term":[{"taxonomy":"product_brand","embeddable":true,"href":"https:\/\/boreait.com\/de\/wp-json\/wp\/v2\/product_brand?post=16370"},{"taxonomy":"product_cat","embeddable":true,"href":"https:\/\/boreait.com\/de\/wp-json\/wp\/v2\/product_cat?post=16370"},{"taxonomy":"product_tag","embeddable":true,"href":"https:\/\/boreait.com\/de\/wp-json\/wp\/v2\/product_tag?post=16370"}],"curies":[{"name":"wp","href":"https:\/\/api.w.org\/{rel}","templated":true}]}}