{"id":16366,"date":"2025-09-16T13:52:04","date_gmt":"2025-09-16T11:52:04","guid":{"rendered":"https:\/\/boreait.com\/de\/?post_type=product&#038;p=16366"},"modified":"2025-09-16T13:52:22","modified_gmt":"2025-09-16T11:52:22","slug":"neu-lenovo-thinkpad-x250-lcd-bildschirm-125-wxga-1366x768-30-pin-matte","status":"publish","type":"product","link":"https:\/\/boreait.com\/de\/produkt\/neu-lenovo-thinkpad-x250-lcd-bildschirm-125-wxga-1366x768-30-pin-matte\/","title":{"rendered":"Neu Lenovo ThinkPad X250 LCD Bildschirm 12,5 &#8222;WXGA 1366&#215;768 30-pin Matte"},"content":{"rendered":"<p><strong>Aktuelles LCD-Bildschirmmodell: NT125WHM-N43 \u2013 VOLLST\u00c4NDIG KOMPATIBEL MIT DEM LAPTOP-BILDSCHIRM Lenovo ThinkPad X250<\/strong><\/p>\n<p>Ersetzen Sie Ihr Laptop-Display mit diesem hochwertigen LCD-Bildschirm f\u00fcr das Lenovo ThinkPad X250. Dieser 12,5-Zoll-Bildschirm bietet eine gestochen scharfe WXGA-Aufl\u00f6sung von 1366 x 768 Pixeln und liefert scharfe, klare Bilder mit lebendigen Farben. Die matte Oberfl\u00e4che sorgt f\u00fcr eine bessere Sichtbarkeit bei unterschiedlichen Lichtverh\u00e4ltnissen und eignet sich perfekt f\u00fcr die t\u00e4gliche Arbeit oder den Medienkonsum. Dank des 30-poligen eDP-Anschlusses ist er einfach zu installieren und mit Ihrem bestehenden Lenovo ThinkPad X250 kompatibel. Der Bildschirm wird ohne obere und untere Halterung geliefert, verf\u00fcgt jedoch \u00fcber doppelseitiges Klebeband f\u00fcr eine nahtlose Installation. Dieser neuwertige LCD-Bildschirm ist ein zuverl\u00e4ssiger Ersatz, um die Bildqualit\u00e4t Ihres Laptops wiederherzustellen.<\/p>\n","protected":false},"excerpt":{"rendered":"<p>Neuer 12,5&#8243; Lenovo ThinkPad X250 LCD-Bildschirm, 1366 x 768 WXGA, 30-poliger eDP, matt, inklusive doppelseitigem Klebeband. Keine oberen und unteren Halterungen.<\/p>\n","protected":false},"featured_media":16375,"template":"","meta":[],"product_brand":[],"product_cat":[111,95],"product_tag":[],"class_list":{"0":"post-16366","1":"product","2":"type-product","3":"status-publish","4":"has-post-thumbnail","6":"product_cat-12-5-new-laptop-screens-lcd-panels","7":"product_cat-new-laptop-screens-lcd-panels","9":"first","10":"instock","11":"taxable","12":"shipping-taxable","13":"purchasable","14":"product-type-simple"},"_links":{"self":[{"href":"https:\/\/boreait.com\/de\/wp-json\/wp\/v2\/product\/16366","targetHints":{"allow":["GET"]}}],"collection":[{"href":"https:\/\/boreait.com\/de\/wp-json\/wp\/v2\/product"}],"about":[{"href":"https:\/\/boreait.com\/de\/wp-json\/wp\/v2\/types\/product"}],"wp:featuredmedia":[{"embeddable":true,"href":"https:\/\/boreait.com\/de\/wp-json\/wp\/v2\/media\/16375"}],"wp:attachment":[{"href":"https:\/\/boreait.com\/de\/wp-json\/wp\/v2\/media?parent=16366"}],"wp:term":[{"taxonomy":"product_brand","embeddable":true,"href":"https:\/\/boreait.com\/de\/wp-json\/wp\/v2\/product_brand?post=16366"},{"taxonomy":"product_cat","embeddable":true,"href":"https:\/\/boreait.com\/de\/wp-json\/wp\/v2\/product_cat?post=16366"},{"taxonomy":"product_tag","embeddable":true,"href":"https:\/\/boreait.com\/de\/wp-json\/wp\/v2\/product_tag?post=16366"}],"curies":[{"name":"wp","href":"https:\/\/api.w.org\/{rel}","templated":true}]}}