{"id":16364,"date":"2025-09-16T13:52:04","date_gmt":"2025-09-16T11:52:04","guid":{"rendered":"https:\/\/boreait.com\/de\/?post_type=product&#038;p=16364"},"modified":"2025-09-16T13:52:22","modified_gmt":"2025-09-16T11:52:22","slug":"neuer-lcd-bildschirm-fuer-lenovo-thinkpad-x230s-125-zoll-wxga-1366-x-768-30-poliges-edp","status":"publish","type":"product","link":"https:\/\/boreait.com\/de\/produkt\/neuer-lcd-bildschirm-fuer-lenovo-thinkpad-x230s-125-zoll-wxga-1366-x-768-30-poliges-edp\/","title":{"rendered":"Neuer LCD-Bildschirm f\u00fcr Lenovo ThinkPad X230s, 12,5 Zoll WXGA 1366 x 768, 30-poliges eDP"},"content":{"rendered":"<p><strong>Aktuelles LCD-Bildschirmmodell: NT125WHM-N43 \u2013 VOLLST\u00c4NDIG KOMPATIBEL MIT DEM LAPTOP-BILDSCHIRM Lenovo ThinkPad X230s<\/strong><\/p>\n<p>Dieser brandneue LCD-Bildschirm ist mit dem Lenovo ThinkPad X230s kompatibel und bietet einen zuverl\u00e4ssigen Ersatz f\u00fcr Ihr besch\u00e4digtes oder defektes Display. Der matte 12,5-Zoll-Bildschirm bietet eine WXGA-Aufl\u00f6sung von 1366 x 768 Pixeln und liefert klare, scharfe Bilder \u2013 ideal f\u00fcr Arbeit und Unterhaltung. Dank der 30-poligen eDP-Schnittstelle ist er f\u00fcr eine nahtlose Integration konzipiert. Der Bildschirm wird ohne obere und untere Halterungen geliefert, jedoch mit doppelseitigem Klebeband f\u00fcr eine einfachere und sicherere Installation. Perfekt f\u00fcr alle, die die Displayqualit\u00e4t ihres Lenovo ThinkPad X230s wiederherstellen m\u00f6chten.<\/p>\n","protected":false},"excerpt":{"rendered":"<p>Neuer 12,5-Zoll-LCD-Bildschirm f\u00fcr Lenovo ThinkPad X230s, 1366 x 768 WXGA, 30-poliger eDP. Mattes Finish, Klebeband im Lieferumfang enthalten. Keine oberen\/unteren Halterungen.<\/p>\n","protected":false},"featured_media":16375,"template":"","meta":[],"product_brand":[],"product_cat":[111,95],"product_tag":[],"class_list":{"0":"post-16364","1":"product","2":"type-product","3":"status-publish","4":"has-post-thumbnail","6":"product_cat-12-5-new-laptop-screens-lcd-panels","7":"product_cat-new-laptop-screens-lcd-panels","9":"first","10":"instock","11":"taxable","12":"shipping-taxable","13":"purchasable","14":"product-type-simple"},"_links":{"self":[{"href":"https:\/\/boreait.com\/de\/wp-json\/wp\/v2\/product\/16364","targetHints":{"allow":["GET"]}}],"collection":[{"href":"https:\/\/boreait.com\/de\/wp-json\/wp\/v2\/product"}],"about":[{"href":"https:\/\/boreait.com\/de\/wp-json\/wp\/v2\/types\/product"}],"wp:featuredmedia":[{"embeddable":true,"href":"https:\/\/boreait.com\/de\/wp-json\/wp\/v2\/media\/16375"}],"wp:attachment":[{"href":"https:\/\/boreait.com\/de\/wp-json\/wp\/v2\/media?parent=16364"}],"wp:term":[{"taxonomy":"product_brand","embeddable":true,"href":"https:\/\/boreait.com\/de\/wp-json\/wp\/v2\/product_brand?post=16364"},{"taxonomy":"product_cat","embeddable":true,"href":"https:\/\/boreait.com\/de\/wp-json\/wp\/v2\/product_cat?post=16364"},{"taxonomy":"product_tag","embeddable":true,"href":"https:\/\/boreait.com\/de\/wp-json\/wp\/v2\/product_tag?post=16364"}],"curies":[{"name":"wp","href":"https:\/\/api.w.org\/{rel}","templated":true}]}}