{"id":16362,"date":"2025-09-16T13:52:04","date_gmt":"2025-09-16T11:52:04","guid":{"rendered":"https:\/\/boreait.com\/de\/?post_type=product&#038;p=16362"},"modified":"2025-09-16T13:52:21","modified_gmt":"2025-09-16T11:52:21","slug":"nt125whm-n43-125-lcd-bildschirm-wxga-1366x768-matt-30-pin-edp-klebeband","status":"publish","type":"product","link":"https:\/\/boreait.com\/de\/produkt\/nt125whm-n43-125-lcd-bildschirm-wxga-1366x768-matt-30-pin-edp-klebeband\/","title":{"rendered":"NT125WHM-N43 12,5&#8243; LCD-Bildschirm WXGA 1366&#215;768 Matt 30-Pin eDP + Klebeband"},"content":{"rendered":"<p>R\u00fcsten Sie Ihren Laptop mit dem LCD-Bildschirm NT125WHM-N43 auf \u2013 entwickelt f\u00fcr au\u00dfergew\u00f6hnliche Anzeigequalit\u00e4t und Zuverl\u00e4ssigkeit. Dieser matte 12,5-Zoll-WXGA-Bildschirm (1366 x 768) verf\u00fcgt \u00fcber einen 30-poligen eDP-Anschluss und sorgt f\u00fcr eine fl\u00fcssige, gestochen scharfe Darstellung bei allen Ihren Computeranforderungen. Da dieser Bildschirm keine oberen und unteren Halterungen ben\u00f6tigt, eignet er sich ideal f\u00fcr den Selbstaustausch oder die Reparatur. Das mitgelieferte doppelseitige Klebeband vereinfacht die Installation und sorgt f\u00fcr einen sicheren Sitz. Egal, ob Sie einen besch\u00e4digten Bildschirm austauschen oder Ihr Laptop-Display aufr\u00fcsten m\u00f6chten \u2013 dieses brandneue, hochwertige LCD ist die ideale Wahl. Sorgen Sie mit dem NT125WHM-N43 f\u00fcr optimale Leistung und brillante Bildqualit\u00e4t.<\/p>\n","protected":false},"excerpt":{"rendered":"<p>NT125WHM-N43 LCD-Bildschirm, 12,5&#8243;, 1366 x 768 WXGA, matt, 30-Pin eDP, ohne Halterungen, doppelseitiges Klebeband im Lieferumfang enthalten. Neu, ideal f\u00fcr Laptop-Reparaturen.<\/p>\n<p>&nbsp;<\/p>\n","protected":false},"featured_media":16375,"template":"","meta":[],"product_brand":[],"product_cat":[111,95],"product_tag":[],"class_list":{"0":"post-16362","1":"product","2":"type-product","3":"status-publish","4":"has-post-thumbnail","6":"product_cat-12-5-new-laptop-screens-lcd-panels","7":"product_cat-new-laptop-screens-lcd-panels","9":"first","10":"instock","11":"taxable","12":"shipping-taxable","13":"purchasable","14":"product-type-simple"},"_links":{"self":[{"href":"https:\/\/boreait.com\/de\/wp-json\/wp\/v2\/product\/16362","targetHints":{"allow":["GET"]}}],"collection":[{"href":"https:\/\/boreait.com\/de\/wp-json\/wp\/v2\/product"}],"about":[{"href":"https:\/\/boreait.com\/de\/wp-json\/wp\/v2\/types\/product"}],"wp:featuredmedia":[{"embeddable":true,"href":"https:\/\/boreait.com\/de\/wp-json\/wp\/v2\/media\/16375"}],"wp:attachment":[{"href":"https:\/\/boreait.com\/de\/wp-json\/wp\/v2\/media?parent=16362"}],"wp:term":[{"taxonomy":"product_brand","embeddable":true,"href":"https:\/\/boreait.com\/de\/wp-json\/wp\/v2\/product_brand?post=16362"},{"taxonomy":"product_cat","embeddable":true,"href":"https:\/\/boreait.com\/de\/wp-json\/wp\/v2\/product_cat?post=16362"},{"taxonomy":"product_tag","embeddable":true,"href":"https:\/\/boreait.com\/de\/wp-json\/wp\/v2\/product_tag?post=16362"}],"curies":[{"name":"wp","href":"https:\/\/api.w.org\/{rel}","templated":true}]}}