{"id":16360,"date":"2025-09-16T13:52:03","date_gmt":"2025-09-16T11:52:03","guid":{"rendered":"https:\/\/boreait.com\/de\/?post_type=product&#038;p=16360"},"modified":"2025-09-16T13:52:20","modified_gmt":"2025-09-16T11:52:20","slug":"125-lcd-bildschirm-01en374-00ny682-fhd-ips-matt-30-pin-edp-klebeband-neu","status":"publish","type":"product","link":"https:\/\/boreait.com\/de\/produkt\/125-lcd-bildschirm-01en374-00ny682-fhd-ips-matt-30-pin-edp-klebeband-neu\/","title":{"rendered":"12,5&#8243; LCD-Bildschirm 01EN374 00NY682 FHD IPS Matt 30 Pin EDP + Klebeband Neu"},"content":{"rendered":"<p><strong>Aktuelles LCD-Bildschirmmodell: B125HAN02.2 V.5 \u2013 VOLLKOMPATIBEL MIT LAPTOP-BILDSCHIRM 01EN374, 00NY682<\/strong><\/p>\n<p>Dieser brandneue 12,5-Zoll-LCD-Bildschirm (Modell 01EN374 00NY682) ist ein hochwertiger Ersatz f\u00fcr Laptops, die ein Upgrade oder einen Austausch des Displays ben\u00f6tigen. Mit Full HD (FHD)-Aufl\u00f6sung sorgt die IPS-Technologie f\u00fcr atemberaubende Klarheit und lebendige Farben, w\u00e4hrend die matte Oberfl\u00e4che Blendeffekte reduziert und so ein angenehmeres Seherlebnis erm\u00f6glicht. Mit einem 30-poligen Anschluss, einer EDP-Schnittstelle und einer Bildwiederholfrequenz von 60 Hz ist er perfekt f\u00fcr eine Vielzahl von Laptop-Modellen geeignet. Der Bildschirm wird ohne obere und untere Halterungen geliefert, verf\u00fcgt aber \u00fcber doppelseitiges Klebeband f\u00fcr eine einfache Montage. Ideal, um den Bildschirm Ihres Laptops wieder in einen makellosen Zustand zu versetzen \u2013 garantiert in neuwertigem Zustand.<\/p>\n","protected":false},"excerpt":{"rendered":"<p>Nagelneuer 12,5&#8243; FHD LCD Bildschirm (01EN374 00NY682), matt, IPS, 30-Pin, EDP, inklusive Klebeband. Perfektes Ersatzdisplay f\u00fcr Laptops.<\/p>\n","protected":false},"featured_media":16374,"template":"","meta":[],"product_brand":[],"product_cat":[111,95],"product_tag":[],"class_list":{"0":"post-16360","1":"product","2":"type-product","3":"status-publish","4":"has-post-thumbnail","6":"product_cat-12-5-new-laptop-screens-lcd-panels","7":"product_cat-new-laptop-screens-lcd-panels","9":"first","10":"instock","11":"taxable","12":"shipping-taxable","13":"purchasable","14":"product-type-simple"},"_links":{"self":[{"href":"https:\/\/boreait.com\/de\/wp-json\/wp\/v2\/product\/16360","targetHints":{"allow":["GET"]}}],"collection":[{"href":"https:\/\/boreait.com\/de\/wp-json\/wp\/v2\/product"}],"about":[{"href":"https:\/\/boreait.com\/de\/wp-json\/wp\/v2\/types\/product"}],"wp:featuredmedia":[{"embeddable":true,"href":"https:\/\/boreait.com\/de\/wp-json\/wp\/v2\/media\/16374"}],"wp:attachment":[{"href":"https:\/\/boreait.com\/de\/wp-json\/wp\/v2\/media?parent=16360"}],"wp:term":[{"taxonomy":"product_brand","embeddable":true,"href":"https:\/\/boreait.com\/de\/wp-json\/wp\/v2\/product_brand?post=16360"},{"taxonomy":"product_cat","embeddable":true,"href":"https:\/\/boreait.com\/de\/wp-json\/wp\/v2\/product_cat?post=16360"},{"taxonomy":"product_tag","embeddable":true,"href":"https:\/\/boreait.com\/de\/wp-json\/wp\/v2\/product_tag?post=16360"}],"curies":[{"name":"wp","href":"https:\/\/api.w.org\/{rel}","templated":true}]}}