{"id":16358,"date":"2025-09-16T13:52:03","date_gmt":"2025-09-16T11:52:03","guid":{"rendered":"https:\/\/boreait.com\/de\/?post_type=product&#038;p=16358"},"modified":"2025-09-16T13:52:19","modified_gmt":"2025-09-16T11:52:19","slug":"125-lcd-bildschirm-m125nwf4-fhd-ips-60hz-30-pin-matt-edp-mit-klebeband-neu","status":"publish","type":"product","link":"https:\/\/boreait.com\/de\/produkt\/125-lcd-bildschirm-m125nwf4-fhd-ips-60hz-30-pin-matt-edp-mit-klebeband-neu\/","title":{"rendered":"12,5&#8243; LCD-Bildschirm M125NWF4 FHD IPS 60Hz 30 Pin Matt eDP mit Klebeband Neu"},"content":{"rendered":"<p><strong>Aktuelles LCD-Bildschirmmodell: B125HAN02.2 V.5 \u2013 VOLLST\u00c4NDIG KOMPATIBEL MIT LAPTOP-BILDSCHIRM M125NWF4<\/strong><\/p>\n<p>Dieser brandneue M125NWF4 LCD-Bildschirm ist der perfekte Ersatz f\u00fcr Ihr Ger\u00e4t. Er bietet dank seines IPS-Panels eine scharfe 12,5-Zoll-Full-HD-Aufl\u00f6sung (1920 x 1080) und lebendige Farben. Er verf\u00fcgt \u00fcber eine Bildwiederholfrequenz von 60 Hz und eine matte Oberfl\u00e4che, die Blendeffekte reduziert. Damit eignet er sich ideal f\u00fcr den Au\u00dfenbereich oder helle Umgebungen. Die 30-polige eDP-Schnittstelle gew\u00e4hrleistet die Kompatibilit\u00e4t mit verschiedenen Laptops. Dieser Bildschirm wird ohne obere und untere Halterungen geliefert, jedoch mit doppelseitigem Klebeband f\u00fcr eine einfache Montage. Egal, ob Sie einen besch\u00e4digten Bildschirm ersetzen oder das Display Ihres Laptops aufr\u00fcsten m\u00f6chten \u2013 dieser Bildschirm ist eine hochwertige und zuverl\u00e4ssige Wahl.<\/p>\n<p><strong>Spezifikationen:<\/strong><\/p>\n<ul>\n<li><strong>Gr\u00f6\u00dfe:<\/strong> 12,5 Zoll<\/li>\n<li><strong>Aufl\u00f6sung:<\/strong> Full HD (1920 x 1080)<\/li>\n<li><strong>Paneltyp:<\/strong> IPS<\/li>\n<li><strong>Bildwiederholfrequenz:<\/strong> 60 Hz<\/li>\n<li><strong>Schnittstelle:<\/strong> 30-Pin eDP<\/li>\n<li><strong>Oberfl\u00e4che:<\/strong> Matt (entspiegelt)<\/li>\n<li><strong>Zustand:<\/strong> Neu<\/li>\n<li><strong>Lieferumfang:<\/strong> Doppelseitiges Klebeband<\/li>\n<li><strong>Hinweis:<\/strong> Keine oberen und unteren Halterungen enthalten<\/li>\n<\/ul>\n","protected":false},"excerpt":{"rendered":"<p>Dieser neue M125NWF4-LCD-Bildschirm bietet ein 12,5-Zoll-Full-HD-IPS-Display mit matter Oberfl\u00e4che, 60 Hz Bildwiederholfrequenz und einer 30-poligen eDP-Schnittstelle. Er ist ideal f\u00fcr den Laptop-Austausch und wird mit doppelseitigem Klebeband f\u00fcr eine einfache Installation geliefert, jedoch ohne obere und untere Halterungen.<\/p>\n","protected":false},"featured_media":16374,"template":"","meta":[],"product_brand":[],"product_cat":[111,95],"product_tag":[],"class_list":{"0":"post-16358","1":"product","2":"type-product","3":"status-publish","4":"has-post-thumbnail","6":"product_cat-12-5-new-laptop-screens-lcd-panels","7":"product_cat-new-laptop-screens-lcd-panels","9":"first","10":"instock","11":"taxable","12":"shipping-taxable","13":"purchasable","14":"product-type-simple"},"_links":{"self":[{"href":"https:\/\/boreait.com\/de\/wp-json\/wp\/v2\/product\/16358","targetHints":{"allow":["GET"]}}],"collection":[{"href":"https:\/\/boreait.com\/de\/wp-json\/wp\/v2\/product"}],"about":[{"href":"https:\/\/boreait.com\/de\/wp-json\/wp\/v2\/types\/product"}],"wp:featuredmedia":[{"embeddable":true,"href":"https:\/\/boreait.com\/de\/wp-json\/wp\/v2\/media\/16374"}],"wp:attachment":[{"href":"https:\/\/boreait.com\/de\/wp-json\/wp\/v2\/media?parent=16358"}],"wp:term":[{"taxonomy":"product_brand","embeddable":true,"href":"https:\/\/boreait.com\/de\/wp-json\/wp\/v2\/product_brand?post=16358"},{"taxonomy":"product_cat","embeddable":true,"href":"https:\/\/boreait.com\/de\/wp-json\/wp\/v2\/product_cat?post=16358"},{"taxonomy":"product_tag","embeddable":true,"href":"https:\/\/boreait.com\/de\/wp-json\/wp\/v2\/product_tag?post=16358"}],"curies":[{"name":"wp","href":"https:\/\/api.w.org\/{rel}","templated":true}]}}