{"id":16355,"date":"2025-09-16T13:52:03","date_gmt":"2025-09-16T11:52:03","guid":{"rendered":"https:\/\/boreait.com\/de\/?post_type=product&#038;p=16355"},"modified":"2025-09-16T13:52:17","modified_gmt":"2025-09-16T11:52:17","slug":"neuer-133-zoll-lcd-bildschirm-0dtmd6-matt-wxga-1366-x-768-30-polig-edp-ohne-touch-mit-halterungen","status":"publish","type":"product","link":"https:\/\/boreait.com\/de\/produkt\/neuer-133-zoll-lcd-bildschirm-0dtmd6-matt-wxga-1366-x-768-30-polig-edp-ohne-touch-mit-halterungen\/","title":{"rendered":"Neuer 13,3-Zoll-LCD-Bildschirm 0DTMD6, matt, WXGA, 1366 x 768, 30-polig, eDP, ohne Touch, mit Halterungen"},"content":{"rendered":"<p><strong>Aktuelles LCD-Bildschirmmodell: NT133WHM-N46 \u2013 VOLLST\u00c4NDIG KOMPATIBEL MIT LAPTOP-BILDSCHIRM 0DTMD6<\/strong><\/p>\n<p>Erneuern oder r\u00fcsten Sie Ihr Laptop-Display mit diesem hochwertigen 13,3-Zoll-LCD-Bildschirm (Modell: 0DTMD6) auf. Er wurde f\u00fcr Laptops ohne Touch entwickelt und verf\u00fcgt \u00fcber eine matte Oberfl\u00e4che, die Blendeffekte reduziert und den Sehkomfort erh\u00f6ht. Der Bildschirm bietet eine WXGA-Aufl\u00f6sung von 1366 x 768 Pixeln und liefert gestochen scharfe Bilder. Dank 30-poligem Anschluss und eDP-Schnittstelle ist dieser Bildschirm mit einer Vielzahl von Laptops kompatibel, die ein Nicht-IPS-Display mit LED-Beleuchtung ben\u00f6tigen. Die mitgelieferten Halterungen oben und unten gew\u00e4hrleisten eine einfache und sichere Installation. Egal, ob Sie einen besch\u00e4digten Bildschirm ersetzen oder einen alten aufr\u00fcsten, dieser neue LCD-Bildschirm bietet zuverl\u00e4ssige Leistung und brillante Bildqualit\u00e4t. Zustand: Neu.<\/p>\n","protected":false},"excerpt":{"rendered":"<p>Dieser brandneue 13,3-Zoll-LCD-Bildschirm (Modell: 0DTMD6) ist ein perfekter Ersatz f\u00fcr Ihr Laptop-Display. Mit einem 30-poligen Anschluss bietet er eine matte Oberfl\u00e4che, eine WXGA-Aufl\u00f6sung von 1366 x 768 und eine eDP-Schnittstelle. Dieser Bildschirm ist ideal f\u00fcr Modelle ohne Touchscreen und verf\u00fcgt \u00fcber obere und untere Halterungen f\u00fcr eine einfache Installation.<\/p>\n","protected":false},"featured_media":16373,"template":"","meta":[],"product_brand":[],"product_cat":[112,95],"product_tag":[],"class_list":{"0":"post-16355","1":"product","2":"type-product","3":"status-publish","4":"has-post-thumbnail","6":"product_cat-13-3-new-laptop-screens-lcd-panels","7":"product_cat-new-laptop-screens-lcd-panels","9":"first","10":"instock","11":"taxable","12":"shipping-taxable","13":"purchasable","14":"product-type-simple"},"_links":{"self":[{"href":"https:\/\/boreait.com\/de\/wp-json\/wp\/v2\/product\/16355","targetHints":{"allow":["GET"]}}],"collection":[{"href":"https:\/\/boreait.com\/de\/wp-json\/wp\/v2\/product"}],"about":[{"href":"https:\/\/boreait.com\/de\/wp-json\/wp\/v2\/types\/product"}],"wp:featuredmedia":[{"embeddable":true,"href":"https:\/\/boreait.com\/de\/wp-json\/wp\/v2\/media\/16373"}],"wp:attachment":[{"href":"https:\/\/boreait.com\/de\/wp-json\/wp\/v2\/media?parent=16355"}],"wp:term":[{"taxonomy":"product_brand","embeddable":true,"href":"https:\/\/boreait.com\/de\/wp-json\/wp\/v2\/product_brand?post=16355"},{"taxonomy":"product_cat","embeddable":true,"href":"https:\/\/boreait.com\/de\/wp-json\/wp\/v2\/product_cat?post=16355"},{"taxonomy":"product_tag","embeddable":true,"href":"https:\/\/boreait.com\/de\/wp-json\/wp\/v2\/product_tag?post=16355"}],"curies":[{"name":"wp","href":"https:\/\/api.w.org\/{rel}","templated":true}]}}