{"id":16329,"date":"2025-09-16T13:51:39","date_gmt":"2025-09-16T11:51:39","guid":{"rendered":"https:\/\/boreait.com\/de\/?post_type=product&#038;p=16329"},"modified":"2025-09-16T13:51:53","modified_gmt":"2025-09-16T11:51:53","slug":"0wcdnh-116-lcd-bildschirm-1366x768-hd-matte-led-30pin-non-touch-mit-halterungen","status":"publish","type":"product","link":"https:\/\/boreait.com\/de\/produkt\/0wcdnh-116-lcd-bildschirm-1366x768-hd-matte-led-30pin-non-touch-mit-halterungen\/","title":{"rendered":"0WCDNH 11,6&#8243; LCD-Bildschirm 1366&#215;768 HD Matte LED 30pin Non-Touch mit Halterungen"},"content":{"rendered":"<p><strong>Aktuelles LCD-Bildschirmmodell: MB116AN01-3 Version 1.1 \u2013 VOLLST\u00c4NDIG KOMPATIBEL MIT LAPTOP-BILDSCHIRM 0WCDNH<\/strong><\/p>\n<p>Optimieren Sie Ihr Laptop-Display mit dem 11,6-Zoll-LCD-Bildschirm 0WCDNH f\u00fcr klare und lebendige Bilder. Mit einer HD-Aufl\u00f6sung von 1366 x 768 Pixeln liefert dieser Breitbild-Bildschirm scharfe Bilder \u2013 perfekt f\u00fcr den t\u00e4glichen Gebrauch. Die matte Oberfl\u00e4che reduziert Blendeffekte und eignet sich daher ideal f\u00fcr Arbeiten bei unterschiedlichen Lichtverh\u00e4ltnissen. Der 30-polige eDP-Anschluss sorgt f\u00fcr eine sichere und stabile Verbindung.<\/p>\n<p>Dieser Bildschirm wird mit Halterungen f\u00fcr links und rechts geliefert, was die Installation vereinfacht. Der Bildschirm ohne Touchscreen ist ideal f\u00fcr die Nutzung mit Standard-Laptops. Obwohl er kein IPS-Display ist, sorgt die LED-Technologie f\u00fcr helle und klare Bilder. Egal, ob Sie einen defekten Bildschirm ersetzen oder auf ein besseres Modell umsteigen m\u00f6chten, der 0WCDNH LCD-Bildschirm ist eine zuverl\u00e4ssige Wahl.<\/p>\n<p>Dieser Bildschirm ist neuwertig und daher kostenlos frei von M\u00e4ngeln und einbaufertig.<\/p>\n","protected":false},"excerpt":{"rendered":"<p>R\u00fcsten Sie Ihren Laptop mit dem 11,6-Zoll-LCD-Bildschirm 0WCDNH auf. Mit einer HD-Aufl\u00f6sung von 1366 x 768, einer matten Oberfl\u00e4che und einem 30-poligen eDP-Anschluss bietet er eine klare Darstellung. Inklusive linker und rechter Halterung f\u00fcr eine einfache Installation. Zustand: Neu.<\/p>\n","protected":false},"featured_media":16310,"template":"","meta":[],"product_brand":[],"product_cat":[109,95],"product_tag":[],"class_list":{"0":"post-16329","1":"product","2":"type-product","3":"status-publish","4":"has-post-thumbnail","6":"product_cat-11-6-new-laptop-screens-lcd-panels","7":"product_cat-new-laptop-screens-lcd-panels","9":"first","10":"instock","11":"taxable","12":"shipping-taxable","13":"purchasable","14":"product-type-simple"},"_links":{"self":[{"href":"https:\/\/boreait.com\/de\/wp-json\/wp\/v2\/product\/16329","targetHints":{"allow":["GET"]}}],"collection":[{"href":"https:\/\/boreait.com\/de\/wp-json\/wp\/v2\/product"}],"about":[{"href":"https:\/\/boreait.com\/de\/wp-json\/wp\/v2\/types\/product"}],"wp:featuredmedia":[{"embeddable":true,"href":"https:\/\/boreait.com\/de\/wp-json\/wp\/v2\/media\/16310"}],"wp:attachment":[{"href":"https:\/\/boreait.com\/de\/wp-json\/wp\/v2\/media?parent=16329"}],"wp:term":[{"taxonomy":"product_brand","embeddable":true,"href":"https:\/\/boreait.com\/de\/wp-json\/wp\/v2\/product_brand?post=16329"},{"taxonomy":"product_cat","embeddable":true,"href":"https:\/\/boreait.com\/de\/wp-json\/wp\/v2\/product_cat?post=16329"},{"taxonomy":"product_tag","embeddable":true,"href":"https:\/\/boreait.com\/de\/wp-json\/wp\/v2\/product_tag?post=16329"}],"curies":[{"name":"wp","href":"https:\/\/api.w.org\/{rel}","templated":true}]}}