{"id":16269,"date":"2025-09-16T13:49:58","date_gmt":"2025-09-16T11:49:58","guid":{"rendered":"https:\/\/boreait.com\/de\/?post_type=product&#038;p=16269"},"modified":"2025-09-16T13:51:20","modified_gmt":"2025-09-16T11:51:20","slug":"lcd-bildschirm-hp-17-by-serie-173-matt-hd-30-pin-mit-halterungen-neu","status":"publish","type":"product","link":"https:\/\/boreait.com\/de\/produkt\/lcd-bildschirm-hp-17-by-serie-173-matt-hd-30-pin-mit-halterungen-neu\/","title":{"rendered":"LCD-Bildschirm HP 17-BY Serie 17,3&#8243; Matt HD+ 30 Pin mit Halterungen Neu"},"content":{"rendered":"<p><strong>Aktuelles LCD-Bildschirmmodell: NT173WDM-N27 \u2013 VOLLST\u00c4NDIG KOMPATIBEL MIT LAPTOP-BILDSCHIRMEN F\u00dcR HP 17-BY-Serie (Modelle 17-BY0000 bis 17-BY3000) \u2013 ohne Touch<\/strong><\/p>\n<p>Optimieren Sie das Display Ihres HP 17-BY-Laptops (Modelle 17-BY0000 bis 17-BY3000) mit diesem hochwertigen 17,3-Zoll-LCD-Bildschirm. Mit einer Aufl\u00f6sung von 1600 x 900 (HD+) sorgt er f\u00fcr klare, detailreiche Bilder im Alltag. Der Bildschirm ohne Touch-Funktion und ohne IPS bietet zuverl\u00e4ssige Leistung mit einer matten Oberfl\u00e4che, die Blendeffekte minimiert und so auch bei l\u00e4ngerem Einsatz unter verschiedenen Lichtverh\u00e4ltnissen komfortabel ist.<\/p>\n<p>Ausgestattet mit einem 30-poligen eDP-Anschluss und LED-Hintergrundbeleuchtung bietet dieser Bildschirm einen effizienten Stromverbrauch bei gleichbleibender Helligkeit und Farbgenauigkeit. Die mitgelieferten oberen und unteren Halterungen vereinfachen die Installationsprozess, wodurch er f\u00fcr einen unkomplizierten Austausch geeignet ist. Dieser Bildschirm ist brandneu und garantiert ein fehlerfreies Produkt, das Ihr Seherlebnis verbessern wird.<\/p>\n","protected":false},"excerpt":{"rendered":"<p>R\u00fcsten Sie Ihren Laptop der HP 17-BY-Serie mit diesem 17,3-Zoll-HD+-LCD-Bildschirm auf. Mit 30-poligem eDP-Anschluss, matter Oberfl\u00e4che und LED-Hintergrundbeleuchtung bietet er klare, helle Bilder. Wird mit oberen und unteren Halterungen geliefert. Zustand: Neu.<\/p>\n","protected":false},"featured_media":16301,"template":"","meta":[],"product_brand":[],"product_cat":[96,95],"product_tag":[],"class_list":{"0":"post-16269","1":"product","2":"type-product","3":"status-publish","4":"has-post-thumbnail","6":"product_cat-17-3","7":"product_cat-new-laptop-screens-lcd-panels","9":"first","10":"instock","11":"taxable","12":"shipping-taxable","13":"purchasable","14":"product-type-simple"},"_links":{"self":[{"href":"https:\/\/boreait.com\/de\/wp-json\/wp\/v2\/product\/16269","targetHints":{"allow":["GET"]}}],"collection":[{"href":"https:\/\/boreait.com\/de\/wp-json\/wp\/v2\/product"}],"about":[{"href":"https:\/\/boreait.com\/de\/wp-json\/wp\/v2\/types\/product"}],"wp:featuredmedia":[{"embeddable":true,"href":"https:\/\/boreait.com\/de\/wp-json\/wp\/v2\/media\/16301"}],"wp:attachment":[{"href":"https:\/\/boreait.com\/de\/wp-json\/wp\/v2\/media?parent=16269"}],"wp:term":[{"taxonomy":"product_brand","embeddable":true,"href":"https:\/\/boreait.com\/de\/wp-json\/wp\/v2\/product_brand?post=16269"},{"taxonomy":"product_cat","embeddable":true,"href":"https:\/\/boreait.com\/de\/wp-json\/wp\/v2\/product_cat?post=16269"},{"taxonomy":"product_tag","embeddable":true,"href":"https:\/\/boreait.com\/de\/wp-json\/wp\/v2\/product_tag?post=16269"}],"curies":[{"name":"wp","href":"https:\/\/api.w.org\/{rel}","templated":true}]}}