{"id":16247,"date":"2025-09-16T13:49:35","date_gmt":"2025-09-16T11:49:35","guid":{"rendered":"https:\/\/boreait.com\/de\/?post_type=product&#038;p=16247"},"modified":"2025-09-16T13:51:04","modified_gmt":"2025-09-16T11:51:04","slug":"hp-probook-470-g3-g4-g5-173-zoll-fullhd-ips-matter-lcd-bildschirm-mit-halterungen-neu","status":"publish","type":"product","link":"https:\/\/boreait.com\/de\/produkt\/hp-probook-470-g3-g4-g5-173-zoll-fullhd-ips-matter-lcd-bildschirm-mit-halterungen-neu\/","title":{"rendered":"HP ProBook 470 G3 G4 G5 17,3 Zoll FullHD IPS matter LCD-Bildschirm mit Halterungen \u2013 Neu"},"content":{"rendered":"<p>Aktuelles Bildschirmmodell: N173HCE-E31 Rev. C2 \/ NV173FHM-N41 v8.0 \u2013 voll kompatibel mit HP ProBook 470 G3 G4 G5<\/strong><\/p>\n<p>Dieser brandneue 17,3-Zoll-LCD-Bildschirm wurde f\u00fcr die Modelle HP ProBook 470 G3, G4 und G5 entwickelt. Er bietet Full-HD-Aufl\u00f6sung (1920 x 1080), IPS-Technologie f\u00fcr lebendige Farben und eine matte Oberfl\u00e4che zur Reduzierung von Blendeffekten. Dank EDP und 30-poligem Anschluss ist dieser Bildschirm nahtlos kompatibel und l\u00e4sst sich problemlos installieren. Der Bildschirm wird inklusive Halterungen f\u00fcr die obere und untere Halterung geliefert. Egal, ob Sie einen besch\u00e4digten Bildschirm ersetzen oder aufr\u00fcsten, dieses hochwertige Panel liefert scharfe Bilder und zuverl\u00e4ssige Leistung. Perfekt f\u00fcr Anwender, die Wert auf scharfe Bilder und Langlebigkeit legen. Zustand: Neu.<\/p>\n","protected":false},"excerpt":{"rendered":"<p>R\u00fcsten Sie Ihr HP ProBook 470 G3, G4 oder G5 mit diesem matten 17,3-Zoll-FullHD-IPS-LCD-Bildschirm auf. Er verf\u00fcgt \u00fcber EDP und 30-poligen Anschluss und wird mit oberen und unteren Halterungen f\u00fcr eine einfache Installation geliefert. Genie\u00dfen Sie gestochen scharfe Bilder und ein blendfreies Erlebnis. Zustand: Neu.<\/p>\n","protected":false},"featured_media":15258,"template":"","meta":[],"product_brand":[],"product_cat":[96,95],"product_tag":[61],"class_list":{"0":"post-16247","1":"product","2":"type-product","3":"status-publish","4":"has-post-thumbnail","6":"product_cat-17-3","7":"product_cat-new-laptop-screens-lcd-panels","8":"product_tag-hp","10":"first","11":"instock","12":"taxable","13":"shipping-taxable","14":"purchasable","15":"product-type-simple"},"_links":{"self":[{"href":"https:\/\/boreait.com\/de\/wp-json\/wp\/v2\/product\/16247","targetHints":{"allow":["GET"]}}],"collection":[{"href":"https:\/\/boreait.com\/de\/wp-json\/wp\/v2\/product"}],"about":[{"href":"https:\/\/boreait.com\/de\/wp-json\/wp\/v2\/types\/product"}],"wp:featuredmedia":[{"embeddable":true,"href":"https:\/\/boreait.com\/de\/wp-json\/wp\/v2\/media\/15258"}],"wp:attachment":[{"href":"https:\/\/boreait.com\/de\/wp-json\/wp\/v2\/media?parent=16247"}],"wp:term":[{"taxonomy":"product_brand","embeddable":true,"href":"https:\/\/boreait.com\/de\/wp-json\/wp\/v2\/product_brand?post=16247"},{"taxonomy":"product_cat","embeddable":true,"href":"https:\/\/boreait.com\/de\/wp-json\/wp\/v2\/product_cat?post=16247"},{"taxonomy":"product_tag","embeddable":true,"href":"https:\/\/boreait.com\/de\/wp-json\/wp\/v2\/product_tag?post=16247"}],"curies":[{"name":"wp","href":"https:\/\/api.w.org\/{rel}","templated":true}]}}