{"id":16054,"date":"2025-09-16T13:41:47","date_gmt":"2025-09-16T11:41:47","guid":{"rendered":"https:\/\/boreait.com\/de\/?post_type=product&#038;p=16054"},"modified":"2025-09-16T13:45:59","modified_gmt":"2025-09-16T11:45:59","slug":"fujitsu-lifebook-u745-handauflage-tastaturabdeckung-mit-touchpad-und-tasten","status":"publish","type":"product","link":"https:\/\/boreait.com\/de\/produkt\/fujitsu-lifebook-u745-handauflage-tastaturabdeckung-mit-touchpad-und-tasten\/","title":{"rendered":"Fujitsu LifeBook U745 Handauflage-Tastaturabdeckung mit Touchpad und Tasten"},"content":{"rendered":"<p>Fujitsu LifeBook U745 Handballenauflage-Tastaturabdeckung mit Touchpad und Tasten<\/p>\n<p>Stellen Sie mit dieser kompletten Handballenauflage-Tastaturabdeckung das urspr\u00fcngliche Aussehen und die Funktionalit\u00e4t Ihres Fujitsu LifeBook U745 wieder her. Sie umfasst das Touchpad und beide Touchpad-Tasten und ist somit der perfekte Ersatz f\u00fcr abgenutzte oder besch\u00e4digte Teile.<\/p>\n<p>**Produktmerkmale:**<\/p>\n<p>\u2013 **Kompatibilit\u00e4t:** Speziell f\u00fcr das Fujitsu LifeBook U745 entwickelt.<\/p>\n<p>\u2013 **Komplettset:** Enth\u00e4lt Handballenauflage, Touchpad und Touchpad-Tasten f\u00fcr volle Funktionalit\u00e4t.<\/p>\n<p>\u2013 **Originalteile:** Direkter Ersatz f\u00fcr Ihre Originalteile, garantiert gleiche Passform und Funktionalit\u00e4t.<\/p>\n<p>\u2013 **Zustand:** Die Fotos zeigen den tats\u00e4chlichen Artikel, den Sie erhalten.<\/p>\n<p>**Warum dieses Handballenauflage- und Touchpad-Set w\u00e4hlen?**<\/p>\n<p>\u2013 **Komplettersatz:** Ideal f\u00fcr Benutzer, die die gesamte Handballenauflage, das Touchpad und die Tasten aufgrund von Verschlei\u00df oder Besch\u00e4digung austauschen m\u00fcssen.<\/p>\n<p>\u2013 **Einfache Installation:** Keine zus\u00e4tzlichen \u00c4nderungen erforderlich \u2013 einfach installieren und los geht\u2019s.<\/p>\n<p>\u2013 **Weltweiter Versand:** Weltweite Lieferung, mit Schwerpunkt auf Europa.<\/p>\n<p>Bitte beachten Sie, dass wir keine Installationsanleitungen bereitstellen. Sollten Sie weitere Unterst\u00fctzung ben\u00f6tigen, kontaktieren Sie uns gerne.<\/p>\n<p>**Wichtig:** Die Fotos in dieser Auflistung zeigen das tats\u00e4chlich gelieferte Teil. Alle Artikel werden vor dem Versand gr\u00fcndlich gepr\u00fcft, um die Qualit\u00e4t sicherzustellen.<\/p>\n","protected":false},"excerpt":{"rendered":"<p>Fujitsu LifeBook U745 Handauflage-Tastaturabdeckung mit Touchpad und Tasten \u2013 Originalersatz. Ersetzen Sie Ihre abgenutzte oder besch\u00e4digte Handauflage durch dieses komplette Set aus Abdeckung, Touchpad und Tasten.<\/p>\n","protected":false},"featured_media":16118,"template":"","meta":[],"product_brand":[],"product_cat":[52],"product_tag":[64],"class_list":{"0":"post-16054","1":"product","2":"type-product","3":"status-publish","4":"has-post-thumbnail","6":"product_cat-laptop-housing","7":"product_tag-fujitsu","9":"first","10":"instock","11":"taxable","12":"shipping-taxable","13":"purchasable","14":"product-type-simple"},"_links":{"self":[{"href":"https:\/\/boreait.com\/de\/wp-json\/wp\/v2\/product\/16054","targetHints":{"allow":["GET"]}}],"collection":[{"href":"https:\/\/boreait.com\/de\/wp-json\/wp\/v2\/product"}],"about":[{"href":"https:\/\/boreait.com\/de\/wp-json\/wp\/v2\/types\/product"}],"wp:featuredmedia":[{"embeddable":true,"href":"https:\/\/boreait.com\/de\/wp-json\/wp\/v2\/media\/16118"}],"wp:attachment":[{"href":"https:\/\/boreait.com\/de\/wp-json\/wp\/v2\/media?parent=16054"}],"wp:term":[{"taxonomy":"product_brand","embeddable":true,"href":"https:\/\/boreait.com\/de\/wp-json\/wp\/v2\/product_brand?post=16054"},{"taxonomy":"product_cat","embeddable":true,"href":"https:\/\/boreait.com\/de\/wp-json\/wp\/v2\/product_cat?post=16054"},{"taxonomy":"product_tag","embeddable":true,"href":"https:\/\/boreait.com\/de\/wp-json\/wp\/v2\/product_tag?post=16054"}],"curies":[{"name":"wp","href":"https:\/\/api.w.org\/{rel}","templated":true}]}}