{"id":16043,"date":"2025-09-16T13:41:22","date_gmt":"2025-09-16T11:41:22","guid":{"rendered":"https:\/\/boreait.com\/de\/?post_type=product&#038;p=16043"},"modified":"2026-02-07T17:04:17","modified_gmt":"2026-02-07T16:04:17","slug":"fujitsu-lifebook-u745-bildschirm-display-scharnier-rechts-0524-rx-originalteil","status":"publish","type":"product","link":"https:\/\/boreait.com\/de\/produkt\/fujitsu-lifebook-u745-bildschirm-display-scharnier-rechts-0524-rx-originalteil\/","title":{"rendered":"Fujitsu Lifebook U745 Bildschirm Display Scharnier rechts 0524 Rx Originalteil"},"content":{"rendered":"<p>Rechtes Displayscharnier f\u00fcr Fujitsu Lifebook U745 (0524 Rx)<\/p>\n<p>Dieses Original-Displayscharnier f\u00fcr die rechte Seite ist ein direkter Ersatz f\u00fcr das Fujitsu Lifebook U745. Es ersetzt defekte, besch\u00e4digte oder lose Scharniere und sorgt f\u00fcr eine reibungslose und sichere Bildschirmbewegung, damit Sie Ihr Notebook unbesorgt nutzen k\u00f6nnen.<\/p>\n<p>**Produktmerkmale:**<\/p>\n<p>\u2013 **Kompatibilit\u00e4t:** Speziell f\u00fcr das Fujitsu Lifebook U745 entwickelt.<\/p>\n<p>\u2013 **Teilenummer:** 0524 Rx.<\/p>\n<p>\u2013 **Funktionalit\u00e4t:** Stellt die reibungslose Bildschirmbewegung und sichere Positionierung durch den Austausch verschlissener oder besch\u00e4digter Scharniere wieder her.<\/p>\n<p>\u2013 **Qualit\u00e4t:** Fotos des Originalteils, das Sie erhalten, stellen sicher, dass Sie genau das erhalten, was abgebildet ist.<\/p>\n<p>**Warum dieses Scharnier?**<\/p>\n<p>\u2013 **Haltbarkeit:** Dieses Scharnier ist f\u00fcr den Langzeitgebrauch konzipiert und eignet sich perfekt f\u00fcr Laptops mit besch\u00e4digten oder losen Scharnieren.<\/p>\n<p>\u2013 **Direkter Austausch:** F\u00fcr die Installation sind keine zus\u00e4tzlichen \u00c4nderungen erforderlich \u2013 ein einfacher Austausch gen\u00fcgt.<\/p>\n<p>\u2013 **Weltweiter Versand:** Wir bieten weltweiten Versand an, mit Schwerpunkt auf Europa.<\/p>\n<p>Eine Installationsanleitung ist nicht im Lieferumfang enthalten, wir helfen Ihnen aber gerne weiter. Kontaktieren Sie uns einfach f\u00fcr weitere Unterst\u00fctzung.<\/p>\n<p>**Wichtig:** Die Fotos in dieser Auflistung zeigen das genaue Teil, das Sie erhalten. Alle Teile werden vor dem Versand sorgf\u00e4ltig gepr\u00fcft, um sicherzustellen, dass sie Ihren Anforderungen entsprechen.<\/p>\n","protected":false},"excerpt":{"rendered":"<p>Rechtes Bildschirmscharnier f\u00fcr Fujitsu Lifebook U745 (0524 Rx). Ein Originalersatz f\u00fcr besch\u00e4digte oder lose Scharniere, der f\u00fcr eine sichere Bildschirmbewegung sorgt.<\/p>\n","protected":false},"featured_media":16108,"template":"","meta":[],"product_brand":[],"product_cat":[55],"product_tag":[64],"class_list":{"0":"post-16043","1":"product","2":"type-product","3":"status-publish","4":"has-post-thumbnail","6":"product_cat-screen-hinge","7":"product_tag-fujitsu","9":"first","10":"instock","11":"taxable","12":"shipping-taxable","13":"purchasable","14":"product-type-simple"},"_links":{"self":[{"href":"https:\/\/boreait.com\/de\/wp-json\/wp\/v2\/product\/16043","targetHints":{"allow":["GET"]}}],"collection":[{"href":"https:\/\/boreait.com\/de\/wp-json\/wp\/v2\/product"}],"about":[{"href":"https:\/\/boreait.com\/de\/wp-json\/wp\/v2\/types\/product"}],"wp:featuredmedia":[{"embeddable":true,"href":"https:\/\/boreait.com\/de\/wp-json\/wp\/v2\/media\/16108"}],"wp:attachment":[{"href":"https:\/\/boreait.com\/de\/wp-json\/wp\/v2\/media?parent=16043"}],"wp:term":[{"taxonomy":"product_brand","embeddable":true,"href":"https:\/\/boreait.com\/de\/wp-json\/wp\/v2\/product_brand?post=16043"},{"taxonomy":"product_cat","embeddable":true,"href":"https:\/\/boreait.com\/de\/wp-json\/wp\/v2\/product_cat?post=16043"},{"taxonomy":"product_tag","embeddable":true,"href":"https:\/\/boreait.com\/de\/wp-json\/wp\/v2\/product_tag?post=16043"}],"curies":[{"name":"wp","href":"https:\/\/api.w.org\/{rel}","templated":true}]}}