{"id":15947,"date":"2025-09-16T13:37:24","date_gmt":"2025-09-16T11:37:24","guid":{"rendered":"https:\/\/boreait.com\/de\/?post_type=product&#038;p=15947"},"modified":"2026-02-06T15:05:09","modified_gmt":"2026-02-06T14:05:09","slug":"precision-5520-antenne-fuer-dc33001q90l-original-ersatzteil","status":"publish","type":"product","link":"https:\/\/boreait.com\/de\/produkt\/precision-5520-antenne-fuer-dc33001q90l-original-ersatzteil\/","title":{"rendered":"Precision 5520 Antenne f\u00fcr DC33001Q90L \u2013 Original-Ersatzteil"},"content":{"rendered":"<p>Precision 5520 Antenne f\u00fcr DC33001Q90L<\/p>\n<p>Diese Ersatzantenne ist f\u00fcr das Modell Precision 5520 konzipiert und bietet eine zuverl\u00e4ssige L\u00f6sung zur Wiederherstellung der WLAN-Funktionen Ihres Laptops. Falls Ihre aktuelle Antenne besch\u00e4digt oder defekt ist, ist dieses Originalteil der ideale Ersatz, um schnell wieder online zu sein.<\/p>\n<p>**Produktmerkmale:**<\/p>\n<p>\u2013 **Kompatibilit\u00e4t:** Exklusiv f\u00fcr Precision 5520 Laptops.<\/p>\n<p>\u2013 **Teilenummer:** DC33001Q90L.<\/p>\n<p>\u2013 **Funktionalit\u00e4t:** Stellt die zuverl\u00e4ssige WLAN-Leistung durch den Austausch besch\u00e4digter oder nicht funktionierender Antennen wieder her.<\/p>\n<p>\u2013 **Zustand:** Die Fotos in dieser Auflistung zeigen das Teil, das Sie erhalten.<\/p>\n<p>**Warum diese Antenne?**<\/p>\n<p>\u2013 **Stellt die Konnektivit\u00e4t wieder her:** Ideal zur L\u00f6sung von WLAN-Problemen, die durch eine defekte Antenne verursacht wurden.<\/p>\n<p>\u2013 **Einfacher Austausch:** Entwickelt als direkter Ersatz f\u00fcr das vorhandene Teil, keine zus\u00e4tzlichen \u00c4nderungen erforderlich.<\/p>\n<p>\u2013 **Weltweiter Versand:** Weltweit erh\u00e4ltlich und lieferbar, insbesondere nach Europa.<\/p>\n<p>Eine Installationsanleitung liegt nicht bei. Sollten Sie bei der Installation Unterst\u00fctzung ben\u00f6tigen, kontaktieren Sie uns gerne. Wir unterst\u00fctzen Sie gerne.<\/p>\n<p>**Hinweis:** Die Fotos in der Auflistung zeigen das genaue Teil, das Sie erhalten werden. Alle Komponenten wurden qualit\u00e4tsgepr\u00fcft, um Ihren Erwartungen zu entsprechen.<\/p>\n","protected":false},"excerpt":{"rendered":"<p>Precision 5520-Antenne f\u00fcr DC33001Q90L \u2013 Ersetzen Sie Ihre besch\u00e4digte oder fehlerhafte Antenne durch dieses Originalersatzteil, das speziell f\u00fcr Precision 5520-Laptops entwickelt wurde.<\/p>\n","protected":false},"featured_media":16012,"template":"","meta":[],"product_brand":[],"product_cat":[63],"product_tag":[53],"class_list":{"0":"post-15947","1":"product","2":"type-product","3":"status-publish","4":"has-post-thumbnail","6":"product_cat-motherboards-board-parts","7":"product_tag-dell","9":"first","10":"instock","11":"taxable","12":"shipping-taxable","13":"purchasable","14":"product-type-simple"},"_links":{"self":[{"href":"https:\/\/boreait.com\/de\/wp-json\/wp\/v2\/product\/15947","targetHints":{"allow":["GET"]}}],"collection":[{"href":"https:\/\/boreait.com\/de\/wp-json\/wp\/v2\/product"}],"about":[{"href":"https:\/\/boreait.com\/de\/wp-json\/wp\/v2\/types\/product"}],"wp:featuredmedia":[{"embeddable":true,"href":"https:\/\/boreait.com\/de\/wp-json\/wp\/v2\/media\/16012"}],"wp:attachment":[{"href":"https:\/\/boreait.com\/de\/wp-json\/wp\/v2\/media?parent=15947"}],"wp:term":[{"taxonomy":"product_brand","embeddable":true,"href":"https:\/\/boreait.com\/de\/wp-json\/wp\/v2\/product_brand?post=15947"},{"taxonomy":"product_cat","embeddable":true,"href":"https:\/\/boreait.com\/de\/wp-json\/wp\/v2\/product_cat?post=15947"},{"taxonomy":"product_tag","embeddable":true,"href":"https:\/\/boreait.com\/de\/wp-json\/wp\/v2\/product_tag?post=15947"}],"curies":[{"name":"wp","href":"https:\/\/api.w.org\/{rel}","templated":true}]}}