{"id":15852,"date":"2025-09-16T13:33:21","date_gmt":"2025-09-16T11:33:21","guid":{"rendered":"https:\/\/boreait.com\/de\/?post_type=product&#038;p=15852"},"modified":"2026-02-06T14:58:53","modified_gmt":"2026-02-06T13:58:53","slug":"lenovo-thinkpad-l540-touchpad-50-4lh02-021-original-ersatzteil","status":"publish","type":"product","link":"https:\/\/boreait.com\/de\/produkt\/lenovo-thinkpad-l540-touchpad-50-4lh02-021-original-ersatzteil\/","title":{"rendered":"Lenovo ThinkPad L540 Touchpad 50.4LH02.021 \u2013 Original-Ersatzteil"},"content":{"rendered":"<p>Lenovo ThinkPad L540 Touchpad (50.4LH02.021)<\/p>\n<p>Stellen Sie die volle Funktionalit\u00e4t Ihres Lenovo ThinkPad L540 mit diesem Original-Touchpad wieder her. Dieses Touchpad ist mit dem Lenovo ThinkPad L540 kompatibel und somit ideal f\u00fcr den Austausch besch\u00e4digter oder abgenutzter Touchpads.<\/p>\n<p>**Produktmerkmale:**<\/p>\n<p>\u2013 **Kompatibilit\u00e4t:** Speziell f\u00fcr das Lenovo ThinkPad L540 entwickelt.<\/p>\n<p>\u2013 **Teilenummer:** 50.4LH02.021.<\/p>\n<p>\u2013 **Funktionalit\u00e4t:** Idealer Ersatz f\u00fcr ein defektes oder nicht reagierendes Touchpad. F\u00fcr reibungslose Navigation und Benutzerfreundlichkeit.<\/p>\n<p>**Warum dieses Touchpad?**<\/p>\n<p>\u2013 **Verbesserte Navigation:** Perfekt f\u00fcr die Wiederherstellung der reibungslosen Touchpad-Leistung Ihres Laptops.<\/p>\n<p>\u2013 **Direkte Passform:** Keine \u00c4nderungen erforderlich, einfache Installation.<\/p>\n<p>\u2013 **Weltweiter Versand:** Weltweite Lieferung mit Schwerpunkt auf Europa.<\/p>\n<p>Wenn Sie Hilfe bei der Installation ben\u00f6tigen, kontaktieren Sie uns gerne direkt. Wir helfen Ihnen gerne!<\/p>\n<p>**Wichtig:** Die Fotos in der Auflistung zeigen das Touchpad, das Sie erhalten. Es wurde einer Qualit\u00e4tspr\u00fcfung unterzogen.<\/p>\n","protected":false},"excerpt":{"rendered":"<p>Lenovo ThinkPad L540 Touchpad (50.4LH02.021) \u2013 Original-Ersatzteil zur Wiederherstellung der Funktionalit\u00e4t des Touchpads Ihres Laptops. Ideal zum Ersetzen besch\u00e4digter oder abgenutzter Touchpads.<\/p>\n","protected":false},"featured_media":15939,"template":"","meta":[],"product_brand":[],"product_cat":[63],"product_tag":[62],"class_list":{"0":"post-15852","1":"product","2":"type-product","3":"status-publish","4":"has-post-thumbnail","6":"product_cat-motherboards-board-parts","7":"product_tag-lenovo","9":"first","10":"instock","11":"taxable","12":"shipping-taxable","13":"purchasable","14":"product-type-simple"},"_links":{"self":[{"href":"https:\/\/boreait.com\/de\/wp-json\/wp\/v2\/product\/15852","targetHints":{"allow":["GET"]}}],"collection":[{"href":"https:\/\/boreait.com\/de\/wp-json\/wp\/v2\/product"}],"about":[{"href":"https:\/\/boreait.com\/de\/wp-json\/wp\/v2\/types\/product"}],"wp:featuredmedia":[{"embeddable":true,"href":"https:\/\/boreait.com\/de\/wp-json\/wp\/v2\/media\/15939"}],"wp:attachment":[{"href":"https:\/\/boreait.com\/de\/wp-json\/wp\/v2\/media?parent=15852"}],"wp:term":[{"taxonomy":"product_brand","embeddable":true,"href":"https:\/\/boreait.com\/de\/wp-json\/wp\/v2\/product_brand?post=15852"},{"taxonomy":"product_cat","embeddable":true,"href":"https:\/\/boreait.com\/de\/wp-json\/wp\/v2\/product_cat?post=15852"},{"taxonomy":"product_tag","embeddable":true,"href":"https:\/\/boreait.com\/de\/wp-json\/wp\/v2\/product_tag?post=15852"}],"curies":[{"name":"wp","href":"https:\/\/api.w.org\/{rel}","templated":true}]}}