{"id":15824,"date":"2025-09-16T13:31:57","date_gmt":"2025-09-16T11:31:57","guid":{"rendered":"https:\/\/boreait.com\/de\/?post_type=product&#038;p=15824"},"modified":"2026-01-14T16:08:07","modified_gmt":"2026-01-14T15:08:07","slug":"acer-sv5t-a72b-original-tastatur-ersatztasten-ohne-hintergrundbeleuchtung","status":"publish","type":"product","link":"https:\/\/boreait.com\/de\/produkt\/acer-sv5t-a72b-original-tastatur-ersatztasten-ohne-hintergrundbeleuchtung\/","title":{"rendered":"Acer SV5T-A72B Original-Tastatur-Ersatztasten \u2013 ohne Hintergrundbeleuchtung"},"content":{"rendered":"<p><strong>Hinweis f\u00fcr K\u00e4ufer:<\/strong> Dieses Angebot gilt nur f\u00fcr eine <strong>einzelne Tastaturtaste<\/strong>. Scharnier und Tastennocke sind im Lieferumfang enthalten. Alle verf\u00fcgbaren Tasten sind in der Abbildung im Angebot dargestellt. Die Taste wird per Post in einem Umschlag versendet. Bitte teilen Sie uns nach der Bestellung mit, welche Taste(n) Sie ben\u00f6tigen.<\/p>\n<p>Diese Ersatztaste ist kompatibel mit der <strong>Acer SV5T-A72B<\/strong> Originaltastatur, Teilenummer <strong>SV05T_A72B<\/strong>. Die Tastatur hat <strong>keine Hintergrundbeleuchtung<\/strong> und ist somit eine zuverl\u00e4ssige L\u00f6sung f\u00fcr den Austausch einzelner Tasten.<\/p>\n<p>Ideal zum Reparieren defekter oder fehlender Tasten auf Ihrer Acer SV5T-A72B-Tastatur, ohne die gesamte Einheit austauschen zu m\u00fcssen.<\/p>\n","protected":false},"excerpt":{"rendered":"<p><strong>Dies ist ein Angebot f\u00fcr eine einzelne Tastaturtaste.<\/strong> Scharnier und Tastennocke sind im Lieferumfang enthalten. Alle verf\u00fcgbaren Tasten sind im Angebotsbild dargestellt. Bitte teilen Sie uns nach der Bestellung die ben\u00f6tigten Tasten mit. Die Tasten werden in einem Umschlag per Post verschickt.<\/p>\n","protected":false},"featured_media":15912,"template":"","meta":[],"product_brand":[],"product_cat":[60],"product_tag":[65],"class_list":{"0":"post-15824","1":"product","2":"type-product","3":"status-publish","4":"has-post-thumbnail","6":"product_cat-individual-keyboard-keys","7":"product_tag-acer","9":"first","10":"instock","11":"taxable","12":"shipping-taxable","13":"purchasable","14":"product-type-simple"},"_links":{"self":[{"href":"https:\/\/boreait.com\/de\/wp-json\/wp\/v2\/product\/15824","targetHints":{"allow":["GET"]}}],"collection":[{"href":"https:\/\/boreait.com\/de\/wp-json\/wp\/v2\/product"}],"about":[{"href":"https:\/\/boreait.com\/de\/wp-json\/wp\/v2\/types\/product"}],"wp:featuredmedia":[{"embeddable":true,"href":"https:\/\/boreait.com\/de\/wp-json\/wp\/v2\/media\/15912"}],"wp:attachment":[{"href":"https:\/\/boreait.com\/de\/wp-json\/wp\/v2\/media?parent=15824"}],"wp:term":[{"taxonomy":"product_brand","embeddable":true,"href":"https:\/\/boreait.com\/de\/wp-json\/wp\/v2\/product_brand?post=15824"},{"taxonomy":"product_cat","embeddable":true,"href":"https:\/\/boreait.com\/de\/wp-json\/wp\/v2\/product_cat?post=15824"},{"taxonomy":"product_tag","embeddable":true,"href":"https:\/\/boreait.com\/de\/wp-json\/wp\/v2\/product_tag?post=15824"}],"curies":[{"name":"wp","href":"https:\/\/api.w.org\/{rel}","templated":true}]}}