{"id":15764,"date":"2025-09-16T13:29:42","date_gmt":"2025-09-16T11:29:42","guid":{"rendered":"https:\/\/boreait.com\/de\/?post_type=product&#038;p=15764"},"modified":"2025-09-16T13:33:09","modified_gmt":"2025-09-16T11:33:09","slug":"dell-latitude-e5450-e7450-tastatur-ersatztasten-hintergrundbeleuchtung-0d19tr","status":"publish","type":"product","link":"https:\/\/boreait.com\/de\/produkt\/dell-latitude-e5450-e7450-tastatur-ersatztasten-hintergrundbeleuchtung-0d19tr\/","title":{"rendered":"Dell Latitude E5450\/E7450 Tastatur-Ersatztasten \u2013 Hintergrundbeleuchtung (0D19TR)"},"content":{"rendered":"<p><strong>Hinweis f\u00fcr K\u00e4ufer:<\/strong> Dieses Angebot gilt nur f\u00fcr eine <strong>einzelne Tastaturtaste<\/strong>. Scharnier und Tastennocke sind im Lieferumfang enthalten. Alle verf\u00fcgbaren Tasten sind in der Abbildung im Angebot dargestellt. Die Taste wird per Post in einem Umschlag versendet. Bitte teilen Sie uns nach der Bestellung mit, welche Taste(n) Sie ben\u00f6tigen.<\/p>\n<p>Diese Tastatur ist kompatibel mit den Modellen <strong>Dell Latitude E5450 und E7450<\/strong> mit den Teilenummern <strong>0D19TR<\/strong> und <strong>E5450 E7450 0D19TR<\/strong>. Die Tastatur mit Hintergrundbeleuchtung bietet eine bessere Sichtbarkeit bei schlechten Lichtverh\u00e4ltnissen und verf\u00fcgt \u00fcber einen Pointing Stick f\u00fcr zus\u00e4tzliche Navigation.<\/p>\n<p>Dies ist eine kosteng\u00fcnstige L\u00f6sung, um einzelne Tasten Ihrer Dell Latitude-Tastatur auszutauschen, ohne ein komplettes Ersatzteil kaufen zu m\u00fcssen.<\/p>\n","protected":false},"excerpt":{"rendered":"<p><strong>Dies ist ein Angebot f\u00fcr eine einzelne Tastaturtaste.<\/strong> Scharnier und Tastennocke sind im Lieferumfang enthalten. Alle verf\u00fcgbaren Tasten sind im Angebotsbild dargestellt. Bitte teilen Sie uns nach der Bestellung die ben\u00f6tigten Tasten mit. Die Tasten werden in einem Umschlag per Post verschickt.<\/p>\n","protected":false},"featured_media":15845,"template":"","meta":[],"product_brand":[],"product_cat":[60],"product_tag":[53],"class_list":{"0":"post-15764","1":"product","2":"type-product","3":"status-publish","4":"has-post-thumbnail","6":"product_cat-individual-keyboard-keys","7":"product_tag-dell","9":"first","10":"instock","11":"taxable","12":"shipping-taxable","13":"purchasable","14":"product-type-simple"},"_links":{"self":[{"href":"https:\/\/boreait.com\/de\/wp-json\/wp\/v2\/product\/15764","targetHints":{"allow":["GET"]}}],"collection":[{"href":"https:\/\/boreait.com\/de\/wp-json\/wp\/v2\/product"}],"about":[{"href":"https:\/\/boreait.com\/de\/wp-json\/wp\/v2\/types\/product"}],"wp:featuredmedia":[{"embeddable":true,"href":"https:\/\/boreait.com\/de\/wp-json\/wp\/v2\/media\/15845"}],"wp:attachment":[{"href":"https:\/\/boreait.com\/de\/wp-json\/wp\/v2\/media?parent=15764"}],"wp:term":[{"taxonomy":"product_brand","embeddable":true,"href":"https:\/\/boreait.com\/de\/wp-json\/wp\/v2\/product_brand?post=15764"},{"taxonomy":"product_cat","embeddable":true,"href":"https:\/\/boreait.com\/de\/wp-json\/wp\/v2\/product_cat?post=15764"},{"taxonomy":"product_tag","embeddable":true,"href":"https:\/\/boreait.com\/de\/wp-json\/wp\/v2\/product_tag?post=15764"}],"curies":[{"name":"wp","href":"https:\/\/api.w.org\/{rel}","templated":true}]}}