{"id":15762,"date":"2025-09-16T13:29:42","date_gmt":"2025-09-16T11:29:42","guid":{"rendered":"https:\/\/boreait.com\/de\/?post_type=product&#038;p=15762"},"modified":"2025-09-16T13:32:42","modified_gmt":"2025-09-16T11:32:42","slug":"ersatztasten-fuer-die-toshiba-satellite-tastatur-aeblir00010-mp-13r86u4-920","status":"publish","type":"product","link":"https:\/\/boreait.com\/de\/produkt\/ersatztasten-fuer-die-toshiba-satellite-tastatur-aeblir00010-mp-13r86u4-920\/","title":{"rendered":"Ersatztasten f\u00fcr die Toshiba Satellite-Tastatur (AEBLIR00010, MP-13R86U4-920)"},"content":{"rendered":"<p><strong>Hinweis f\u00fcr K\u00e4ufer:<\/strong> Dieses Angebot gilt nur f\u00fcr eine <strong>einzelne Tastaturtaste<\/strong>. Scharnier und Tastennocke sind im Lieferumfang enthalten. Alle verf\u00fcgbaren Tasten sind in der Abbildung im Angebot dargestellt. Die Taste wird in einem Umschlag per Post verschickt. Bitte teilen Sie uns nach der Bestellung mit, welche Taste(n) Sie ben\u00f6tigen.<\/p>\n<p>Diese Tastatur ist mit <strong>Toshiba Satellite-Modellen<\/strong> kompatibel und unterst\u00fctzt die Teilenummern <strong>AEBLIR00010<\/strong> und <strong>MP-13R86U4-920<\/strong>. Diese Tastatur hat keine Hintergrundbeleuchtung und eignet sich ideal zum Ersetzen von Tasten bei Standard-Toshiba-Satellite-Laptops.<\/p>\n<p>Eine kosteng\u00fcnstige und effiziente L\u00f6sung zum Ersetzen einzelner Tasten, ohne die gesamte Tastatur austauschen zu m\u00fcssen.<\/p>\n","protected":false},"excerpt":{"rendered":"<p><strong>Dies ist ein Angebot f\u00fcr eine einzelne Tastaturtaste.<\/strong> Scharnier und Tastennocke sind im Lieferumfang enthalten. Alle verf\u00fcgbaren Tasten sind im Angebotsbild dargestellt. Bitte teilen Sie uns nach der Bestellung die ben\u00f6tigten Tasten mit. Die Tasten werden in einem Umschlag per Post verschickt.<\/p>\n","protected":false},"featured_media":15836,"template":"","meta":[],"product_brand":[],"product_cat":[60],"product_tag":[70],"class_list":{"0":"post-15762","1":"product","2":"type-product","3":"status-publish","4":"has-post-thumbnail","6":"product_cat-individual-keyboard-keys","7":"product_tag-toshiba","9":"first","10":"instock","11":"taxable","12":"shipping-taxable","13":"purchasable","14":"product-type-simple"},"_links":{"self":[{"href":"https:\/\/boreait.com\/de\/wp-json\/wp\/v2\/product\/15762","targetHints":{"allow":["GET"]}}],"collection":[{"href":"https:\/\/boreait.com\/de\/wp-json\/wp\/v2\/product"}],"about":[{"href":"https:\/\/boreait.com\/de\/wp-json\/wp\/v2\/types\/product"}],"wp:featuredmedia":[{"embeddable":true,"href":"https:\/\/boreait.com\/de\/wp-json\/wp\/v2\/media\/15836"}],"wp:attachment":[{"href":"https:\/\/boreait.com\/de\/wp-json\/wp\/v2\/media?parent=15762"}],"wp:term":[{"taxonomy":"product_brand","embeddable":true,"href":"https:\/\/boreait.com\/de\/wp-json\/wp\/v2\/product_brand?post=15762"},{"taxonomy":"product_cat","embeddable":true,"href":"https:\/\/boreait.com\/de\/wp-json\/wp\/v2\/product_cat?post=15762"},{"taxonomy":"product_tag","embeddable":true,"href":"https:\/\/boreait.com\/de\/wp-json\/wp\/v2\/product_tag?post=15762"}],"curies":[{"name":"wp","href":"https:\/\/api.w.org\/{rel}","templated":true}]}}