{"id":15759,"date":"2025-09-16T13:29:42","date_gmt":"2025-09-16T11:29:42","guid":{"rendered":"https:\/\/boreait.com\/de\/?post_type=product&#038;p=15759"},"modified":"2025-09-16T13:32:10","modified_gmt":"2025-09-16T11:32:10","slug":"hp-compaq-6820-6820s-tastatur-tastenersatz-454220-001","status":"publish","type":"product","link":"https:\/\/boreait.com\/de\/produkt\/hp-compaq-6820-6820s-tastatur-tastenersatz-454220-001\/","title":{"rendered":"HP Compaq 6820\/6820s Tastatur-Tastenersatz (454220-001)"},"content":{"rendered":"<p><strong>Hinweis f\u00fcr K\u00e4ufer:<\/strong> Dieses Angebot gilt nur f\u00fcr eine <strong>einzelne Tastaturtaste<\/strong>. Scharnier und Tastennocke sind im Lieferumfang enthalten. Alle verf\u00fcgbaren Tasten sind in der Abbildung im Angebot dargestellt. Die Taste wird per Post in einem Umschlag versendet. Bitte teilen Sie uns nach der Bestellung mit, welche Taste(n) Sie ben\u00f6tigen.<\/p>\n<p>Diese Tastatur ist kompatibel mit den Modellen <strong>HP Compaq 6820 und 6820s<\/strong> und unterst\u00fctzt die Teilenummern <strong>454220-001<\/strong> und <strong>6037B0022323<\/strong>. Da es sich um eine <strong>Tastatur ohne Hintergrundbeleuchtung<\/strong> handelt, handelt es sich um einen Standardersatz f\u00fcr diese Laptopmodelle.<\/p>\n<p>Mit dieser Option k\u00f6nnen Sie einzelne Tasten kosteng\u00fcnstig und effektiv austauschen, ohne eine komplette Tastatur kaufen zu m\u00fcssen.<\/p>\n","protected":false},"excerpt":{"rendered":"<p><strong>Dies ist ein Angebot f\u00fcr eine einzelne Tastaturtaste.<\/strong> Scharnier und Tastennocke sind im Lieferumfang enthalten. Alle verf\u00fcgbaren Tasten sind im Angebotsbild dargestellt. Bitte teilen Sie uns nach der Bestellung die ben\u00f6tigten Tasten mit. Die Tasten werden in einem Umschlag per Post verschickt.<\/p>\n","protected":false},"featured_media":15825,"template":"","meta":[],"product_brand":[],"product_cat":[60],"product_tag":[61],"class_list":{"0":"post-15759","1":"product","2":"type-product","3":"status-publish","4":"has-post-thumbnail","6":"product_cat-individual-keyboard-keys","7":"product_tag-hp","9":"first","10":"instock","11":"taxable","12":"shipping-taxable","13":"purchasable","14":"product-type-simple"},"_links":{"self":[{"href":"https:\/\/boreait.com\/de\/wp-json\/wp\/v2\/product\/15759","targetHints":{"allow":["GET"]}}],"collection":[{"href":"https:\/\/boreait.com\/de\/wp-json\/wp\/v2\/product"}],"about":[{"href":"https:\/\/boreait.com\/de\/wp-json\/wp\/v2\/types\/product"}],"wp:featuredmedia":[{"embeddable":true,"href":"https:\/\/boreait.com\/de\/wp-json\/wp\/v2\/media\/15825"}],"wp:attachment":[{"href":"https:\/\/boreait.com\/de\/wp-json\/wp\/v2\/media?parent=15759"}],"wp:term":[{"taxonomy":"product_brand","embeddable":true,"href":"https:\/\/boreait.com\/de\/wp-json\/wp\/v2\/product_brand?post=15759"},{"taxonomy":"product_cat","embeddable":true,"href":"https:\/\/boreait.com\/de\/wp-json\/wp\/v2\/product_cat?post=15759"},{"taxonomy":"product_tag","embeddable":true,"href":"https:\/\/boreait.com\/de\/wp-json\/wp\/v2\/product_tag?post=15759"}],"curies":[{"name":"wp","href":"https:\/\/api.w.org\/{rel}","templated":true}]}}