{"id":15756,"date":"2025-09-16T13:29:41","date_gmt":"2025-09-16T11:29:41","guid":{"rendered":"https:\/\/boreait.com\/de\/?post_type=product&#038;p=15756"},"modified":"2025-09-16T13:31:31","modified_gmt":"2025-09-16T11:31:31","slug":"hp-elitebook-hp-840-g1-g2-745-g1-g2-750-755-850-855-g1-g2-zbook-14-tastaturtasten-ersatz-736658-001","status":"publish","type":"product","link":"https:\/\/boreait.com\/de\/produkt\/hp-elitebook-hp-840-g1-g2-745-g1-g2-750-755-850-855-g1-g2-zbook-14-tastaturtasten-ersatz-736658-001\/","title":{"rendered":"HP EliteBook HP 840 G1 G2 745 G1 G2 750 755 850 855 G1 G2 Zbook 14 Tastaturtasten-Ersatz &#8211; (736658-001)"},"content":{"rendered":"<p><strong>Hinweis f\u00fcr K\u00e4ufer:<\/strong> Dieses Angebot gilt nur f\u00fcr eine <strong>einzelne Tastaturtaste<\/strong>. Scharnier und Tastennocke sind im Lieferumfang enthalten. Alle verf\u00fcgbaren Tasten sind in der Abbildung im Angebot dargestellt. Die Taste wird in einem Umschlag per Post verschickt. Bitte senden Sie uns nach der Bestellung eine Nachricht mit der Angabe, welche Taste(n) Sie ben\u00f6tigen.<\/p>\n<p>Diese Tastatur ist kompatibel mit <strong>HP 840 G1 G2 745 G1 G2 750 755 850 855 G1 G2 Zbook 14<\/strong>\u00a0Laptops und unterst\u00fctzt die Teilenummern <strong>736658-041<\/strong> und <strong>6037B0086304<\/strong>.<\/p>\n<p>Ob Sie einzelne Tasten ersetzen oder Reparaturen durchf\u00fchren, dies ist eine kosteng\u00fcnstige L\u00f6sung zur Wiederherstellung der Tastaturfunktionalit\u00e4t Ihres HP 840 G1 G2 745 G1 G2 750 755 850 855 G1 G2 Zbook 14.<\/p>\n","protected":false},"excerpt":{"rendered":"<p><strong>Dies ist ein Angebot f\u00fcr eine einzelne Tastaturtaste.<\/strong> Scharnier und Tastennocke sind im Lieferumfang enthalten. Alle verf\u00fcgbaren Tasten sind im Angebotsbild dargestellt. Bitte teilen Sie uns nach der Bestellung die ben\u00f6tigten Tasten mit. Die Tasten werden in einem Umschlag per Post verschickt.<\/p>\n","protected":false},"featured_media":15811,"template":"","meta":[],"product_brand":[],"product_cat":[60],"product_tag":[61],"class_list":{"0":"post-15756","1":"product","2":"type-product","3":"status-publish","4":"has-post-thumbnail","6":"product_cat-individual-keyboard-keys","7":"product_tag-hp","9":"first","10":"instock","11":"taxable","12":"shipping-taxable","13":"purchasable","14":"product-type-simple"},"_links":{"self":[{"href":"https:\/\/boreait.com\/de\/wp-json\/wp\/v2\/product\/15756","targetHints":{"allow":["GET"]}}],"collection":[{"href":"https:\/\/boreait.com\/de\/wp-json\/wp\/v2\/product"}],"about":[{"href":"https:\/\/boreait.com\/de\/wp-json\/wp\/v2\/types\/product"}],"wp:featuredmedia":[{"embeddable":true,"href":"https:\/\/boreait.com\/de\/wp-json\/wp\/v2\/media\/15811"}],"wp:attachment":[{"href":"https:\/\/boreait.com\/de\/wp-json\/wp\/v2\/media?parent=15756"}],"wp:term":[{"taxonomy":"product_brand","embeddable":true,"href":"https:\/\/boreait.com\/de\/wp-json\/wp\/v2\/product_brand?post=15756"},{"taxonomy":"product_cat","embeddable":true,"href":"https:\/\/boreait.com\/de\/wp-json\/wp\/v2\/product_cat?post=15756"},{"taxonomy":"product_tag","embeddable":true,"href":"https:\/\/boreait.com\/de\/wp-json\/wp\/v2\/product_tag?post=15756"}],"curies":[{"name":"wp","href":"https:\/\/api.w.org\/{rel}","templated":true}]}}