{"id":15727,"date":"2025-09-16T13:29:09","date_gmt":"2025-09-16T11:29:09","guid":{"rendered":"https:\/\/boreait.com\/de\/?post_type=product&#038;p=15727"},"modified":"2025-09-16T13:29:20","modified_gmt":"2025-09-16T11:29:20","slug":"hp-victus-16-d1176tx-16-d1128tx-lcd-161-fhd-ips-30pin-matt-neu","status":"publish","type":"product","link":"https:\/\/boreait.com\/de\/produkt\/hp-victus-16-d1176tx-16-d1128tx-lcd-161-fhd-ips-30pin-matt-neu\/","title":{"rendered":"HP Victus 16-d1176tx 16-d1128tx LCD 16,1&#8243; FHD IPS 30pin Matt Neu"},"content":{"rendered":"<p><strong>Aktuelles LCD-Bildschirmmodell: N161HCA-EA3 Rev. c2 \u2013 VOLLST\u00c4NDIG KOMPATIBEL MIT LAPTOP-BILDSCHIRMEN F\u00dcR HP Victus 16-d1176tx, 16-d1128tx<\/strong><\/p>\n<p>Optimieren Sie die Anzeige Ihres HP Victus 16-d1176tx und 16-d1128tx Laptops mit diesem hochwertigen 16,1-Zoll-LCD-Bildschirm. Mit Full-HD-Aufl\u00f6sung (1920 x 1080) liefert dieser IPS-Bildschirm scharfe, lebendige Bilder mit hervorragender Farbgenauigkeit und gro\u00dfen Betrachtungswinkeln. Die matte Oberfl\u00e4che minimiert Blendeffekte und eignet sich daher perfekt f\u00fcr den Einsatz bei unterschiedlichen Lichtverh\u00e4ltnissen.<\/p>\n<p>Der Bildschirm verf\u00fcgt \u00fcber einen 30-poligen eDP-Anschluss f\u00fcr eine zuverl\u00e4ssige Verbindung, und das doppelseitige Klebeband vereinfacht die Installation. Bitte beachten Sie, dass dieser Bildschirm ohne obere und untere Halterung verkauft wird. Er befindet sich in neuwertigem Zustand, sodass Sie garantiert Folgendes erhalten: ein einwandfreies Produkt, das Ihr Laptop-Erlebnis verbessert.<\/p>\n","protected":false},"excerpt":{"rendered":"<p>R\u00fcsten Sie Ihr HP Victus 16-d1176tx und 16-d1128tx mit einem matten 16,1-Zoll-FHD-IPS-LCD-Bildschirm auf. Wird mit eDP-30-Pin-Anschluss und doppelseitigem Klebeband f\u00fcr eine einfache Installation geliefert. Zustand: Neu.<\/p>\n","protected":false},"featured_media":15719,"template":"","meta":[],"product_brand":[],"product_cat":[107,95],"product_tag":[],"class_list":{"0":"post-15727","1":"product","2":"type-product","3":"status-publish","4":"has-post-thumbnail","6":"product_cat-16-1","7":"product_cat-new-laptop-screens-lcd-panels","9":"first","10":"instock","11":"taxable","12":"shipping-taxable","13":"purchasable","14":"product-type-simple"},"_links":{"self":[{"href":"https:\/\/boreait.com\/de\/wp-json\/wp\/v2\/product\/15727","targetHints":{"allow":["GET"]}}],"collection":[{"href":"https:\/\/boreait.com\/de\/wp-json\/wp\/v2\/product"}],"about":[{"href":"https:\/\/boreait.com\/de\/wp-json\/wp\/v2\/types\/product"}],"wp:featuredmedia":[{"embeddable":true,"href":"https:\/\/boreait.com\/de\/wp-json\/wp\/v2\/media\/15719"}],"wp:attachment":[{"href":"https:\/\/boreait.com\/de\/wp-json\/wp\/v2\/media?parent=15727"}],"wp:term":[{"taxonomy":"product_brand","embeddable":true,"href":"https:\/\/boreait.com\/de\/wp-json\/wp\/v2\/product_brand?post=15727"},{"taxonomy":"product_cat","embeddable":true,"href":"https:\/\/boreait.com\/de\/wp-json\/wp\/v2\/product_cat?post=15727"},{"taxonomy":"product_tag","embeddable":true,"href":"https:\/\/boreait.com\/de\/wp-json\/wp\/v2\/product_tag?post=15727"}],"curies":[{"name":"wp","href":"https:\/\/api.w.org\/{rel}","templated":true}]}}