{"id":15720,"date":"2025-09-16T13:29:05","date_gmt":"2025-09-16T11:29:05","guid":{"rendered":"https:\/\/boreait.com\/de\/?post_type=product&#038;p=15720"},"modified":"2025-09-16T13:29:17","modified_gmt":"2025-09-16T11:29:17","slug":"hp-m62236-001-lcd-161-fhd-ips-matt-30-pin-edp-mit-band-neu","status":"publish","type":"product","link":"https:\/\/boreait.com\/de\/produkt\/hp-m62236-001-lcd-161-fhd-ips-matt-30-pin-edp-mit-band-neu\/","title":{"rendered":"HP M62236-001 LCD 16,1&#8243; FHD IPS Matt 30-pin eDP mit Band Neu"},"content":{"rendered":"<p><strong>Aktuelles LCD-Bildschirmmodell: N161HCA-EA3 Rev. c2 \u2013 VOLLST\u00c4NDIG KOMPATIBEL MIT DEM LAPTOP-BILDSCHIRM F\u00dcR HP M62236-001<\/strong><\/p>\n<p>Optimieren Sie das Display Ihres Laptops mit dem 16,1-Zoll-LCD-Bildschirm HP M62236-001. Er bietet herausragende Leistung und hochaufl\u00f6sende Bilder. Mit einer Full-HD-Aufl\u00f6sung (1920 x 1080) bietet dieser Bildschirm scharfe, lebendige Bilder, w\u00e4hrend die IPS-Technologie gro\u00dfe Betrachtungswinkel und konsistente Farben gew\u00e4hrleistet. Die matte TFT-Oberfl\u00e4che reduziert Blendeffekte und eignet sich daher ideal f\u00fcr die Arbeit in unterschiedlichen Lichtverh\u00e4ltnissen.<\/p>\n<p>Der Bildschirm wird \u00fcber einen 30-poligen eDP-Anschluss angeschlossen und bietet so eine sichere und zuverl\u00e4ssige Verbindung zu Ihrem Ger\u00e4t. Die Installation ist dank des mitgelieferten doppelseitigen Klebebands kinderleicht. Bitte beachten Sie, dass dieser Bildschirm ohne obere und untere Halterungen geliefert wird, um die Kompatibilit\u00e4t mit individuellen Installationen zu gew\u00e4hrleisten.<\/p>\n<p>Ob Sie einen besch\u00e4digten Bildschirm ersetzen oder aufr\u00fcsten m\u00f6chten F\u00fcr eine bessere Leistung ist dieser neue HP M62236-001 LCD-Bildschirm perfekt auf Ihre Anforderungen zugeschnitten.<\/p>\n","protected":false},"excerpt":{"rendered":"<p>R\u00fcsten Sie Ihren Laptop mit dem matten 16,1-Zoll-FHD-IPS-Display HP M62236-001 auf. Mit 30-poligem eDP-Anschluss und TFT-Technologie f\u00fcr lebendige Bilder. Inklusive doppelseitigem Klebeband f\u00fcr eine einfache Installation. Zustand: Neu.<\/p>\n","protected":false},"featured_media":15719,"template":"","meta":[],"product_brand":[],"product_cat":[107,95],"product_tag":[],"class_list":{"0":"post-15720","1":"product","2":"type-product","3":"status-publish","4":"has-post-thumbnail","6":"product_cat-16-1","7":"product_cat-new-laptop-screens-lcd-panels","9":"first","10":"instock","11":"taxable","12":"shipping-taxable","13":"purchasable","14":"product-type-simple"},"_links":{"self":[{"href":"https:\/\/boreait.com\/de\/wp-json\/wp\/v2\/product\/15720","targetHints":{"allow":["GET"]}}],"collection":[{"href":"https:\/\/boreait.com\/de\/wp-json\/wp\/v2\/product"}],"about":[{"href":"https:\/\/boreait.com\/de\/wp-json\/wp\/v2\/types\/product"}],"wp:featuredmedia":[{"embeddable":true,"href":"https:\/\/boreait.com\/de\/wp-json\/wp\/v2\/media\/15719"}],"wp:attachment":[{"href":"https:\/\/boreait.com\/de\/wp-json\/wp\/v2\/media?parent=15720"}],"wp:term":[{"taxonomy":"product_brand","embeddable":true,"href":"https:\/\/boreait.com\/de\/wp-json\/wp\/v2\/product_brand?post=15720"},{"taxonomy":"product_cat","embeddable":true,"href":"https:\/\/boreait.com\/de\/wp-json\/wp\/v2\/product_cat?post=15720"},{"taxonomy":"product_tag","embeddable":true,"href":"https:\/\/boreait.com\/de\/wp-json\/wp\/v2\/product_tag?post=15720"}],"curies":[{"name":"wp","href":"https:\/\/api.w.org\/{rel}","templated":true}]}}