{"id":15713,"date":"2025-09-16T13:28:41","date_gmt":"2025-09-16T11:28:41","guid":{"rendered":"https:\/\/boreait.com\/de\/?post_type=product&#038;p=15713"},"modified":"2025-09-16T13:28:58","modified_gmt":"2025-09-16T11:28:58","slug":"hp-m36985-jq1-lcd-161-fhd-ips-matt-edp-30pin-mit-klebeband-neu","status":"publish","type":"product","link":"https:\/\/boreait.com\/de\/produkt\/hp-m36985-jq1-lcd-161-fhd-ips-matt-edp-30pin-mit-klebeband-neu\/","title":{"rendered":"HP M36985-JQ1 LCD 16,1&#8243; FHD IPS Matt eDP 30pin mit Klebeband Neu"},"content":{"rendered":"<p><strong>Aktuelles LCD-Bildschirmmodell: N161HCA-EA3 Rev. c2 \u2013 VOLLST\u00c4NDIG KOMPATIBEL MIT DEM LAPTOP-BILDSCHIRM F\u00dcR HP M36985-JQ1<\/strong><\/p>\n<p>Optimieren Sie das Display Ihres Laptops mit dem 16,1-Zoll-LCD-Bildschirm HP M36985-JQ1. Er bietet herausragende Klarheit und Leistung. Der Bildschirm bietet eine Full-HD-Aufl\u00f6sung (1920 x 1080) und liefert scharfe, lebendige Bilder \u2013 perfekt f\u00fcr Arbeit, Unterhaltung und mehr. Die IPS-Technologie sorgt f\u00fcr konsistente Farben und weite Betrachtungswinkel, w\u00e4hrend die matte Oberfl\u00e4che Blendeffekte minimiert und sich f\u00fcr verschiedene Lichtverh\u00e4ltnisse eignet.<\/p>\n<p>Der eDP-30-Pin-Anschluss sorgt f\u00fcr eine sichere und effiziente Verbindung mit Ihrem Laptop und gew\u00e4hrleistet eine stabile Leistung. Das mitgelieferte doppelseitige Klebeband erleichtert die Installation, sodass Sie Ihren Bildschirm mit minimalem Aufwand austauschen oder aufr\u00fcsten k\u00f6nnen. Bitte beachten Sie, dass dieser Bildschirm ohne obere und untere Halterung geliefert wird.<\/p>\n<p>Zustand: Neu, garantiert Ihnen den Erhalt ein hochwertiges, fehlerfreies und einbaufertiges Produkt.<\/p>\n","protected":false},"excerpt":{"rendered":"<p>R\u00fcsten Sie Ihren Laptop mit dem 16,1-Zoll-LCD-Bildschirm HP M36985-JQ1 auf. Mit FHD-IPS-Klarheit, matter Oberfl\u00e4che und einem 30-poligen eDP-Anschluss liefert er gestochen scharfe Bilder. Inklusive doppelseitigem Klebeband f\u00fcr eine einfache Installation. Zustand: Neu.<\/p>\n","protected":false},"featured_media":15719,"template":"","meta":[],"product_brand":[],"product_cat":[107,95],"product_tag":[],"class_list":{"0":"post-15713","1":"product","2":"type-product","3":"status-publish","4":"has-post-thumbnail","6":"product_cat-16-1","7":"product_cat-new-laptop-screens-lcd-panels","9":"first","10":"instock","11":"taxable","12":"shipping-taxable","13":"purchasable","14":"product-type-simple"},"_links":{"self":[{"href":"https:\/\/boreait.com\/de\/wp-json\/wp\/v2\/product\/15713","targetHints":{"allow":["GET"]}}],"collection":[{"href":"https:\/\/boreait.com\/de\/wp-json\/wp\/v2\/product"}],"about":[{"href":"https:\/\/boreait.com\/de\/wp-json\/wp\/v2\/types\/product"}],"wp:featuredmedia":[{"embeddable":true,"href":"https:\/\/boreait.com\/de\/wp-json\/wp\/v2\/media\/15719"}],"wp:attachment":[{"href":"https:\/\/boreait.com\/de\/wp-json\/wp\/v2\/media?parent=15713"}],"wp:term":[{"taxonomy":"product_brand","embeddable":true,"href":"https:\/\/boreait.com\/de\/wp-json\/wp\/v2\/product_brand?post=15713"},{"taxonomy":"product_cat","embeddable":true,"href":"https:\/\/boreait.com\/de\/wp-json\/wp\/v2\/product_cat?post=15713"},{"taxonomy":"product_tag","embeddable":true,"href":"https:\/\/boreait.com\/de\/wp-json\/wp\/v2\/product_tag?post=15713"}],"curies":[{"name":"wp","href":"https:\/\/api.w.org\/{rel}","templated":true}]}}