{"id":15712,"date":"2025-09-16T13:28:41","date_gmt":"2025-09-16T11:28:41","guid":{"rendered":"https:\/\/boreait.com\/de\/?post_type=product&#038;p=15712"},"modified":"2025-09-16T13:28:57","modified_gmt":"2025-09-16T11:28:57","slug":"nv161fhm-n61-161-matte-fhd-ips-edp-30pin-lcd-mit-klebeband-neu","status":"publish","type":"product","link":"https:\/\/boreait.com\/de\/produkt\/nv161fhm-n61-161-matte-fhd-ips-edp-30pin-lcd-mit-klebeband-neu\/","title":{"rendered":"NV161FHM-N61 16,1&#8243; Matte FHD IPS eDP 30pin LCD mit Klebeband Neu"},"content":{"rendered":"<p><strong>Aktuelles LCD-Bildschirmmodell: N161HCA-EA3 Rev. c2 \u2013 VOLLST\u00c4NDIG KOMPATIBEL MIT DEM LAPTOP-BILDSCHIRM F\u00dcR LAPTOP NV161FHM-N61<\/strong><\/p>\n<p>Optimieren Sie das Display Ihres Laptops mit dem 16,1-Zoll-LCD-Bildschirm NV161FHM-N61, der f\u00fcr au\u00dfergew\u00f6hnliche Leistung und klare Bilder entwickelt wurde. Mit einer Full-HD-Aufl\u00f6sung (1920 x 1080) liefert dieser Bildschirm gestochen scharfe, detailreiche Bilder \u2013 perfekt f\u00fcr alle Ihre Anforderungen. Die IPS-Technologie sorgt f\u00fcr konsistente Farben und gro\u00dfe Betrachtungswinkel, w\u00e4hrend die TFT-Technologie schnelle Reaktionszeiten gew\u00e4hrleistet.<\/p>\n<p>Die matte Oberfl\u00e4che reduziert Blendeffekte und eignet sich daher ideal f\u00fcr unterschiedliche Lichtverh\u00e4ltnisse \u2013 egal ob drinnen oder drau\u00dfen. Der 30-polige eDP-Anschluss garantiert eine zuverl\u00e4ssige und stabile Verbindung mit Ihrem Ger\u00e4t, und das mitgelieferte doppelseitige Klebeband sorgt f\u00fcr eine einfache Installation.<\/p>\n<p>Dieser LCD-Bildschirm eignet sich perfekt zum Austausch eines besch\u00e4digten Displays oder zur Aufr\u00fcstung f\u00fcr eine bessere Bildqualit\u00e4t. Bitte Beachten Sie, dass der Bildschirm ohne obere und untere Halterungen geliefert wird. Er ist in brandneuem Zustand und gew\u00e4hrleistet sofort nach dem Auspacken eine erstklassige Leistung.<\/p>\n","protected":false},"excerpt":{"rendered":"<p>R\u00fcsten Sie Ihren Laptop mit dem 16,1-Zoll-LCD-Bildschirm NV161FHM-N61 auf. Mit FHD-IPS- und TFT-Technologie, matter Oberfl\u00e4che und 30-poligem eDP-Anschluss bietet er lebendige Bilder. Doppelseitiges Klebeband f\u00fcr eine einfache Installation im Lieferumfang enthalten. Zustand: Neu.<\/p>\n","protected":false},"featured_media":15719,"template":"","meta":[],"product_brand":[],"product_cat":[107,95],"product_tag":[],"class_list":{"0":"post-15712","1":"product","2":"type-product","3":"status-publish","4":"has-post-thumbnail","6":"product_cat-16-1","7":"product_cat-new-laptop-screens-lcd-panels","9":"first","10":"instock","11":"taxable","12":"shipping-taxable","13":"purchasable","14":"product-type-simple"},"_links":{"self":[{"href":"https:\/\/boreait.com\/de\/wp-json\/wp\/v2\/product\/15712","targetHints":{"allow":["GET"]}}],"collection":[{"href":"https:\/\/boreait.com\/de\/wp-json\/wp\/v2\/product"}],"about":[{"href":"https:\/\/boreait.com\/de\/wp-json\/wp\/v2\/types\/product"}],"wp:featuredmedia":[{"embeddable":true,"href":"https:\/\/boreait.com\/de\/wp-json\/wp\/v2\/media\/15719"}],"wp:attachment":[{"href":"https:\/\/boreait.com\/de\/wp-json\/wp\/v2\/media?parent=15712"}],"wp:term":[{"taxonomy":"product_brand","embeddable":true,"href":"https:\/\/boreait.com\/de\/wp-json\/wp\/v2\/product_brand?post=15712"},{"taxonomy":"product_cat","embeddable":true,"href":"https:\/\/boreait.com\/de\/wp-json\/wp\/v2\/product_cat?post=15712"},{"taxonomy":"product_tag","embeddable":true,"href":"https:\/\/boreait.com\/de\/wp-json\/wp\/v2\/product_tag?post=15712"}],"curies":[{"name":"wp","href":"https:\/\/api.w.org\/{rel}","templated":true}]}}