{"id":15711,"date":"2025-09-16T13:28:41","date_gmt":"2025-09-16T11:28:41","guid":{"rendered":"https:\/\/boreait.com\/de\/?post_type=product&#038;p=15711"},"modified":"2025-09-16T13:28:55","modified_gmt":"2025-09-16T11:28:55","slug":"n161hca-ea2-ea4-eac-lcd-161-matt-fhd-ips-edp-30pin-mit-klebeband-neu","status":"publish","type":"product","link":"https:\/\/boreait.com\/de\/produkt\/n161hca-ea2-ea4-eac-lcd-161-matt-fhd-ips-edp-30pin-mit-klebeband-neu\/","title":{"rendered":"N161HCA-EA2 EA4 EAC LCD 16,1&#8243; Matt FHD IPS eDP 30pin mit Klebeband Neu"},"content":{"rendered":"<p><strong>Aktuelles LCD-Bildschirmmodell: N161HCA-EA3 Rev. c2 \u2013 VOLLST\u00c4NDIG KOMPATIBEL MIT LAPTOP-BILDSCHIRMEN F\u00dcR LAPTOP N161HCA-EA2-EA4-EAC<\/strong><\/p>\n<p>Optimieren Sie das Display Ihres Laptops mit dem 16,1-Zoll-LCD-Bildschirm N161HCA-EA2, EA4, EAC \u2013 entwickelt f\u00fcr au\u00dfergew\u00f6hnliche Klarheit und Leistung. Dieser Bildschirm bietet eine Full-HD-Aufl\u00f6sung (1920 x 1080) und sorgt f\u00fcr scharfe und lebendige Bilder. Die IPS- und TFT-Technologie bietet \u00fcberragende Farbgenauigkeit und gro\u00dfe Betrachtungswinkel. Die matte Oberfl\u00e4che reduziert Blendeffekte und ist somit ideal f\u00fcr alle Lichtverh\u00e4ltnisse.<\/p>\n<p>Der eDP-30-Pin-Anschluss sorgt f\u00fcr eine sichere und effiziente Verbindung mit Ihrem Laptop. Das mitgelieferte doppelseitige Klebeband sorgt f\u00fcr eine reibungslose und problemlose Installation. Egal, ob Sie einen besch\u00e4digten Bildschirm ersetzen oder f\u00fcr eine bessere Bildqualit\u00e4t aufr\u00fcsten m\u00f6chten \u2013 dieser LCD-Bildschirm ist eine zuverl\u00e4ssige und hochwertige Option.<\/p>\n<p>Hinweis Beachten Sie, dass dieser Bildschirm ohne obere und untere Halterungen geliefert wird. Er befindet sich in einem brandneuen Zustand, sodass Sie ein einwandfreies Produkt erhalten, das sofort einsatzbereit ist.<\/p>\n","protected":false},"excerpt":{"rendered":"<p>R\u00fcsten Sie Ihren Laptop mit dem 16,1-Zoll-LCD-Bildschirm N161HCA-EA2, EA4, EAC auf. Mit FHD-Aufl\u00f6sung, IPS und TFT-Technologie und matter Oberfl\u00e4che bietet dieses Display scharfe Bilder und weite Betrachtungswinkel. Inklusive doppelseitigem Klebeband f\u00fcr eine einfache Installation. Zustand: Neu.<\/p>\n","protected":false},"featured_media":15719,"template":"","meta":[],"product_brand":[],"product_cat":[107,95],"product_tag":[],"class_list":{"0":"post-15711","1":"product","2":"type-product","3":"status-publish","4":"has-post-thumbnail","6":"product_cat-16-1","7":"product_cat-new-laptop-screens-lcd-panels","9":"first","10":"instock","11":"taxable","12":"shipping-taxable","13":"purchasable","14":"product-type-simple"},"_links":{"self":[{"href":"https:\/\/boreait.com\/de\/wp-json\/wp\/v2\/product\/15711","targetHints":{"allow":["GET"]}}],"collection":[{"href":"https:\/\/boreait.com\/de\/wp-json\/wp\/v2\/product"}],"about":[{"href":"https:\/\/boreait.com\/de\/wp-json\/wp\/v2\/types\/product"}],"wp:featuredmedia":[{"embeddable":true,"href":"https:\/\/boreait.com\/de\/wp-json\/wp\/v2\/media\/15719"}],"wp:attachment":[{"href":"https:\/\/boreait.com\/de\/wp-json\/wp\/v2\/media?parent=15711"}],"wp:term":[{"taxonomy":"product_brand","embeddable":true,"href":"https:\/\/boreait.com\/de\/wp-json\/wp\/v2\/product_brand?post=15711"},{"taxonomy":"product_cat","embeddable":true,"href":"https:\/\/boreait.com\/de\/wp-json\/wp\/v2\/product_cat?post=15711"},{"taxonomy":"product_tag","embeddable":true,"href":"https:\/\/boreait.com\/de\/wp-json\/wp\/v2\/product_tag?post=15711"}],"curies":[{"name":"wp","href":"https:\/\/api.w.org\/{rel}","templated":true}]}}