{"id":15709,"date":"2025-09-16T13:28:41","date_gmt":"2025-09-16T11:28:41","guid":{"rendered":"https:\/\/boreait.com\/de\/?post_type=product&#038;p=15709"},"modified":"2026-01-14T12:46:47","modified_gmt":"2026-01-14T11:46:47","slug":"hp-n13295-001-lcd-156-fhd-ips-144hz-matt-edp-40-pin-mit-klebeband-neu","status":"publish","type":"product","link":"https:\/\/boreait.com\/de\/produkt\/hp-n13295-001-lcd-156-fhd-ips-144hz-matt-edp-40-pin-mit-klebeband-neu\/","title":{"rendered":"HP N13295-001 LCD 15,6&#8243; FHD IPS 144Hz Matt eDP 40-pin mit Klebeband Neu"},"content":{"rendered":"<p><strong>Aktuelles LCD-Bildschirmmodell: n156hra-ea1 REV C1 \/ N156HRA-GAA Rev.c1 \/ N156HMA-GA1 REV C2 \u2013 VOLLST\u00c4NDIG KOMPATIBEL MIT DEM LAPTOP-BILDSCHIRM F\u00dcR HP N13295-001<\/strong><\/p>\n<p>Optimieren Sie Ihr Laptop-Display mit dem 15,6-Zoll-LCD-Bildschirm HP N13295-001. Er bietet hochwertige Grafik und eine \u00fcberragende Bildwiederholfrequenz f\u00fcr reibungslose Leistung. Mit einer Full-HD-Aufl\u00f6sung (1920 x 1080) liefert dieser Bildschirm gestochen scharfe Bilder und eignet sich ideal f\u00fcr allt\u00e4gliche Aufgaben, Multimedia und Gaming. Die Bildwiederholfrequenz von 144 Hz sorgt f\u00fcr fl\u00fcssige Bewegungen, w\u00e4hrend die IPS-Technologie konsistente Farbgenauigkeit und weite Betrachtungswinkel garantiert.<\/p>\n<p>Die matte Oberfl\u00e4che reduziert Blendeffekte und erm\u00f6glicht so ein angenehmes Betrachten auch in hellen Umgebungen. Der Bildschirm wird \u00fcber einen 40-poligen eDP-Anschluss angeschlossen und sorgt so f\u00fcr eine zuverl\u00e4ssige und stabile Verbindung mit Ihrem Ger\u00e4t. Das Paket enth\u00e4lt doppelseitiges Klebeband, das die Installation vereinfacht.<\/p>\n<p>Bitte beachten Sie, dass dieser Bildschirm ohne obere und untere Halterungen geliefert wird. Er ist in neuwertigem Zustand, sodass Sie ein fehlerfreies und sofort montagefertiges Produkt erhalten.<\/p>\n","protected":false},"excerpt":{"rendered":"<p>R\u00fcsten Sie Ihren Laptop mit dem 15,6&#8243; FHD IPS-Display HP N13295-001 auf. Mit einer Bildwiederholfrequenz von 144 Hz, einer matten Oberfl\u00e4che und einem 40-poligen eDP-Anschluss bietet es scharfe Bilder und eine reibungslose Leistung. Inklusive doppelseitigem Klebeband f\u00fcr eine einfache Installation. Zustand: Neu.<\/p>\n","protected":false},"featured_media":15688,"template":"","meta":[],"product_brand":[],"product_cat":[105,95],"product_tag":[],"class_list":{"0":"post-15709","1":"product","2":"type-product","3":"status-publish","4":"has-post-thumbnail","6":"product_cat-15-6-new-laptop-screens-lcd-panels","7":"product_cat-new-laptop-screens-lcd-panels","9":"first","10":"instock","11":"taxable","12":"shipping-taxable","13":"purchasable","14":"product-type-simple"},"_links":{"self":[{"href":"https:\/\/boreait.com\/de\/wp-json\/wp\/v2\/product\/15709","targetHints":{"allow":["GET"]}}],"collection":[{"href":"https:\/\/boreait.com\/de\/wp-json\/wp\/v2\/product"}],"about":[{"href":"https:\/\/boreait.com\/de\/wp-json\/wp\/v2\/types\/product"}],"wp:featuredmedia":[{"embeddable":true,"href":"https:\/\/boreait.com\/de\/wp-json\/wp\/v2\/media\/15688"}],"wp:attachment":[{"href":"https:\/\/boreait.com\/de\/wp-json\/wp\/v2\/media?parent=15709"}],"wp:term":[{"taxonomy":"product_brand","embeddable":true,"href":"https:\/\/boreait.com\/de\/wp-json\/wp\/v2\/product_brand?post=15709"},{"taxonomy":"product_cat","embeddable":true,"href":"https:\/\/boreait.com\/de\/wp-json\/wp\/v2\/product_cat?post=15709"},{"taxonomy":"product_tag","embeddable":true,"href":"https:\/\/boreait.com\/de\/wp-json\/wp\/v2\/product_tag?post=15709"}],"curies":[{"name":"wp","href":"https:\/\/api.w.org\/{rel}","templated":true}]}}