{"id":15697,"date":"2025-09-16T13:28:38","date_gmt":"2025-09-16T11:28:38","guid":{"rendered":"https:\/\/boreait.com\/de\/?post_type=product&#038;p=15697"},"modified":"2025-09-16T13:28:46","modified_gmt":"2025-09-16T11:28:46","slug":"msi-stealth-15m-a11uek-lcd-156-fhd-144hz-ips-mattbildschirm-40pin-neu","status":"publish","type":"product","link":"https:\/\/boreait.com\/de\/produkt\/msi-stealth-15m-a11uek-lcd-156-fhd-144hz-ips-mattbildschirm-40pin-neu\/","title":{"rendered":"MSI Stealth 15M A11UEK LCD 15,6&#8243; FHD 144Hz IPS Mattbildschirm 40pin Neu"},"content":{"rendered":"<p><strong>Aktuelles LCD-Bildschirmmodell: n156hra-ea1 REV C1 \/ N156HRA-GAA Rev.c1 \/ N156HMA-GA1 REV C2 \u2013 VOLLST\u00c4NDIG KOMPATIBEL MIT DEM LAPTOP-BILDSCHIRM F\u00dcR MSI STEALTH 15M A11UEK<\/strong><\/p>\n<p>Optimieren Sie Ihr Gaming- oder Arbeitserlebnis mit einem brandneuen 15,6-Zoll-LCD-Bildschirm, der speziell f\u00fcr das MSI Stealth 15M A11UEK entwickelt wurde. Dieser hochwertige Bildschirm bietet eine Full-HD-Aufl\u00f6sung (1920 x 1080) mit einer Bildwiederholfrequenz von 144 Hz und sorgt so f\u00fcr lebendige Bilder und fl\u00fcssige Bewegungen. Damit eignet er sich ideal f\u00fcr schnelle Spiele oder professionelle Aufgaben, die eine hohe Bildwiederholfrequenz erfordern.<\/p>\n<p>Die IPS-Panel-Technologie bietet konsistente und pr\u00e4zise Farben \u00fcber weite Betrachtungswinkel hinweg, w\u00e4hrend die matte Oberfl\u00e4che Blendeffekte in hellen Umgebungen reduziert und so die Sichtbarkeit verbessert. Dieser Bildschirm nutzt einen 40-poligen eDP-Anschluss f\u00fcr zuverl\u00e4ssige Leistung und ist ohne Top- und Innenlager.<\/p>\n<p>Im Lieferumfang sind doppelseitige Klebeb\u00e4nder f\u00fcr eine problemlose Installation enthalten. Egal, ob Sie einen besch\u00e4digten Bildschirm ersetzen oder f\u00fcr eine bessere Leistung aufr\u00fcsten m\u00f6chten \u2013 dieser Bildschirm passt perfekt zu Ihrem MSI Stealth 15M A11UEK Laptop.<\/p>\n<p><strong>Hauptmerkmale:<\/strong><\/p>\n<ul>\n<li>Bildschirmgr\u00f6\u00dfe: 15,6 Zoll<\/li>\n<li>Full-HD-Aufl\u00f6sung (1920 x 1080)<\/li>\n<li>144 Hz Bildwiederholfrequenz f\u00fcr fl\u00fcssige Bilder<\/li>\n<li>Matte Oberfl\u00e4che zur Reduzierung von Blendeffekten<\/li>\n<li>IPS-Panel f\u00fcr gro\u00dfe Betrachtungswinkel<\/li>\n<li>40-Pin-eDP-Anschluss<\/li>\n<li>Doppelseitiges Klebeband im Lieferumfang enthalten<\/li>\n<li>Zustand: Neu, ohne Ober- und Unterseite Klammern<\/li>\n<\/ul>\n","protected":false},"excerpt":{"rendered":"<p>R\u00fcsten Sie Ihr MSI Stealth 15M A11UEK mit einem matten 15,6-Zoll-FHD-IPS-LCD-Bildschirm mit 144 Hz auf. Mit 40-poligem eDP-Anschluss und doppelseitigem Klebeband f\u00fcr eine einfache Installation. Zustand: Neu, ohne obere und untere Halterungen.<\/p>\n","protected":false},"featured_media":15688,"template":"","meta":[],"product_brand":[],"product_cat":[105,95],"product_tag":[82],"class_list":{"0":"post-15697","1":"product","2":"type-product","3":"status-publish","4":"has-post-thumbnail","6":"product_cat-15-6-new-laptop-screens-lcd-panels","7":"product_cat-new-laptop-screens-lcd-panels","8":"product_tag-msi","10":"first","11":"instock","12":"taxable","13":"shipping-taxable","14":"purchasable","15":"product-type-simple"},"_links":{"self":[{"href":"https:\/\/boreait.com\/de\/wp-json\/wp\/v2\/product\/15697","targetHints":{"allow":["GET"]}}],"collection":[{"href":"https:\/\/boreait.com\/de\/wp-json\/wp\/v2\/product"}],"about":[{"href":"https:\/\/boreait.com\/de\/wp-json\/wp\/v2\/types\/product"}],"wp:featuredmedia":[{"embeddable":true,"href":"https:\/\/boreait.com\/de\/wp-json\/wp\/v2\/media\/15688"}],"wp:attachment":[{"href":"https:\/\/boreait.com\/de\/wp-json\/wp\/v2\/media?parent=15697"}],"wp:term":[{"taxonomy":"product_brand","embeddable":true,"href":"https:\/\/boreait.com\/de\/wp-json\/wp\/v2\/product_brand?post=15697"},{"taxonomy":"product_cat","embeddable":true,"href":"https:\/\/boreait.com\/de\/wp-json\/wp\/v2\/product_cat?post=15697"},{"taxonomy":"product_tag","embeddable":true,"href":"https:\/\/boreait.com\/de\/wp-json\/wp\/v2\/product_tag?post=15697"}],"curies":[{"name":"wp","href":"https:\/\/api.w.org\/{rel}","templated":true}]}}