{"id":15696,"date":"2025-09-16T13:28:38","date_gmt":"2025-09-16T11:28:38","guid":{"rendered":"https:\/\/boreait.com\/de\/?post_type=product&#038;p=15696"},"modified":"2026-02-17T14:23:24","modified_gmt":"2026-02-17T13:23:24","slug":"hp-victus-15-fa-lcd-156-fhd-ips-144hz-matt-mit-klebeband-neu","status":"publish","type":"product","link":"https:\/\/boreait.com\/de\/produkt\/hp-victus-15-fa-lcd-156-fhd-ips-144hz-matt-mit-klebeband-neu\/","title":{"rendered":"HP Victus 15-FA LCD 15,6&#8243; FHD IPS 144Hz Matt mit Klebeband Neu"},"content":{"rendered":"<p><strong>Aktuelles LCD-Bildschirmmodell: n156hra-ea1 REV C1 \/ N156HRA-GAA Rev.c1 \/ N156HMA-GA1 REV C2 \u2013 VOLLST\u00c4NDIG KOMPATIBEL MIT LAPTOP-BILDSCHIRMEN DER HP VICTUS 15-FA SERIE<\/strong><\/p>\n<p>Erweitern Sie Ihr Notebook der HP Victus 15-FA Serie mit diesem hochwertigen 15,6-Zoll-LCD-Bildschirm, der f\u00fcr reibungslose Leistung und hervorragende Bildqualit\u00e4t entwickelt wurde. Mit einer Full-HD-Aufl\u00f6sung (1920 x 1080) und einer Bildwiederholfrequenz von 144 Hz sorgt dieser Bildschirm f\u00fcr fl\u00fcssige und gestochen scharfe Bilder und eignet sich somit ideal f\u00fcr Gaming und Multimedia-Anwendungen.<\/p>\n<p>Die IPS-Technologie bietet weite Betrachtungswinkel und gleichbleibende Farbgenauigkeit, w\u00e4hrend die matte Oberfl\u00e4che Blendeffekte reduziert und so f\u00fcr bessere Sichtbarkeit bei unterschiedlichen Lichtverh\u00e4ltnissen sorgt. Der 40-polige eDP-Anschluss sorgt f\u00fcr eine sichere Verbindung mit Ihrem Ger\u00e4t.<\/p>\n<p>Der Bildschirm wird mit doppelseitigem Klebeband f\u00fcr eine einfache Installation, jedoch ohne obere und untere Halterung. Dieser brandneue Bildschirm eignet sich perfekt zum Ersetzen besch\u00e4digter oder defekter Displays und stellt so den optimalen Zustand Ihres Laptops wieder her.<\/p>\n<p>15-FA0000CA, 15-FA0000CI, 15-FA0000LA, 15-FA0000NA, 15-FA0000NE, 15-FA0000NI, 15-FA0000NIA, 15-FA0000NJ, 15-FA0000NK, 15-FA0000NL, 15-FA0000NM, 15-FA0000NQ, 15-FA0000NS, 15-FA0000NT, 15-FA0000NU, 15-FA0000NX, 15-FA0000SA, 15-FA0000SF, 15-FA0000SL, 15-FA0000TX, 15-FA0000UA, 15-FA0000UR, 15-FA0001CI, 15-FA0001LA, 15-FA0001NA, 15-FA0001NE, 15-FA0001NI, 15-FA0001NK, 15-FA0001NM, 15-FA0001NQ, 15-FA0001NS, 15-FA0001NT, 15-FA0001NW, 15-FA0001NX, 15-FA0001SF 15-FA0001SL, 15-FA0001TX, 15-FA0001UA, 15-FA0001UR, 15-FA0002CI, 15-FA0002LA, 15-FA0002NA, 15-FA0002NE, 15-FA0002NG, 15-FA0002NK, 15-FA0002NM, 15-FA0002NQ, 15-FA0002NS 15-FA0002NT, 15-FA0002SF, 15-FA0002SL, 15-FA0002UA, 15-FA0003CA, 15-FA0003CI, 15-FA0003NA, 15-FA0003NE, 15-FA0003NK, 15-FA0003NM, 15-FA0003NQ, 15-FA0003NS, 15-FA0003NT, 15-FA0003SF, 15-FA0003SL, 15-FA0003UA, 15-FA0004CI, 15-FA0004LA, 15-FA0004NA, 15-FA0004NE, 15-FA0004NK, 15-FA0004NM, 15-FA0004NQ, 15-FA0004NS, 15-FA0004NT, \u200b\u200b15-FA0004NV, 15-FA0004NW, 15-FA0004NX, 15-FA0004SF, 15-FA0004SL, 15-FA0004UA, 15-FA0005CI, 15-A0005NA, 15-FA0005NE, 15-FA0005NI, 15-FA0005NJ, 15-FA0005NK, 15-FA0005NL, 15-FA0005NM, 15-FA0005NQ, 15-FA0005NS, 15-FA0005NT, 15-FA0005NX, 15-FA0005SF, 15-FA0005SL, 15-FA0005TG, 15-FA0005UA, 15-FA0006CI, 15-FA0006LA, 15-FA0006NA, 15-FA0006NE, 15-FA0046NM, 15-FA0092NE, 15-FA1000NX, 15-FA1000NX, 15-FA1017NP, 15-FA1063NT, 15-FA1064NT,<\/p>\n","protected":false},"excerpt":{"rendered":"<p>R\u00fcsten Sie Ihre HP Victus 15-FA-Serie mit einem matten 15,6-Zoll-FHD-LCD-Bildschirm mit 144 Hz auf. Dieses IPS-Panel bietet scharfe Bilder, weite Betrachtungswinkel und wird mit doppelseitigem Klebeband f\u00fcr eine einfache Installation geliefert. Zustand: Neu.<\/p>\n","protected":false},"featured_media":15688,"template":"","meta":[],"product_brand":[],"product_cat":[105,95],"product_tag":[],"class_list":{"0":"post-15696","1":"product","2":"type-product","3":"status-publish","4":"has-post-thumbnail","6":"product_cat-15-6-new-laptop-screens-lcd-panels","7":"product_cat-new-laptop-screens-lcd-panels","9":"first","10":"instock","11":"taxable","12":"shipping-taxable","13":"purchasable","14":"product-type-simple"},"_links":{"self":[{"href":"https:\/\/boreait.com\/de\/wp-json\/wp\/v2\/product\/15696","targetHints":{"allow":["GET"]}}],"collection":[{"href":"https:\/\/boreait.com\/de\/wp-json\/wp\/v2\/product"}],"about":[{"href":"https:\/\/boreait.com\/de\/wp-json\/wp\/v2\/types\/product"}],"wp:featuredmedia":[{"embeddable":true,"href":"https:\/\/boreait.com\/de\/wp-json\/wp\/v2\/media\/15688"}],"wp:attachment":[{"href":"https:\/\/boreait.com\/de\/wp-json\/wp\/v2\/media?parent=15696"}],"wp:term":[{"taxonomy":"product_brand","embeddable":true,"href":"https:\/\/boreait.com\/de\/wp-json\/wp\/v2\/product_brand?post=15696"},{"taxonomy":"product_cat","embeddable":true,"href":"https:\/\/boreait.com\/de\/wp-json\/wp\/v2\/product_cat?post=15696"},{"taxonomy":"product_tag","embeddable":true,"href":"https:\/\/boreait.com\/de\/wp-json\/wp\/v2\/product_tag?post=15696"}],"curies":[{"name":"wp","href":"https:\/\/api.w.org\/{rel}","templated":true}]}}