{"id":15695,"date":"2025-09-16T13:28:38","date_gmt":"2025-09-16T11:28:38","guid":{"rendered":"https:\/\/boreait.com\/de\/?post_type=product&#038;p=15695"},"modified":"2025-09-16T13:28:45","modified_gmt":"2025-09-16T11:28:45","slug":"dell-g15-15-5515-lcd-bildschirm-156-zoll-fhd-144-hz-ips-edp-40-polig-matt-neu","status":"publish","type":"product","link":"https:\/\/boreait.com\/de\/produkt\/dell-g15-15-5515-lcd-bildschirm-156-zoll-fhd-144-hz-ips-edp-40-polig-matt-neu\/","title":{"rendered":"Dell G15 15 5515 LCD-Bildschirm 15,6 Zoll FHD 144 Hz IPS eDP 40-polig matt Neu"},"content":{"rendered":"<p><strong>Aktuelles LCD-Bildschirmmodell: n156hra-ea1 REV C1 \/ N156HRA-GAA Rev.c1 \/ N156HMA-GA1 REV C2 \u2013 VOLLST\u00c4NDIG KOMPATIBEL MIT LAPTOP-BILDSCHIRMEN DER Dell G15 15 5515 SERIE<\/strong><\/p>\n<p>Erweitern Sie das Display Ihres Dell G15 15 5515 Laptops mit diesem hochwertigen 15,6-Zoll-LCD-Bildschirm \u2013 perfekt f\u00fcr gestochen scharfe und lebendige Bilder. Mit Full-HD-Aufl\u00f6sung (1920 x 1080) und einer schnellen Bildwiederholfrequenz von 144 Hz bietet dieser Bildschirm ein fl\u00fcssiges und beeindruckendes Bild \u2013 egal ob beim Spielen, Arbeiten oder Ansehen von Videos. Die IPS-Technologie sorgt f\u00fcr weite Betrachtungswinkel und gleichbleibende Farbgenauigkeit, w\u00e4hrend die matte Oberfl\u00e4che Blendeffekte reduziert und so selbst in hellen Umgebungen klarere Bilder liefert.<\/p>\n<p>Der eDP 40-Pin-Anschluss sorgt f\u00fcr eine sichere und stabile Verbindung und reibungslose Leistung. Beidseitig Selbstklebendes Klebeband vereinfacht die Installation. Dieser Bildschirm ist als direkter Ersatz f\u00fcr Ihr Dell G15 15 5515 konzipiert und erm\u00f6glicht den einfachen Austausch Ihres alten oder besch\u00e4digten Bildschirms.<\/p>\n<p>Bitte beachten Sie, dass dieser Bildschirm ohne obere und untere Halterung geliefert wird. Er ist in neuwertigem Zustand und garantiert zuverl\u00e4ssige Qualit\u00e4t und Leistung.<\/p>\n","protected":false},"excerpt":{"rendered":"<p>R\u00fcsten Sie Ihren Laptop der Dell G15 15 5515-Serie mit diesem 15,6-Zoll-FHD-IPS-LCD-Bildschirm auf. Mit einer Bildwiederholfrequenz von 144 Hz, einer matten Oberfl\u00e4che und einem eDP-40-Pin-Anschluss liefert er lebendige Bilder. Doppelseitiges Klebeband f\u00fcr eine einfache Installation ist im Lieferumfang enthalten. Zustand: Neu.<\/p>\n","protected":false},"featured_media":15688,"template":"","meta":[],"product_brand":[],"product_cat":[105,95],"product_tag":[],"class_list":{"0":"post-15695","1":"product","2":"type-product","3":"status-publish","4":"has-post-thumbnail","6":"product_cat-15-6-new-laptop-screens-lcd-panels","7":"product_cat-new-laptop-screens-lcd-panels","9":"first","10":"instock","11":"taxable","12":"shipping-taxable","13":"purchasable","14":"product-type-simple"},"_links":{"self":[{"href":"https:\/\/boreait.com\/de\/wp-json\/wp\/v2\/product\/15695","targetHints":{"allow":["GET"]}}],"collection":[{"href":"https:\/\/boreait.com\/de\/wp-json\/wp\/v2\/product"}],"about":[{"href":"https:\/\/boreait.com\/de\/wp-json\/wp\/v2\/types\/product"}],"wp:featuredmedia":[{"embeddable":true,"href":"https:\/\/boreait.com\/de\/wp-json\/wp\/v2\/media\/15688"}],"wp:attachment":[{"href":"https:\/\/boreait.com\/de\/wp-json\/wp\/v2\/media?parent=15695"}],"wp:term":[{"taxonomy":"product_brand","embeddable":true,"href":"https:\/\/boreait.com\/de\/wp-json\/wp\/v2\/product_brand?post=15695"},{"taxonomy":"product_cat","embeddable":true,"href":"https:\/\/boreait.com\/de\/wp-json\/wp\/v2\/product_cat?post=15695"},{"taxonomy":"product_tag","embeddable":true,"href":"https:\/\/boreait.com\/de\/wp-json\/wp\/v2\/product_tag?post=15695"}],"curies":[{"name":"wp","href":"https:\/\/api.w.org\/{rel}","templated":true}]}}