{"id":15658,"date":"2025-09-16T13:27:37","date_gmt":"2025-09-16T11:27:37","guid":{"rendered":"https:\/\/boreait.com\/de\/?post_type=product&#038;p=15658"},"modified":"2025-09-16T13:28:20","modified_gmt":"2025-09-16T11:28:20","slug":"hp-m02082-001-lcd-161-fhd-144hz-250-nits-matt-40-pin-mit-klebeband-neu","status":"publish","type":"product","link":"https:\/\/boreait.com\/de\/produkt\/hp-m02082-001-lcd-161-fhd-144hz-250-nits-matt-40-pin-mit-klebeband-neu\/","title":{"rendered":"HP M02082-001 LCD 16,1&#8243; FHD 144Hz 250 Nits Matt 40-pin mit Klebeband Neu"},"content":{"rendered":"<p><strong>Aktuelles LCD-Bildschirmmodell: N161hma-gak REV. C3 oder n161hca-ga1 REV C.1 \u2013 VOLLST\u00c4NDIG KOMPATIBEL MIT DEM LAPTOP-BILDSCHIRM HP M02082-001<\/strong><\/p>\n<p>Optimieren Sie Ihr Laptop-Display mit dem 16,1-Zoll-LCD-Bildschirm HP M02082-001 f\u00fcr \u00fcberragende Bildsch\u00e4rfe und Leistung. Der Bildschirm bietet eine Full-HD-Aufl\u00f6sung (1920 x 1080) mit einer Bildwiederholfrequenz von 144 Hz und sorgt so f\u00fcr fl\u00fcssige Bewegungen und reduzierte Unsch\u00e4rfe f\u00fcr ein beeindruckendes Seherlebnis, insbesondere bei schnellen Aktivit\u00e4ten wie Spielen oder Videowiedergabe. Die Helligkeit von 250 Nits sorgt f\u00fcr klare und lebendige Bilder, selbst in hellen Umgebungen.<\/p>\n<p>Die matte Oberfl\u00e4che reduziert Blendeffekte und schont so die Augen bei l\u00e4ngerer Nutzung. Der 40-polige Anschluss sorgt f\u00fcr eine sichere und stabile Verbindung mit Ihrem Ger\u00e4t. Die Installation ist dank des mitgelieferten doppelseitigen Klebebands unkompliziert und erm\u00f6glicht den einfachen Austausch Ihres vorhandenen Bildschirms ohne zus\u00e4tzliches Zubeh\u00f6r. Halterungen.<\/p>\n<p>Dieser LCD-Bildschirm ist neuwertig und fehlerfrei und sofort einsatzbereit. Egal, ob Sie Ihr Display aufr\u00fcsten oder ein besch\u00e4digtes ersetzen m\u00f6chten \u2013 der HP M02082-001 bietet Ihnen eine zuverl\u00e4ssige und hochwertige L\u00f6sung.<\/p>\n","protected":false},"excerpt":{"rendered":"<p>R\u00fcsten Sie Ihren Laptop mit dem 16,1-Zoll-LCD-Bildschirm HP M02082-001 auf. Mit einer FHD-Bildwiederholrate von 144 Hz, einer Helligkeit von 250 Nits und einer matten Oberfl\u00e4che liefert er fl\u00fcssige und lebendige Bilder. Inklusive doppelseitigem Klebeband f\u00fcr eine einfache Installation. Zustand: Neu.<\/p>\n","protected":false},"featured_media":15670,"template":"","meta":[],"product_brand":[],"product_cat":[107,95],"product_tag":[],"class_list":{"0":"post-15658","1":"product","2":"type-product","3":"status-publish","4":"has-post-thumbnail","6":"product_cat-16-1","7":"product_cat-new-laptop-screens-lcd-panels","9":"first","10":"instock","11":"taxable","12":"shipping-taxable","13":"purchasable","14":"product-type-simple"},"_links":{"self":[{"href":"https:\/\/boreait.com\/de\/wp-json\/wp\/v2\/product\/15658","targetHints":{"allow":["GET"]}}],"collection":[{"href":"https:\/\/boreait.com\/de\/wp-json\/wp\/v2\/product"}],"about":[{"href":"https:\/\/boreait.com\/de\/wp-json\/wp\/v2\/types\/product"}],"wp:featuredmedia":[{"embeddable":true,"href":"https:\/\/boreait.com\/de\/wp-json\/wp\/v2\/media\/15670"}],"wp:attachment":[{"href":"https:\/\/boreait.com\/de\/wp-json\/wp\/v2\/media?parent=15658"}],"wp:term":[{"taxonomy":"product_brand","embeddable":true,"href":"https:\/\/boreait.com\/de\/wp-json\/wp\/v2\/product_brand?post=15658"},{"taxonomy":"product_cat","embeddable":true,"href":"https:\/\/boreait.com\/de\/wp-json\/wp\/v2\/product_cat?post=15658"},{"taxonomy":"product_tag","embeddable":true,"href":"https:\/\/boreait.com\/de\/wp-json\/wp\/v2\/product_tag?post=15658"}],"curies":[{"name":"wp","href":"https:\/\/api.w.org\/{rel}","templated":true}]}}