{"id":15654,"date":"2025-09-16T13:27:36","date_gmt":"2025-09-16T11:27:36","guid":{"rendered":"https:\/\/boreait.com\/de\/?post_type=product&#038;p=15654"},"modified":"2025-09-16T13:27:55","modified_gmt":"2025-09-16T11:27:55","slug":"hp-probook-450-g2-g3-455-g4-156-zoll-wxga-glaenzender-led-bildschirm-mit-halterungen-neu","status":"publish","type":"product","link":"https:\/\/boreait.com\/de\/produkt\/hp-probook-450-g2-g3-455-g4-156-zoll-wxga-glaenzender-led-bildschirm-mit-halterungen-neu\/","title":{"rendered":"HP Probook 450 G2\/G3 455 G4 15,6 Zoll WXGA gl\u00e4nzender LED-Bildschirm mit Halterungen, neu"},"content":{"rendered":"<p>Aktuelles LCD-Bildschirmmodell: AU Optronics B156xw04 v.5 oder n156bge-l31 rev c.1 \u2013 VOLLST\u00c4NDIG KOMPATIBEL MIT DEM BILDSCHIRM F\u00dcR DAS LAPTOP HP Probook 450 G2 G3 455 G4<\/strong><\/p>\n<p>Erweitern Sie Ihr HP Probook 450 G2\/G3 oder 455 G4 mit diesem hochwertigen 15,6-Zoll-LCD-Bildschirm. Mit WXGA-Aufl\u00f6sung bietet dieses gl\u00e4nzende Display klare und lebendige Bilder \u2013 perfekt f\u00fcr allt\u00e4gliche Aufgaben und Multimedia-Anwendungen. Die LED-Hintergrundbeleuchtung sorgt f\u00fcr energieeffiziente Helligkeit, w\u00e4hrend die gl\u00e4nzende Oberfl\u00e4che Farbtiefe und Kontrast f\u00fcr ein lebendigeres Seherlebnis verbessert.<\/p>\n<p>Dieser Bildschirm wird mit oberen und unteren Halterungen geliefert, die einen sicheren Sitz in Ihrem Laptop gew\u00e4hrleisten. Der 40-polige Anschluss sorgt f\u00fcr eine stabile und zuverl\u00e4ssige Verbindung und vereinfacht die Installation. Egal, ob Sie einen besch\u00e4digten Bildschirm ersetzen oder f\u00fcr eine verbesserte Leistung aufr\u00fcsten m\u00f6chten \u2013 dieser LCD-Bildschirm erf\u00fcllt Ihre Anforderungen. Bedarf.<\/p>\n<p>Zustand: Neu \u2013 garantiert fehlerfrei und bereit, Ihrem Laptop neues Leben einzuhauchen.<\/p>\n","protected":false},"excerpt":{"rendered":"<p>R\u00fcsten Sie Ihr HP Probook 450 G2\/G3 und 455 G4 mit einem 15,6-Zoll-LCD-Bildschirm mit Hochglanzoberfl\u00e4che auf. Dieses WXGA-LED-Display mit 40-poligem Anschluss und Halterungen oben und unten sorgt f\u00fcr lebendige Bilder. Zustand: Neu.<\/p>\n","protected":false},"featured_media":15639,"template":"","meta":[],"product_brand":[],"product_cat":[105,95],"product_tag":[],"class_list":{"0":"post-15654","1":"product","2":"type-product","3":"status-publish","4":"has-post-thumbnail","6":"product_cat-15-6-new-laptop-screens-lcd-panels","7":"product_cat-new-laptop-screens-lcd-panels","9":"first","10":"instock","11":"taxable","12":"shipping-taxable","13":"purchasable","14":"product-type-simple"},"_links":{"self":[{"href":"https:\/\/boreait.com\/de\/wp-json\/wp\/v2\/product\/15654","targetHints":{"allow":["GET"]}}],"collection":[{"href":"https:\/\/boreait.com\/de\/wp-json\/wp\/v2\/product"}],"about":[{"href":"https:\/\/boreait.com\/de\/wp-json\/wp\/v2\/types\/product"}],"wp:featuredmedia":[{"embeddable":true,"href":"https:\/\/boreait.com\/de\/wp-json\/wp\/v2\/media\/15639"}],"wp:attachment":[{"href":"https:\/\/boreait.com\/de\/wp-json\/wp\/v2\/media?parent=15654"}],"wp:term":[{"taxonomy":"product_brand","embeddable":true,"href":"https:\/\/boreait.com\/de\/wp-json\/wp\/v2\/product_brand?post=15654"},{"taxonomy":"product_cat","embeddable":true,"href":"https:\/\/boreait.com\/de\/wp-json\/wp\/v2\/product_cat?post=15654"},{"taxonomy":"product_tag","embeddable":true,"href":"https:\/\/boreait.com\/de\/wp-json\/wp\/v2\/product_tag?post=15654"}],"curies":[{"name":"wp","href":"https:\/\/api.w.org\/{rel}","templated":true}]}}