{"id":15652,"date":"2025-09-16T13:27:36","date_gmt":"2025-09-16T11:27:36","guid":{"rendered":"https:\/\/boreait.com\/de\/?post_type=product&#038;p=15652"},"modified":"2025-09-16T13:27:54","modified_gmt":"2025-09-16T11:27:54","slug":"hp-probook-650-g1-g2-156-zoll-glaenzender-lcd-bildschirm-wxga-led-mit-halterungen-neu","status":"publish","type":"product","link":"https:\/\/boreait.com\/de\/produkt\/hp-probook-650-g1-g2-156-zoll-glaenzender-lcd-bildschirm-wxga-led-mit-halterungen-neu\/","title":{"rendered":"HP ProBook 650 G1\/G2 15,6 Zoll gl\u00e4nzender LCD-Bildschirm WXGA LED mit Halterungen Neu"},"content":{"rendered":"<p><strong>Aktuelles LCD-Bildschirmmodell: AU Optronics B156xw04 v.5 oder n156bge-l31 rev c.1 \u2013 VOLLST\u00c4NDIG KOMPATIBEL MIT DEM BILDSCHIRM F\u00dcR DAS LAPTOP HP ProBook 650 G1 G2<\/strong><\/p>\n<p>Verbessern Sie die visuelle Leistung Ihres HP ProBook 650 G1\/G2 mit diesem hochwertigen 15,6-Zoll-LCD-Bildschirm. Dieser Bildschirm liefert gestochen scharfe Bilder, verf\u00fcgt \u00fcber eine WXGA-Aufl\u00f6sung (1366 x 768) und eine gl\u00e4nzende Oberfl\u00e4che f\u00fcr lebendige Farben und scharfen Kontrast \u2013 perfekt f\u00fcr Arbeit und Unterhaltung.<\/p>\n<p>Die LED-Hintergrundbeleuchtung sorgt f\u00fcr Energieeffizienz bei gleichbleibender Helligkeit und ist somit eine zuverl\u00e4ssige Wahl f\u00fcr den Dauereinsatz. Der 40-polige Anschluss bietet eine sichere und stabile Verbindung zu Ihrem Ger\u00e4t und sorgt f\u00fcr reibungslose Funktionalit\u00e4t. Die mitgelieferten oberen und unteren Halterungen vereinfachen die Installation und erleichtern den Austausch Ihres alten oder besch\u00e4digten Bildschirms.<\/p>\n<p>Dieser LCD-Bildschirm ist ein Markenprodukt neu, garantiert ein fehlerfreies Produkt, das Ihren Laptop mit verbesserter Optik und Leistung wieder zum Leben erweckt.<\/p>\n","protected":false},"excerpt":{"rendered":"<p>R\u00fcsten Sie Ihr HP ProBook 650 G1\/G2 mit einem neuen 15,6-Zoll-LCD-Bildschirm mit Hochglanzoberfl\u00e4che auf. Mit WXGA-Aufl\u00f6sung, LED-Hintergrundbeleuchtung und 40-Pin-Anschluss verf\u00fcgt dieser Bildschirm \u00fcber obere und untere Halterungen f\u00fcr eine einfache Installation. Zustand: Neu.<\/p>\n","protected":false},"featured_media":15639,"template":"","meta":[],"product_brand":[],"product_cat":[105,95],"product_tag":[],"class_list":{"0":"post-15652","1":"product","2":"type-product","3":"status-publish","4":"has-post-thumbnail","6":"product_cat-15-6-new-laptop-screens-lcd-panels","7":"product_cat-new-laptop-screens-lcd-panels","9":"first","10":"instock","11":"taxable","12":"shipping-taxable","13":"purchasable","14":"product-type-simple"},"_links":{"self":[{"href":"https:\/\/boreait.com\/de\/wp-json\/wp\/v2\/product\/15652","targetHints":{"allow":["GET"]}}],"collection":[{"href":"https:\/\/boreait.com\/de\/wp-json\/wp\/v2\/product"}],"about":[{"href":"https:\/\/boreait.com\/de\/wp-json\/wp\/v2\/types\/product"}],"wp:featuredmedia":[{"embeddable":true,"href":"https:\/\/boreait.com\/de\/wp-json\/wp\/v2\/media\/15639"}],"wp:attachment":[{"href":"https:\/\/boreait.com\/de\/wp-json\/wp\/v2\/media?parent=15652"}],"wp:term":[{"taxonomy":"product_brand","embeddable":true,"href":"https:\/\/boreait.com\/de\/wp-json\/wp\/v2\/product_brand?post=15652"},{"taxonomy":"product_cat","embeddable":true,"href":"https:\/\/boreait.com\/de\/wp-json\/wp\/v2\/product_cat?post=15652"},{"taxonomy":"product_tag","embeddable":true,"href":"https:\/\/boreait.com\/de\/wp-json\/wp\/v2\/product_tag?post=15652"}],"curies":[{"name":"wp","href":"https:\/\/api.w.org\/{rel}","templated":true}]}}