{"id":15651,"date":"2025-09-16T13:27:36","date_gmt":"2025-09-16T11:27:36","guid":{"rendered":"https:\/\/boreait.com\/de\/?post_type=product&#038;p=15651"},"modified":"2025-09-16T13:27:53","modified_gmt":"2025-09-16T11:27:53","slug":"dell-inspiron-15r-3521-156-zoll-lcd-bildschirm-wxga-glaenzend-led-40-pin-mit-halterungen-neu","status":"publish","type":"product","link":"https:\/\/boreait.com\/de\/produkt\/dell-inspiron-15r-3521-156-zoll-lcd-bildschirm-wxga-glaenzend-led-40-pin-mit-halterungen-neu\/","title":{"rendered":"Dell Inspiron 15R 3521 15,6 Zoll LCD-Bildschirm WXGA gl\u00e4nzend LED 40 Pin mit Halterungen Neu"},"content":{"rendered":"<p><strong>Aktuelles LCD-Bildschirmmodell: AU Optronics B156xw04 v.5 oder n156bge-l31 rev c.1 \u2013 VOLLST\u00c4NDIG KOMPATIBEL MIT DEM LAPTOP-BILDSCHIRM Dell Inspiron 15R, 15 3521<\/strong><\/p>\n<p>Erweitern Sie Ihr Dell Inspiron 15R oder 15 3521 mit einem brandneuen 15,6-Zoll-WXGA-Hochglanz-LCD-Bildschirm. Dieser Ersatzbildschirm bietet eine beeindruckende WXGA-Aufl\u00f6sung und sorgt f\u00fcr klare und lebendige Bilder mit einer Hochglanzoberfl\u00e4che, die Farbintensit\u00e4t und Detailgenauigkeit optimiert. Die LED-Hintergrundbeleuchtung sorgt f\u00fcr Energieeffizienz und ein helles Display \u2013 ideal f\u00fcr den Alltag und die Unterhaltung.<\/p>\n<p>Dieser Bildschirm ist nahtlos kompatibel und verf\u00fcgt \u00fcber Halterungen f\u00fcr oben und unten, die die Installation einfach und sicher machen. Der 40-polige Anschluss garantiert eine zuverl\u00e4ssige Verbindung zum Motherboard Ihres Laptops und sorgt f\u00fcr stabile Leistung. Egal, ob Sie einen besch\u00e4digten Bildschirm ersetzen oder f\u00fcr ein besseres Seherlebnis aufr\u00fcsten m\u00f6chten \u2013 dieser LCD-Bildschirm ist die perfekte Wahl Passform.<\/p>\n<p>Der Bildschirm ist brandneu. Sie erhalten also ein hochwertiges, fehlerfreies und sofort einsatzbereites Produkt.<\/p>\n","protected":false},"excerpt":{"rendered":"<p>R\u00fcsten Sie Ihr Dell Inspiron 15R, 15 3521 mit diesem 15,6&#8243; WXGA-Hochglanz-LCD-Bildschirm auf. Er verf\u00fcgt \u00fcber eine LED-Hintergrundbeleuchtung und einen 40-poligen Anschluss und wird mit oberen und unteren Halterungen f\u00fcr eine einfache Installation geliefert. Zustand: Neu.<\/p>\n","protected":false},"featured_media":15639,"template":"","meta":[],"product_brand":[],"product_cat":[105,95],"product_tag":[],"class_list":{"0":"post-15651","1":"product","2":"type-product","3":"status-publish","4":"has-post-thumbnail","6":"product_cat-15-6-new-laptop-screens-lcd-panels","7":"product_cat-new-laptop-screens-lcd-panels","9":"first","10":"instock","11":"taxable","12":"shipping-taxable","13":"purchasable","14":"product-type-simple"},"_links":{"self":[{"href":"https:\/\/boreait.com\/de\/wp-json\/wp\/v2\/product\/15651","targetHints":{"allow":["GET"]}}],"collection":[{"href":"https:\/\/boreait.com\/de\/wp-json\/wp\/v2\/product"}],"about":[{"href":"https:\/\/boreait.com\/de\/wp-json\/wp\/v2\/types\/product"}],"wp:featuredmedia":[{"embeddable":true,"href":"https:\/\/boreait.com\/de\/wp-json\/wp\/v2\/media\/15639"}],"wp:attachment":[{"href":"https:\/\/boreait.com\/de\/wp-json\/wp\/v2\/media?parent=15651"}],"wp:term":[{"taxonomy":"product_brand","embeddable":true,"href":"https:\/\/boreait.com\/de\/wp-json\/wp\/v2\/product_brand?post=15651"},{"taxonomy":"product_cat","embeddable":true,"href":"https:\/\/boreait.com\/de\/wp-json\/wp\/v2\/product_cat?post=15651"},{"taxonomy":"product_tag","embeddable":true,"href":"https:\/\/boreait.com\/de\/wp-json\/wp\/v2\/product_tag?post=15651"}],"curies":[{"name":"wp","href":"https:\/\/api.w.org\/{rel}","templated":true}]}}