{"id":15649,"date":"2025-09-16T13:27:35","date_gmt":"2025-09-16T11:27:35","guid":{"rendered":"https:\/\/boreait.com\/de\/?post_type=product&#038;p=15649"},"modified":"2025-09-16T13:27:51","modified_gmt":"2025-09-16T11:27:51","slug":"asus-156-zoll-lcd-bildschirm-wxga-glaenzend-40-polig-f55l-x55ld-x550c-mit-halterungen-neu","status":"publish","type":"product","link":"https:\/\/boreait.com\/de\/produkt\/asus-156-zoll-lcd-bildschirm-wxga-glaenzend-40-polig-f55l-x55ld-x550c-mit-halterungen-neu\/","title":{"rendered":"Asus 15,6 Zoll LCD-Bildschirm WXGA gl\u00e4nzend 40-polig F55L X55LD X550C mit Halterungen Neu"},"content":{"rendered":"<p><strong>Aktuelles LCD-Bildschirmmodell: AU Optronics B156xw04 v.5 oder n156bge-l31 rev c.1 \u2013 VOLLST\u00c4NDIG KOMPATIBEL MIT BILDSCHIRMEN F\u00dcR LAPTOP Asus F55L X55LD X550C S56CA X555L X502C<\/strong><\/p>\n<p>Verbessern Sie Ihr Seherlebnis mit diesem brandneuen 15,6-Zoll-WXGA-Hochglanz-LCD-Bildschirm. Er ist f\u00fcr eine Reihe von Asus-Laptops geeignet, darunter die Modelle F55L, X55LD, X550C, S56CA, X555L und X502C. Mit einer Aufl\u00f6sung von 1366 x 768 Pixeln bietet dieser Bildschirm klare und lebendige Bilder \u2013 perfekt f\u00fcr Arbeit und Unterhaltung.<\/p>\n<p>Die Hochglanzoberfl\u00e4che sorgt f\u00fcr eine helle und lebendige Anzeige und erweckt Ihre Inhalte mit verbesserten Farben und Sch\u00e4rfe zum Leben. Die LED-Hintergrundbeleuchtung sorgt f\u00fcr Energieeffizienz und eine l\u00e4ngere Lebensdauer \u2013 eine zuverl\u00e4ssige Wahl f\u00fcr den t\u00e4glichen Gebrauch. Verwendung.<\/p>\n<p>Dieser LCD-Bildschirm verf\u00fcgt \u00fcber obere und untere Halterungen f\u00fcr eine einfache Installation. Der 40-polige Anschluss garantiert einen sicheren Sitz an Ihrem Ger\u00e4t. Egal, ob Sie einen besch\u00e4digten Bildschirm ersetzen oder Ihr Display aufr\u00fcsten m\u00f6chten, dieses Produkt bietet Qualit\u00e4t und Langlebigkeit.<\/p>\n<p>Bitte beachten Sie, dass sich dieser Bildschirm in neuwertigem Zustand befindet. Sie erhalten also ein einwandfreies, einbaufertiges Produkt.<\/p>\n","protected":false},"excerpt":{"rendered":"<p>R\u00fcsten Sie Ihren Asus-Laptop mit diesem 15,6-Zoll-WXGA-Hochglanz-LCD-Bildschirm auf, kompatibel mit den Modellen F55L, X55LD, X550C, S56CA, X555L und X502C. Mit LED-Hintergrundbeleuchtung, 40-Pin-Anschluss und mit oberen und unteren Halterungen. Zustand: Neu.<\/p>\n","protected":false},"featured_media":15639,"template":"","meta":[],"product_brand":[],"product_cat":[105,95],"product_tag":[66],"class_list":{"0":"post-15649","1":"product","2":"type-product","3":"status-publish","4":"has-post-thumbnail","6":"product_cat-15-6-new-laptop-screens-lcd-panels","7":"product_cat-new-laptop-screens-lcd-panels","8":"product_tag-asus","10":"first","11":"instock","12":"taxable","13":"shipping-taxable","14":"purchasable","15":"product-type-simple"},"_links":{"self":[{"href":"https:\/\/boreait.com\/de\/wp-json\/wp\/v2\/product\/15649","targetHints":{"allow":["GET"]}}],"collection":[{"href":"https:\/\/boreait.com\/de\/wp-json\/wp\/v2\/product"}],"about":[{"href":"https:\/\/boreait.com\/de\/wp-json\/wp\/v2\/types\/product"}],"wp:featuredmedia":[{"embeddable":true,"href":"https:\/\/boreait.com\/de\/wp-json\/wp\/v2\/media\/15639"}],"wp:attachment":[{"href":"https:\/\/boreait.com\/de\/wp-json\/wp\/v2\/media?parent=15649"}],"wp:term":[{"taxonomy":"product_brand","embeddable":true,"href":"https:\/\/boreait.com\/de\/wp-json\/wp\/v2\/product_brand?post=15649"},{"taxonomy":"product_cat","embeddable":true,"href":"https:\/\/boreait.com\/de\/wp-json\/wp\/v2\/product_cat?post=15649"},{"taxonomy":"product_tag","embeddable":true,"href":"https:\/\/boreait.com\/de\/wp-json\/wp\/v2\/product_tag?post=15649"}],"curies":[{"name":"wp","href":"https:\/\/api.w.org\/{rel}","templated":true}]}}