{"id":15647,"date":"2025-09-16T13:27:35","date_gmt":"2025-09-16T11:27:35","guid":{"rendered":"https:\/\/boreait.com\/de\/?post_type=product&#038;p=15647"},"modified":"2025-09-16T13:27:49","modified_gmt":"2025-09-16T11:27:49","slug":"dell-inspiron-15-3521-5320-5521-5523-lcd-bildschirm-156-zoll-wxga-glaenzend-led-40-pin-neu","status":"publish","type":"product","link":"https:\/\/boreait.com\/de\/produkt\/dell-inspiron-15-3521-5320-5521-5523-lcd-bildschirm-156-zoll-wxga-glaenzend-led-40-pin-neu\/","title":{"rendered":"DELL Inspiron 15 3521 5320 5521 5523 LCD-Bildschirm 15,6 Zoll WXGA gl\u00e4nzend LED 40 Pin Neu"},"content":{"rendered":"<p><strong>Aktuelles LCD-Bildschirmmodell: AU Optronics B156xw04 v.5 oder n156bge-l31 rev c.1 \u2013 VOLLST\u00c4NDIG KOMPATIBEL MIT DEM BILDSCHIRM F\u00dcR LAPTOP DELL Inspiron 15 3521 5320 5521 5523<\/strong><\/p>\n<p>Erweitern Sie Ihr Dell Inspiron-Notebook mit diesem hochwertigen 15,6-Zoll-LCD-Bildschirm, kompatibel mit den Modellen 3521, 5320, 5521 und 5523. Dank WXGA-Aufl\u00f6sung liefert dieser Bildschirm gestochen scharfe Bilder \u2013 perfekt f\u00fcr Arbeit und Unterhaltung. Die gl\u00e4nzende Oberfl\u00e4che verleiht dem Display eine lebendige Note und l\u00e4sst Bilder und Videos lebendiger und ansprechender erscheinen.<\/p>\n<p>Dieser LED-Bildschirm wird mit oberen und unteren Halterungen f\u00fcr eine einfache Installation geliefert und sorgt f\u00fcr einen sicheren Sitz in Ihrem Ger\u00e4t. Der 40-polige Anschluss sorgt f\u00fcr eine stabile Verbindung und garantiert gleichbleibende Leistung und Zuverl\u00e4ssigkeit. Egal, ob Sie einen besch\u00e4digten Bildschirm ersetzen oder Dieses LCD-Display ist die perfekte Wahl f\u00fcr Ihr Dell Inspiron.<\/p>\n<p>Sie k\u00f6nnen sicher sein, dass dieser Bildschirm brandneu ist, also frei von jeglichem Verschlei\u00df und bereit, Ihrem Laptop neues Leben einzuhauchen.<\/p>\n","protected":false},"excerpt":{"rendered":"<p>R\u00fcsten Sie Ihr Dell Inspiron 15 3521, 5320, 5521 oder 5523 mit diesem 15,6-Zoll-WXGA-Hochglanz-LED-Bildschirm auf. Er wird mit oberen und unteren Halterungen geliefert und verf\u00fcgt \u00fcber einen 40-poligen Anschluss. Zustand: Neu.<\/p>\n","protected":false},"featured_media":15639,"template":"","meta":[],"product_brand":[],"product_cat":[105,95],"product_tag":[],"class_list":{"0":"post-15647","1":"product","2":"type-product","3":"status-publish","4":"has-post-thumbnail","6":"product_cat-15-6-new-laptop-screens-lcd-panels","7":"product_cat-new-laptop-screens-lcd-panels","9":"first","10":"instock","11":"taxable","12":"shipping-taxable","13":"purchasable","14":"product-type-simple"},"_links":{"self":[{"href":"https:\/\/boreait.com\/de\/wp-json\/wp\/v2\/product\/15647","targetHints":{"allow":["GET"]}}],"collection":[{"href":"https:\/\/boreait.com\/de\/wp-json\/wp\/v2\/product"}],"about":[{"href":"https:\/\/boreait.com\/de\/wp-json\/wp\/v2\/types\/product"}],"wp:featuredmedia":[{"embeddable":true,"href":"https:\/\/boreait.com\/de\/wp-json\/wp\/v2\/media\/15639"}],"wp:attachment":[{"href":"https:\/\/boreait.com\/de\/wp-json\/wp\/v2\/media?parent=15647"}],"wp:term":[{"taxonomy":"product_brand","embeddable":true,"href":"https:\/\/boreait.com\/de\/wp-json\/wp\/v2\/product_brand?post=15647"},{"taxonomy":"product_cat","embeddable":true,"href":"https:\/\/boreait.com\/de\/wp-json\/wp\/v2\/product_cat?post=15647"},{"taxonomy":"product_tag","embeddable":true,"href":"https:\/\/boreait.com\/de\/wp-json\/wp\/v2\/product_tag?post=15647"}],"curies":[{"name":"wp","href":"https:\/\/api.w.org\/{rel}","templated":true}]}}