{"id":15642,"date":"2025-09-16T13:27:33","date_gmt":"2025-09-16T11:27:33","guid":{"rendered":"https:\/\/boreait.com\/de\/?post_type=product&#038;p=15642"},"modified":"2025-09-16T13:27:47","modified_gmt":"2025-09-16T11:27:47","slug":"b156xw04-v-1-8-lcd-bildschirm-156-wxga-glaenzend-led-40-pin-mit-halterungen-neu","status":"publish","type":"product","link":"https:\/\/boreait.com\/de\/produkt\/b156xw04-v-1-8-lcd-bildschirm-156-wxga-glaenzend-led-40-pin-mit-halterungen-neu\/","title":{"rendered":"B156XW04 V.1-8 LCD-Bildschirm 15,6&#8243; WXGA gl\u00e4nzend LED 40-Pin mit Halterungen Neu"},"content":{"rendered":"<p><strong>Aktuelles LCD-Bildschirmmodell: AU Optronics B156xw04 v.5 oder n156bge-l31 rev c.1 \u2013 VOLLST\u00c4NDIG KOMPATIBEL MIT LAPTOP-BILDSCHIRM B156XW04 V.1 V.2 V.3 V.4 V.8<\/strong><\/p>\n<p>Optimieren Sie das Display Ihres Laptops mit dem LCD-Bildschirm B156XW04, kompatibel mit den Versionen V.1, V.2, V.3, V.4 und V.8. Dieser 15,6-Zoll-Bildschirm mit WXGA-Aufl\u00f6sung (1366 x 768) bietet eine hervorragende Bildqualit\u00e4t und liefert scharfe und detailreiche Bilder. Die gl\u00e4nzende Oberfl\u00e4che sorgt f\u00fcr leuchtende und lebendige Farben und eignet sich somit perfekt f\u00fcr Arbeit und Unterhaltung.<\/p>\n<p>Ausgestattet mit LED-Hintergrundbeleuchtung bietet dieser Bildschirm energieeffiziente Leistung bei gleichbleibend heller Anzeige. Der 40-polige Anschluss sorgt f\u00fcr eine sichere und stabile Verbindung mit Ihrem Ger\u00e4t. Zus\u00e4tzlich wird dieser Bildschirm mit oberen und unteren Halterungen geliefert, was die Installation vereinfacht.<\/p>\n<p>Ob Sie einen besch\u00e4digten Bildschirm ersetzen oder f\u00fcr ein besseres Bilderlebnis aufr\u00fcsten m\u00f6chten \u2013 der LCD-Bildschirm B156XW04 ist eine zuverl\u00e4ssige Wahl. Er ist brandneu und garantiert Ihnen ein Produkt in einwandfreiem Zustand, das sofort installiert und verwendet werden kann.<\/p>\n","protected":false},"excerpt":{"rendered":"<p>R\u00fcsten Sie Ihren Laptop mit dem LCD-Bildschirm B156XW04 auf. Erh\u00e4ltlich in den Versionen V.1, V.2, V.3, V.4 und V.8. Dieses 15,6-Zoll-WXGA-Hochglanzdisplay mit LED-Hintergrundbeleuchtung und 40-Pin-Anschluss bietet brillante Bilder. Die Montage erfolgt mit oberen und unteren Halterungen. Zustand: Neu.<\/p>\n","protected":false},"featured_media":15639,"template":"","meta":[],"product_brand":[],"product_cat":[105,95],"product_tag":[],"class_list":{"0":"post-15642","1":"product","2":"type-product","3":"status-publish","4":"has-post-thumbnail","6":"product_cat-15-6-new-laptop-screens-lcd-panels","7":"product_cat-new-laptop-screens-lcd-panels","9":"first","10":"instock","11":"taxable","12":"shipping-taxable","13":"purchasable","14":"product-type-simple"},"_links":{"self":[{"href":"https:\/\/boreait.com\/de\/wp-json\/wp\/v2\/product\/15642","targetHints":{"allow":["GET"]}}],"collection":[{"href":"https:\/\/boreait.com\/de\/wp-json\/wp\/v2\/product"}],"about":[{"href":"https:\/\/boreait.com\/de\/wp-json\/wp\/v2\/types\/product"}],"wp:featuredmedia":[{"embeddable":true,"href":"https:\/\/boreait.com\/de\/wp-json\/wp\/v2\/media\/15639"}],"wp:attachment":[{"href":"https:\/\/boreait.com\/de\/wp-json\/wp\/v2\/media?parent=15642"}],"wp:term":[{"taxonomy":"product_brand","embeddable":true,"href":"https:\/\/boreait.com\/de\/wp-json\/wp\/v2\/product_brand?post=15642"},{"taxonomy":"product_cat","embeddable":true,"href":"https:\/\/boreait.com\/de\/wp-json\/wp\/v2\/product_cat?post=15642"},{"taxonomy":"product_tag","embeddable":true,"href":"https:\/\/boreait.com\/de\/wp-json\/wp\/v2\/product_tag?post=15642"}],"curies":[{"name":"wp","href":"https:\/\/api.w.org\/{rel}","templated":true}]}}