{"id":15641,"date":"2025-09-16T13:27:33","date_gmt":"2025-09-16T11:27:33","guid":{"rendered":"https:\/\/boreait.com\/de\/?post_type=product&#038;p=15641"},"modified":"2025-09-16T13:27:45","modified_gmt":"2025-09-16T11:27:45","slug":"lp156wh3-tl-a2-lcd-156-wxga-glossy-led-40-pin-mit-halterungen-neu","status":"publish","type":"product","link":"https:\/\/boreait.com\/de\/produkt\/lp156wh3-tl-a2-lcd-156-wxga-glossy-led-40-pin-mit-halterungen-neu\/","title":{"rendered":"LP156WH3 TL A2 LCD 15,6&#8243; WXGA Glossy LED 40-pin mit Halterungen Neu"},"content":{"rendered":"<p><strong>Aktuelles LCD-Bildschirmmodell: AU Optronics B156xw04 v.5 oder n156bge-l31 rev c.1 \u2013 VOLLST\u00c4NDIG KOMPATIBEL MIT LAPTOP-BILDSCHIRM LP156WH3 TP SH TPSH TL S2TLS2 TLA2 TL A2<\/strong><\/p>\n<p>Optimieren Sie Ihr Laptop-Display mit dem 15,6-Zoll-LCD-Bildschirm LP156WH3 TPSH TL A2. Dieser hochwertige Bildschirm bietet mit seiner WXGA-Aufl\u00f6sung (1366 x 768) hervorragende Bildqualit\u00e4t und eignet sich perfekt f\u00fcr den t\u00e4glichen Gebrauch \u2013 egal ob beim Arbeiten, Streamen oder Surfen. Die gl\u00e4nzende Oberfl\u00e4che verleiht lebendige Farben, w\u00e4hrend die LED-Hintergrundbeleuchtung f\u00fcr gleichm\u00e4\u00dfige Helligkeit auf dem gesamten Bildschirm sorgt und so den Stromverbrauch ohne Leistungseinbu\u00dfen reduziert.<\/p>\n<p>Dieser LCD-Bildschirm wird mit Halterungen f\u00fcr oben und unten geliefert, was die Installation einfach und sicher macht. Der 40-polige Anschluss sorgt f\u00fcr eine stabile und zuverl\u00e4ssige Verbindung zu Ihrem Ger\u00e4t und gew\u00e4hrleistet Langlebige Leistung. Egal, ob Sie einen besch\u00e4digten Bildschirm ersetzen oder ein Upgrade durchf\u00fchren m\u00f6chten, der LP156WH3 TPSH TL A2-Bildschirm ist eine zuverl\u00e4ssige und kosteng\u00fcnstige L\u00f6sung.<\/p>\n<p>Zustand: Neu \u2013 Dieser Bildschirm ist werkseitig versiegelt und frei von jeglichen M\u00e4ngeln. Er verleiht Ihrem Laptop neues Leben.<\/p>\n","protected":false},"excerpt":{"rendered":"<p>R\u00fcsten Sie Ihr Laptop-Display mit dem 15,6-Zoll-LCD-Bildschirm LP156WH3 TPSH TL A2 auf. Mit WXGA-Aufl\u00f6sung, Hochglanzoberfl\u00e4che und LED-Hintergrundbeleuchtung sorgt dieser 40-Pin-Bildschirm f\u00fcr lebendige Bilder. Inklusive oberer und unterer Halterung f\u00fcr eine sichere Installation. Zustand: Neu.<\/p>\n","protected":false},"featured_media":15639,"template":"","meta":[],"product_brand":[],"product_cat":[105,95],"product_tag":[],"class_list":{"0":"post-15641","1":"product","2":"type-product","3":"status-publish","4":"has-post-thumbnail","6":"product_cat-15-6-new-laptop-screens-lcd-panels","7":"product_cat-new-laptop-screens-lcd-panels","9":"first","10":"instock","11":"taxable","12":"shipping-taxable","13":"purchasable","14":"product-type-simple"},"_links":{"self":[{"href":"https:\/\/boreait.com\/de\/wp-json\/wp\/v2\/product\/15641","targetHints":{"allow":["GET"]}}],"collection":[{"href":"https:\/\/boreait.com\/de\/wp-json\/wp\/v2\/product"}],"about":[{"href":"https:\/\/boreait.com\/de\/wp-json\/wp\/v2\/types\/product"}],"wp:featuredmedia":[{"embeddable":true,"href":"https:\/\/boreait.com\/de\/wp-json\/wp\/v2\/media\/15639"}],"wp:attachment":[{"href":"https:\/\/boreait.com\/de\/wp-json\/wp\/v2\/media?parent=15641"}],"wp:term":[{"taxonomy":"product_brand","embeddable":true,"href":"https:\/\/boreait.com\/de\/wp-json\/wp\/v2\/product_brand?post=15641"},{"taxonomy":"product_cat","embeddable":true,"href":"https:\/\/boreait.com\/de\/wp-json\/wp\/v2\/product_cat?post=15641"},{"taxonomy":"product_tag","embeddable":true,"href":"https:\/\/boreait.com\/de\/wp-json\/wp\/v2\/product_tag?post=15641"}],"curies":[{"name":"wp","href":"https:\/\/api.w.org\/{rel}","templated":true}]}}