{"id":15638,"date":"2025-09-16T13:27:11","date_gmt":"2025-09-16T11:27:11","guid":{"rendered":"https:\/\/boreait.com\/de\/?post_type=product&#038;p=15638"},"modified":"2025-09-16T13:27:30","modified_gmt":"2025-09-16T11:27:30","slug":"au-optronics-b156xw04-v-5-156-zoll-glaenzender-wxga-led-bildschirm-mit-halterungen-neu","status":"publish","type":"product","link":"https:\/\/boreait.com\/de\/produkt\/au-optronics-b156xw04-v-5-156-zoll-glaenzender-wxga-led-bildschirm-mit-halterungen-neu\/","title":{"rendered":"AU Optronics B156xw04 v.5 15,6 Zoll gl\u00e4nzender WXGA-LED-Bildschirm mit Halterungen, neu"},"content":{"rendered":"<p>Verbessern Sie das Display Ihres Laptops mit dem 15,6-Zoll-LCD-Bildschirm AU Optronics B156xw04 v.5. Dieser Bildschirm mit WXGA-Aufl\u00f6sung (1366 x 768) liefert helle, lebendige Bilder und sorgt f\u00fcr klare und scharfe Bilder. Die gl\u00e4nzende Oberfl\u00e4che sorgt f\u00fcr ein brillantes Seherlebnis, l\u00e4sst Farben strahlen und verleiht Ihren Bildern Tiefe.<\/p>\n<p>Ausgestattet mit LED-Hintergrundbeleuchtung ist dieser Bildschirm energieeffizient und bietet gleichzeitig eine hohe Helligkeit. Der 40-polige Anschluss gew\u00e4hrleistet die Kompatibilit\u00e4t mit einer Vielzahl von Laptopmodellen und macht ihn zu einer vielseitigen Ersatzoption.<\/p>\n<p>Dieser Bildschirm wird mit oberen und unteren Halterungen geliefert, was die Installation einfach und sicher macht. Egal, ob Sie einen besch\u00e4digten Bildschirm ersetzen oder f\u00fcr eine bessere Leistung aufr\u00fcsten m\u00f6chten, der AU Optronics B156xw04 v.5 ist eine ausgezeichnete Wahl.<\/p>\n<p>Zustand: Neu. Sie erhalten ein fehlerfreies Produkt, das sofort installiert werden kann.<\/p>\n","protected":false},"excerpt":{"rendered":"<p>R\u00fcsten Sie Ihren Laptop mit dem AU Optronics B156xw04 v.5 LCD-Display auf. Das 15,6 Zoll gro\u00dfe WXGA-Hochglanzdisplay mit LED-Hintergrundbeleuchtung bietet helle und klare Bilder. Inklusive Halterungen f\u00fcr die einfache Montage. Zustand: Neu.<\/p>\n","protected":false},"featured_media":15639,"template":"","meta":[],"product_brand":[],"product_cat":[105,95],"product_tag":[],"class_list":{"0":"post-15638","1":"product","2":"type-product","3":"status-publish","4":"has-post-thumbnail","6":"product_cat-15-6-new-laptop-screens-lcd-panels","7":"product_cat-new-laptop-screens-lcd-panels","9":"first","10":"instock","11":"taxable","12":"shipping-taxable","13":"purchasable","14":"product-type-simple"},"_links":{"self":[{"href":"https:\/\/boreait.com\/de\/wp-json\/wp\/v2\/product\/15638","targetHints":{"allow":["GET"]}}],"collection":[{"href":"https:\/\/boreait.com\/de\/wp-json\/wp\/v2\/product"}],"about":[{"href":"https:\/\/boreait.com\/de\/wp-json\/wp\/v2\/types\/product"}],"wp:featuredmedia":[{"embeddable":true,"href":"https:\/\/boreait.com\/de\/wp-json\/wp\/v2\/media\/15639"}],"wp:attachment":[{"href":"https:\/\/boreait.com\/de\/wp-json\/wp\/v2\/media?parent=15638"}],"wp:term":[{"taxonomy":"product_brand","embeddable":true,"href":"https:\/\/boreait.com\/de\/wp-json\/wp\/v2\/product_brand?post=15638"},{"taxonomy":"product_cat","embeddable":true,"href":"https:\/\/boreait.com\/de\/wp-json\/wp\/v2\/product_cat?post=15638"},{"taxonomy":"product_tag","embeddable":true,"href":"https:\/\/boreait.com\/de\/wp-json\/wp\/v2\/product_tag?post=15638"}],"curies":[{"name":"wp","href":"https:\/\/api.w.org\/{rel}","templated":true}]}}