{"id":15632,"date":"2025-09-16T13:27:10","date_gmt":"2025-09-16T11:27:10","guid":{"rendered":"https:\/\/boreait.com\/de\/?post_type=product&#038;p=15632"},"modified":"2025-09-16T13:27:26","modified_gmt":"2025-09-16T11:27:26","slug":"fujitsu-lifebook-a556-lcd-156-fhd-matt-30pin-mit-halterungen-neu","status":"publish","type":"product","link":"https:\/\/boreait.com\/de\/produkt\/fujitsu-lifebook-a556-lcd-156-fhd-matt-30pin-mit-halterungen-neu\/","title":{"rendered":"Fujitsu LifeBook A556 LCD 15,6&#8243; FHD Matt 30pin mit Halterungen Neu"},"content":{"rendered":"<p><strong><\/strong><\/p>\n<p>Erweitern Sie Ihr Fujitsu LifeBook A556 mit einem hochwertigen 15,6-Zoll-LCD-Bildschirm f\u00fcr scharfe, klare Bilder. Dieses Full-HD-Display (1920 x 1080) bietet eine gestochen scharfe Bildqualit\u00e4t und eignet sich ideal f\u00fcr Arbeit und Unterhaltung. Die matte Oberfl\u00e4che reduziert Blendeffekte und sorgt f\u00fcr ein angenehmes Seherlebnis bei unterschiedlichen Lichtverh\u00e4ltnissen.<\/p>\n<p>Dieser Bildschirm verf\u00fcgt \u00fcber einen 30-poligen eDP-Anschluss f\u00fcr eine sichere und stabile Verbindung mit Ihrem Ger\u00e4t. Im Gegensatz zu IPS-Displays bietet dieser Nicht-IPS-Bildschirm eine gute Bildqualit\u00e4t mit Standard-Betrachtungswinkeln und ist somit perfekt f\u00fcr allt\u00e4gliche Aufgaben geeignet. Die mitgelieferten oberen und unteren Halterungen gew\u00e4hrleisten eine einfache und sichere Installation und machen ihn zum idealen Ersatz f\u00fcr Ihren vorhandenen Bildschirm.<\/p>\n<p>Ob Sie einen besch\u00e4digten Bildschirm ersetzen oder f\u00fcr eine bessere Bildqualit\u00e4t aufr\u00fcsten m\u00f6chten \u2013 dieser LCD-Bildschirm ist eine zuverl\u00e4ssige und langlebige Wahl. Der Bildschirm ist brandneu, sodass Sie ein fehlerfreies Produkt erhalten, das optimale Leistung liefert.<\/p>\n","protected":false},"excerpt":{"rendered":"<p>R\u00fcsten Sie Ihr Fujitsu LifeBook A556 mit einem neuen 15,6-Zoll-FHD-LCD-Bildschirm auf. Mattes Finish, 30-poliger eDP-Anschluss und inklusive oberer und unterer Halterung f\u00fcr eine einfache Installation. Zustand: Neu.<\/p>\n","protected":false},"featured_media":15608,"template":"","meta":[],"product_brand":[],"product_cat":[105,95],"product_tag":[64],"class_list":{"0":"post-15632","1":"product","2":"type-product","3":"status-publish","4":"has-post-thumbnail","6":"product_cat-15-6-new-laptop-screens-lcd-panels","7":"product_cat-new-laptop-screens-lcd-panels","8":"product_tag-fujitsu","10":"first","11":"instock","12":"taxable","13":"shipping-taxable","14":"purchasable","15":"product-type-simple"},"_links":{"self":[{"href":"https:\/\/boreait.com\/de\/wp-json\/wp\/v2\/product\/15632","targetHints":{"allow":["GET"]}}],"collection":[{"href":"https:\/\/boreait.com\/de\/wp-json\/wp\/v2\/product"}],"about":[{"href":"https:\/\/boreait.com\/de\/wp-json\/wp\/v2\/types\/product"}],"wp:featuredmedia":[{"embeddable":true,"href":"https:\/\/boreait.com\/de\/wp-json\/wp\/v2\/media\/15608"}],"wp:attachment":[{"href":"https:\/\/boreait.com\/de\/wp-json\/wp\/v2\/media?parent=15632"}],"wp:term":[{"taxonomy":"product_brand","embeddable":true,"href":"https:\/\/boreait.com\/de\/wp-json\/wp\/v2\/product_brand?post=15632"},{"taxonomy":"product_cat","embeddable":true,"href":"https:\/\/boreait.com\/de\/wp-json\/wp\/v2\/product_cat?post=15632"},{"taxonomy":"product_tag","embeddable":true,"href":"https:\/\/boreait.com\/de\/wp-json\/wp\/v2\/product_tag?post=15632"}],"curies":[{"name":"wp","href":"https:\/\/api.w.org\/{rel}","templated":true}]}}