{"id":15629,"date":"2025-09-16T13:27:09","date_gmt":"2025-09-16T11:27:09","guid":{"rendered":"https:\/\/boreait.com\/de\/?post_type=product&#038;p=15629"},"modified":"2025-09-16T13:27:25","modified_gmt":"2025-09-16T11:27:25","slug":"hp-ltn156at39-001-lcd-156-fhd-matt-edp-30pin-mit-halterungen-neu","status":"publish","type":"product","link":"https:\/\/boreait.com\/de\/produkt\/hp-ltn156at39-001-lcd-156-fhd-matt-edp-30pin-mit-halterungen-neu\/","title":{"rendered":"HP LTN156AT39-001 LCD 15,6&#8243; FHD Matt eDP 30pin mit Halterungen Neu"},"content":{"rendered":"<p><strong><\/strong><\/p>\n<p>Optimieren Sie das Display Ihres Laptops mit dem HP LTN156AT39-001 LCD-Bildschirm. Er wurde f\u00fcr Anwender entwickelt, die Wert auf zuverl\u00e4ssige Leistung und hochwertige Grafik legen. Dieser 15,6-Zoll-Full-HD-Bildschirm (1920 x 1080) bietet gestochen scharfe Bilder \u2013 perfekt f\u00fcr Arbeit und Unterhaltung. Das Nicht-IPS-Panel bietet Standard-Betrachtungswinkel, w\u00e4hrend die matte Oberfl\u00e4che Blendeffekte reduziert und ihn ideal f\u00fcr den Einsatz bei unterschiedlichen Lichtverh\u00e4ltnissen macht.<\/p>\n<p>Der Bildschirm verf\u00fcgt \u00fcber einen eDP-30-Pin-Anschluss f\u00fcr eine sichere und stabile Verbindung mit Ihrem Ger\u00e4t. Dank der mitgelieferten oberen und unteren Halterungen ist die Installation unkompliziert und sorgt f\u00fcr einen pr\u00e4zisen Sitz in Ihrem Laptop.<\/p>\n<p>Ob Sie einen besch\u00e4digten Bildschirm ersetzen oder f\u00fcr eine bessere Grafik aufr\u00fcsten m\u00f6chten \u2013 dieser LCD-Bildschirm ist eine zuverl\u00e4ssige Wahl. Er ist in neuwertigem Zustand und garantiert Ihnen ein einwandfreies und sofort einsatzbereites Produkt.<\/p>\n","protected":false},"excerpt":{"rendered":"<p>R\u00fcsten Sie Ihren Laptop mit dem 15,6-Zoll-FHD-LCD-Bildschirm HP LTN156AT39-001 auf. Mit matter Oberfl\u00e4che, eDP-30-Pin-Anschluss sowie oberen und unteren Halterungen liefert dieses Nicht-IPS-Display klare, scharfe Bilder. Zustand: Neu.<\/p>\n","protected":false},"featured_media":15608,"template":"","meta":[],"product_brand":[],"product_cat":[105,95],"product_tag":[],"class_list":{"0":"post-15629","1":"product","2":"type-product","3":"status-publish","4":"has-post-thumbnail","6":"product_cat-15-6-new-laptop-screens-lcd-panels","7":"product_cat-new-laptop-screens-lcd-panels","9":"first","10":"instock","11":"taxable","12":"shipping-taxable","13":"purchasable","14":"product-type-simple"},"_links":{"self":[{"href":"https:\/\/boreait.com\/de\/wp-json\/wp\/v2\/product\/15629","targetHints":{"allow":["GET"]}}],"collection":[{"href":"https:\/\/boreait.com\/de\/wp-json\/wp\/v2\/product"}],"about":[{"href":"https:\/\/boreait.com\/de\/wp-json\/wp\/v2\/types\/product"}],"wp:featuredmedia":[{"embeddable":true,"href":"https:\/\/boreait.com\/de\/wp-json\/wp\/v2\/media\/15608"}],"wp:attachment":[{"href":"https:\/\/boreait.com\/de\/wp-json\/wp\/v2\/media?parent=15629"}],"wp:term":[{"taxonomy":"product_brand","embeddable":true,"href":"https:\/\/boreait.com\/de\/wp-json\/wp\/v2\/product_brand?post=15629"},{"taxonomy":"product_cat","embeddable":true,"href":"https:\/\/boreait.com\/de\/wp-json\/wp\/v2\/product_cat?post=15629"},{"taxonomy":"product_tag","embeddable":true,"href":"https:\/\/boreait.com\/de\/wp-json\/wp\/v2\/product_tag?post=15629"}],"curies":[{"name":"wp","href":"https:\/\/api.w.org\/{rel}","templated":true}]}}