{"id":15623,"date":"2025-09-16T13:27:06","date_gmt":"2025-09-16T11:27:06","guid":{"rendered":"https:\/\/boreait.com\/de\/?post_type=product&#038;p=15623"},"modified":"2025-09-16T13:27:22","modified_gmt":"2025-09-16T11:27:22","slug":"hp-250-g5-156-lcd-bildschirm-fhd-matt-30-pin-mit-halterungen-neu","status":"publish","type":"product","link":"https:\/\/boreait.com\/de\/produkt\/hp-250-g5-156-lcd-bildschirm-fhd-matt-30-pin-mit-halterungen-neu\/","title":{"rendered":"HP 250 G5 15,6&#8243; LCD-Bildschirm FHD matt 30-Pin mit Halterungen neu"},"content":{"rendered":"<p><strong><\/strong><\/p>\n<p>Optimieren Sie das Display Ihres HP 250 G5 Laptops mit diesem hochwertigen, matten 15,6-Zoll-LCD-Bildschirm. Dieser Bildschirm mit Full-HD-Aufl\u00f6sung (1920 x 1080) liefert klare und scharfe Bilder und sorgt f\u00fcr detailreiche Bilder und ein verbessertes Seherlebnis. Die matte Oberfl\u00e4che reduziert Blendeffekte und erleichtert so das Arbeiten bei unterschiedlichen Lichtverh\u00e4ltnissen.<\/p>\n<p>Dieser Bildschirm verf\u00fcgt \u00fcber einen eDP-30-Pin-Anschluss und ist ein Nicht-IPS-Panel, das zuverl\u00e4ssige Leistung f\u00fcr den t\u00e4glichen Gebrauch bietet. Der Bildschirm wird mit oberen und unteren Halterungen geliefert, die die Installation vereinfachen und einen sicheren Sitz in Ihrem Laptop gew\u00e4hrleisten.<\/p>\n<p>Ob Sie einen besch\u00e4digten Bildschirm ersetzen oder einfach f\u00fcr eine bessere Bildqualit\u00e4t aufr\u00fcsten m\u00f6chten \u2013 dieser LCD-Bildschirm passt perfekt zu Ihrem HP 250 G5. Der Bildschirm ist brandneu, sodass Sie ein fehlerfreies und einbaufertiges Produkt erhalten.<\/p>\n","protected":false},"excerpt":{"rendered":"<p>R\u00fcsten Sie Ihren HP 250 G5-Laptop mit einem neuen matten 15,6-Zoll-LCD-Bildschirm auf. Mit FHD-Aufl\u00f6sung, eDP-30-Pin-Anschluss und inklusive oberer und unterer Halterung f\u00fcr eine einfache Installation. Zustand: Neu.<\/p>\n","protected":false},"featured_media":15608,"template":"","meta":[],"product_brand":[],"product_cat":[105,95],"product_tag":[],"class_list":{"0":"post-15623","1":"product","2":"type-product","3":"status-publish","4":"has-post-thumbnail","6":"product_cat-15-6-new-laptop-screens-lcd-panels","7":"product_cat-new-laptop-screens-lcd-panels","9":"first","10":"instock","11":"taxable","12":"shipping-taxable","13":"purchasable","14":"product-type-simple"},"_links":{"self":[{"href":"https:\/\/boreait.com\/de\/wp-json\/wp\/v2\/product\/15623","targetHints":{"allow":["GET"]}}],"collection":[{"href":"https:\/\/boreait.com\/de\/wp-json\/wp\/v2\/product"}],"about":[{"href":"https:\/\/boreait.com\/de\/wp-json\/wp\/v2\/types\/product"}],"wp:featuredmedia":[{"embeddable":true,"href":"https:\/\/boreait.com\/de\/wp-json\/wp\/v2\/media\/15608"}],"wp:attachment":[{"href":"https:\/\/boreait.com\/de\/wp-json\/wp\/v2\/media?parent=15623"}],"wp:term":[{"taxonomy":"product_brand","embeddable":true,"href":"https:\/\/boreait.com\/de\/wp-json\/wp\/v2\/product_brand?post=15623"},{"taxonomy":"product_cat","embeddable":true,"href":"https:\/\/boreait.com\/de\/wp-json\/wp\/v2\/product_cat?post=15623"},{"taxonomy":"product_tag","embeddable":true,"href":"https:\/\/boreait.com\/de\/wp-json\/wp\/v2\/product_tag?post=15623"}],"curies":[{"name":"wp","href":"https:\/\/api.w.org\/{rel}","templated":true}]}}