{"id":15620,"date":"2025-09-16T13:27:05","date_gmt":"2025-09-16T11:27:05","guid":{"rendered":"https:\/\/boreait.com\/de\/?post_type=product&#038;p=15620"},"modified":"2025-09-16T13:27:21","modified_gmt":"2025-09-16T11:27:21","slug":"hp-250-g4-lcd-bildschirm-156-zoll-fhd-matt-30-polig-edp-mit-halterungen-neu","status":"publish","type":"product","link":"https:\/\/boreait.com\/de\/produkt\/hp-250-g4-lcd-bildschirm-156-zoll-fhd-matt-30-polig-edp-mit-halterungen-neu\/","title":{"rendered":"HP 250 G4 LCD-Bildschirm 15,6 Zoll FHD matt 30-polig eDP mit Halterungen Neu"},"content":{"rendered":"<p><strong><\/strong><\/p>\n<p>Erneuern Sie Ihr HP 250 G4 Notebook mit einem brandneuen 15,6-Zoll-LCD-Bildschirm. Er bietet dank Full-HD-Aufl\u00f6sung (1920 x 1080) ein verbessertes Seherlebnis. Die matte Oberfl\u00e4che minimiert Reflexionen und Blendeffekte und sorgt f\u00fcr ein angenehmes Seherlebnis bei unterschiedlichen Lichtverh\u00e4ltnissen. Obwohl er keine IPS-Technologie verwendet, liefert er dennoch gestochen scharfe und klare Bilder f\u00fcr den t\u00e4glichen Computeralltag.<\/p>\n<p>Der Bildschirm wird mit einer oberen und einer unteren Halterung geliefert, die eine sichere und stabile Montage auf Ihrem Ger\u00e4t gew\u00e4hrleistet. Der 30-polige eDP-Anschluss garantiert eine zuverl\u00e4ssige Verbindung und ist somit der ideale Ersatz f\u00fcr Ihren besch\u00e4digten oder defekten Bildschirm. Ob beim Surfen im Internet, beim Bearbeiten von Dokumenten oder beim Streamen von Videos \u2013 dieser LCD-Bildschirm erf\u00fcllt Ihre t\u00e4glichen Anforderungen.<\/p>\n<p>Bitte beachten Sie, dass dieser Bildschirm in neuwertigem Zustand geliefert wird. Er ist fehlerfrei und einbaufertig.<\/p>\n","protected":false},"excerpt":{"rendered":"<p>R\u00fcsten Sie Ihren HP 250 G4-Laptop mit diesem matten 15,6-Zoll-FHD-LCD-Bildschirm auf. Ausgestattet mit einem 30-poligen eDP-Anschluss, oberen und unteren Halterungen und Nicht-IPS-Technologie bietet er scharfe Bilder mit reduzierter Blendung. Zustand: Neu.<\/p>\n","protected":false},"featured_media":15608,"template":"","meta":[],"product_brand":[],"product_cat":[105,95],"product_tag":[],"class_list":{"0":"post-15620","1":"product","2":"type-product","3":"status-publish","4":"has-post-thumbnail","6":"product_cat-15-6-new-laptop-screens-lcd-panels","7":"product_cat-new-laptop-screens-lcd-panels","9":"first","10":"instock","11":"taxable","12":"shipping-taxable","13":"purchasable","14":"product-type-simple"},"_links":{"self":[{"href":"https:\/\/boreait.com\/de\/wp-json\/wp\/v2\/product\/15620","targetHints":{"allow":["GET"]}}],"collection":[{"href":"https:\/\/boreait.com\/de\/wp-json\/wp\/v2\/product"}],"about":[{"href":"https:\/\/boreait.com\/de\/wp-json\/wp\/v2\/types\/product"}],"wp:featuredmedia":[{"embeddable":true,"href":"https:\/\/boreait.com\/de\/wp-json\/wp\/v2\/media\/15608"}],"wp:attachment":[{"href":"https:\/\/boreait.com\/de\/wp-json\/wp\/v2\/media?parent=15620"}],"wp:term":[{"taxonomy":"product_brand","embeddable":true,"href":"https:\/\/boreait.com\/de\/wp-json\/wp\/v2\/product_brand?post=15620"},{"taxonomy":"product_cat","embeddable":true,"href":"https:\/\/boreait.com\/de\/wp-json\/wp\/v2\/product_cat?post=15620"},{"taxonomy":"product_tag","embeddable":true,"href":"https:\/\/boreait.com\/de\/wp-json\/wp\/v2\/product_tag?post=15620"}],"curies":[{"name":"wp","href":"https:\/\/api.w.org\/{rel}","templated":true}]}}