{"id":15614,"date":"2025-09-16T13:27:04","date_gmt":"2025-09-16T11:27:04","guid":{"rendered":"https:\/\/boreait.com\/de\/?post_type=product&#038;p=15614"},"modified":"2025-09-16T13:27:18","modified_gmt":"2025-09-16T11:27:18","slug":"lenovo-ideapad-v110-15isk-156-fhd-matt-lcd-bildschirm-mit-halterungen-neu","status":"publish","type":"product","link":"https:\/\/boreait.com\/de\/produkt\/lenovo-ideapad-v110-15isk-156-fhd-matt-lcd-bildschirm-mit-halterungen-neu\/","title":{"rendered":"Lenovo Ideapad V110-15ISK 15,6&#8243; FHD Matt-LCD-Bildschirm mit Halterungen Neu"},"content":{"rendered":"<p><strong><\/strong><\/p>\n<p>Optimieren Sie Ihr Lenovo Ideapad V110-15ISK 80TL mit diesem brandneuen 15,6\u2033 Full HD (1920 x 1080) LCD-Bildschirm. Dieser speziell f\u00fcr Ihr Modell entwickelte Bildschirm bietet gestochen scharfe Bilder mit einer matten Oberfl\u00e4che, die Blendeffekte reduziert und sich somit ideal f\u00fcr verschiedene Lichtverh\u00e4ltnisse eignet. Der Bildschirm verf\u00fcgt \u00fcber einen 30-poligen eDP-Anschluss f\u00fcr zuverl\u00e4ssige Leistung und ist kein IPS-Display, was eine unkomplizierte Funktionalit\u00e4t f\u00fcr Ihre t\u00e4glichen Computeranforderungen gew\u00e4hrleistet.<\/p>\n<p>Dieser Ersatz-LCD-Bildschirm wird mit Halterungen oben und unten geliefert, die einen sicheren Sitz und eine einfache Installation gew\u00e4hrleisten. Egal, ob Sie einen besch\u00e4digten Bildschirm ersetzen oder f\u00fcr bessere Klarheit sorgen m\u00f6chten \u2013 dieser Bildschirm ist die perfekte Wahl, um die urspr\u00fcngliche Bildqualit\u00e4t Ihres Laptops wiederherzustellen.<\/p>\n<p>Zustand: Neu. Sie k\u00f6nnen sicher sein, dass dieses Produkt fehlerfrei ist und Ihr Ger\u00e4t wieder zum Leben erweckt.<\/p>\n","protected":false},"excerpt":{"rendered":"<p>R\u00fcsten Sie Ihr Lenovo Ideapad V110-15ISK 80TL mit einem matten 15,6-Zoll-FHD-LCD-Bildschirm auf. Mit eDP-30-Pin-Anschluss, Nicht-IPS-Technologie und mit oberen und unteren Halterungen. Zustand: Neu.<\/p>\n","protected":false},"featured_media":15608,"template":"","meta":[],"product_brand":[],"product_cat":[105,95],"product_tag":[62],"class_list":{"0":"post-15614","1":"product","2":"type-product","3":"status-publish","4":"has-post-thumbnail","6":"product_cat-15-6-new-laptop-screens-lcd-panels","7":"product_cat-new-laptop-screens-lcd-panels","8":"product_tag-lenovo","10":"first","11":"instock","12":"taxable","13":"shipping-taxable","14":"purchasable","15":"product-type-simple"},"_links":{"self":[{"href":"https:\/\/boreait.com\/de\/wp-json\/wp\/v2\/product\/15614","targetHints":{"allow":["GET"]}}],"collection":[{"href":"https:\/\/boreait.com\/de\/wp-json\/wp\/v2\/product"}],"about":[{"href":"https:\/\/boreait.com\/de\/wp-json\/wp\/v2\/types\/product"}],"wp:featuredmedia":[{"embeddable":true,"href":"https:\/\/boreait.com\/de\/wp-json\/wp\/v2\/media\/15608"}],"wp:attachment":[{"href":"https:\/\/boreait.com\/de\/wp-json\/wp\/v2\/media?parent=15614"}],"wp:term":[{"taxonomy":"product_brand","embeddable":true,"href":"https:\/\/boreait.com\/de\/wp-json\/wp\/v2\/product_brand?post=15614"},{"taxonomy":"product_cat","embeddable":true,"href":"https:\/\/boreait.com\/de\/wp-json\/wp\/v2\/product_cat?post=15614"},{"taxonomy":"product_tag","embeddable":true,"href":"https:\/\/boreait.com\/de\/wp-json\/wp\/v2\/product_tag?post=15614"}],"curies":[{"name":"wp","href":"https:\/\/api.w.org\/{rel}","templated":true}]}}