{"id":15613,"date":"2025-09-16T13:27:03","date_gmt":"2025-09-16T11:27:03","guid":{"rendered":"https:\/\/boreait.com\/de\/?post_type=product&#038;p=15613"},"modified":"2025-09-16T13:27:17","modified_gmt":"2025-09-16T11:27:17","slug":"lenovo-ideapad-305-15ibd-156-zoll-fhd-matt-lcd-bildschirm-mit-halterungen-neu","status":"publish","type":"product","link":"https:\/\/boreait.com\/de\/produkt\/lenovo-ideapad-305-15ibd-156-zoll-fhd-matt-lcd-bildschirm-mit-halterungen-neu\/","title":{"rendered":"Lenovo Ideapad 305 15IBD 15,6 Zoll FHD Matt-LCD-Bildschirm mit Halterungen Neu"},"content":{"rendered":"<p><strong><\/strong><\/p>\n<p>Erweitern Sie Ihr Lenovo Ideapad 305 15IBD Notebook mit einem hochwertigen 15,6-Zoll-Full-HD-LCD-Bildschirm. Dieser Bildschirm ist f\u00fcr Nutzer konzipiert, die scharfe und lebendige Bilder sch\u00e4tzen. Mit einer Aufl\u00f6sung von 1920 x 1080 Pixeln liefert er kristallklare Bilder \u2013 perfekt f\u00fcr Arbeit und Unterhaltung.<\/p>\n<p>Die matte Oberfl\u00e4che reduziert Blendeffekte und erm\u00f6glicht komfortables Arbeiten bei unterschiedlichen Lichtverh\u00e4ltnissen. Der Bildschirm verf\u00fcgt \u00fcber einen 30-poligen eDP-Anschluss f\u00fcr eine stabile und zuverl\u00e4ssige Verbindung zu Ihrem Ger\u00e4t. Im Gegensatz zu anderen Bildschirmen ist die Installation dank der integrierten oberen und unteren Halterungen einfach und sicher.<\/p>\n<p>Obwohl es sich nicht um einen IPS-Bildschirm handelt, bietet er dennoch eine hervorragende Farbwiedergabe und hervorragende Betrachtungswinkel f\u00fcr den allt\u00e4glichen Gebrauch. Egal, ob Sie einen besch\u00e4digten Bildschirm ersetzen oder f\u00fcr eine bessere Leistung aufr\u00fcsten m\u00f6chten \u2013 dieser LCD-Bildschirm ist eine zuverl\u00e4ssige Wahl. Der Bildschirm ist in neuwertigem Zustand und bietet sofort nach dem Auspacken optimale Leistung.<\/p>\n","protected":false},"excerpt":{"rendered":"<p>R\u00fcsten Sie Ihr Lenovo Ideapad 305 15IBD mit einem neuen 15,6-Zoll-FHD-LCD-Bildschirm auf. Mit matter Oberfl\u00e4che, eDP-30-Pin-Anschluss und mitgelieferten oberen und unteren Halterungen liefert dieser Bildschirm klare und lebendige Bilder. Zustand: Neu.<\/p>\n","protected":false},"featured_media":15608,"template":"","meta":[],"product_brand":[],"product_cat":[105,95],"product_tag":[62],"class_list":{"0":"post-15613","1":"product","2":"type-product","3":"status-publish","4":"has-post-thumbnail","6":"product_cat-15-6-new-laptop-screens-lcd-panels","7":"product_cat-new-laptop-screens-lcd-panels","8":"product_tag-lenovo","10":"first","11":"instock","12":"taxable","13":"shipping-taxable","14":"purchasable","15":"product-type-simple"},"_links":{"self":[{"href":"https:\/\/boreait.com\/de\/wp-json\/wp\/v2\/product\/15613","targetHints":{"allow":["GET"]}}],"collection":[{"href":"https:\/\/boreait.com\/de\/wp-json\/wp\/v2\/product"}],"about":[{"href":"https:\/\/boreait.com\/de\/wp-json\/wp\/v2\/types\/product"}],"wp:featuredmedia":[{"embeddable":true,"href":"https:\/\/boreait.com\/de\/wp-json\/wp\/v2\/media\/15608"}],"wp:attachment":[{"href":"https:\/\/boreait.com\/de\/wp-json\/wp\/v2\/media?parent=15613"}],"wp:term":[{"taxonomy":"product_brand","embeddable":true,"href":"https:\/\/boreait.com\/de\/wp-json\/wp\/v2\/product_brand?post=15613"},{"taxonomy":"product_cat","embeddable":true,"href":"https:\/\/boreait.com\/de\/wp-json\/wp\/v2\/product_cat?post=15613"},{"taxonomy":"product_tag","embeddable":true,"href":"https:\/\/boreait.com\/de\/wp-json\/wp\/v2\/product_tag?post=15613"}],"curies":[{"name":"wp","href":"https:\/\/api.w.org\/{rel}","templated":true}]}}