{"id":15587,"date":"2025-09-16T13:25:04","date_gmt":"2025-09-16T11:25:04","guid":{"rendered":"https:\/\/boreait.com\/de\/?post_type=product&#038;p=15587"},"modified":"2025-09-16T13:26:49","modified_gmt":"2025-09-16T11:26:49","slug":"hp-14-dk1032wm-14-dk1035wm-lcd-14-fhd-ips-30pin-mattbildschirm-neu","status":"publish","type":"product","link":"https:\/\/boreait.com\/de\/produkt\/hp-14-dk1032wm-14-dk1035wm-lcd-14-fhd-ips-30pin-mattbildschirm-neu\/","title":{"rendered":"HP 14-DK1032WM 14-DK1035WM LCD 14&#8243; FHD IPS 30pin Mattbildschirm Neu"},"content":{"rendered":"<p><strong>Aktuelles LCD-Bildschirmmodell: MB140SC01-4 VER 1.3 oder N140HCA-EAC REV. C4 \u2013 VOLLST\u00c4NDIG KOMPATIBEL MIT LAPTOP-BILDSCHIRM F\u00dcR HP 14-DK1032WM 14-DK1035WM<\/strong><\/p>\n<p>Erweitern Sie das Display Ihres HP 14-DK1032WM oder 14-DK1035WM Laptops mit diesem matten 14-Zoll-FHD-IPS-LCD-Bildschirm. Dieser leistungsstarke Bildschirm bietet eine Full-HD-Aufl\u00f6sung (1920 x 1080) und liefert scharfe, klare Bilder mit lebendigen Farben. Die IPS-Technologie sorgt f\u00fcr gro\u00dfe Betrachtungswinkel und gleichbleibende Farbgenauigkeit, sodass Ihr Bildschirm aus jeder Perspektive gro\u00dfartig aussieht.<\/p>\n<p>Der 30-polige eDP-Anschluss sorgt f\u00fcr eine sichere und stabile Verbindung zu Ihrem Ger\u00e4t und gew\u00e4hrleistet einen reibungslosen Betrieb. Dieser Bildschirm wird ohne obere und untere Halterungen geliefert, verf\u00fcgt aber \u00fcber doppelseitige Klebestreifen f\u00fcr eine einfache und problemlose Installation. Egal, ob Sie einen besch\u00e4digten Bildschirm ersetzen oder f\u00fcr eine bessere Bildqualit\u00e4t aufr\u00fcsten m\u00f6chten \u2013 dieser LCD-Bildschirm ist die perfekte Wahl, um die Leistung Ihres Laptops zu steigern.<\/p>\n","protected":false},"excerpt":{"rendered":"<p>R\u00fcsten Sie Ihr HP 14-DK1032WM oder 14-DK1035WM mit einem matten 14-Zoll-FHD-IPS-LCD-Bildschirm auf. Verf\u00fcgt \u00fcber einen 30-poligen eDP-Anschluss und enth\u00e4lt doppelseitige Klebestreifen f\u00fcr eine einfache Installation. Zustand: Neu.<\/p>\n","protected":false},"featured_media":15592,"template":"","meta":[],"product_brand":[],"product_cat":[98,95],"product_tag":[],"class_list":{"0":"post-15587","1":"product","2":"type-product","3":"status-publish","4":"has-post-thumbnail","6":"product_cat-14-new-laptop-screens-lcd-panels","7":"product_cat-new-laptop-screens-lcd-panels","9":"first","10":"instock","11":"taxable","12":"shipping-taxable","13":"purchasable","14":"product-type-simple"},"_links":{"self":[{"href":"https:\/\/boreait.com\/de\/wp-json\/wp\/v2\/product\/15587","targetHints":{"allow":["GET"]}}],"collection":[{"href":"https:\/\/boreait.com\/de\/wp-json\/wp\/v2\/product"}],"about":[{"href":"https:\/\/boreait.com\/de\/wp-json\/wp\/v2\/types\/product"}],"wp:featuredmedia":[{"embeddable":true,"href":"https:\/\/boreait.com\/de\/wp-json\/wp\/v2\/media\/15592"}],"wp:attachment":[{"href":"https:\/\/boreait.com\/de\/wp-json\/wp\/v2\/media?parent=15587"}],"wp:term":[{"taxonomy":"product_brand","embeddable":true,"href":"https:\/\/boreait.com\/de\/wp-json\/wp\/v2\/product_brand?post=15587"},{"taxonomy":"product_cat","embeddable":true,"href":"https:\/\/boreait.com\/de\/wp-json\/wp\/v2\/product_cat?post=15587"},{"taxonomy":"product_tag","embeddable":true,"href":"https:\/\/boreait.com\/de\/wp-json\/wp\/v2\/product_tag?post=15587"}],"curies":[{"name":"wp","href":"https:\/\/api.w.org\/{rel}","templated":true}]}}