{"id":15581,"date":"2025-09-16T13:24:59","date_gmt":"2025-09-16T11:24:59","guid":{"rendered":"https:\/\/boreait.com\/de\/?post_type=product&#038;p=15581"},"modified":"2025-09-16T13:26:46","modified_gmt":"2025-09-16T11:26:46","slug":"lenovo-ideapad-530s-14-lcd-14-fhd-ips-matt-edp-30pin-mit-klebestreifen-neu","status":"publish","type":"product","link":"https:\/\/boreait.com\/de\/produkt\/lenovo-ideapad-530s-14-lcd-14-fhd-ips-matt-edp-30pin-mit-klebestreifen-neu\/","title":{"rendered":"Lenovo Ideapad 530S-14 LCD 14&#8243; FHD IPS Matt eDP 30pin mit Klebestreifen Neu"},"content":{"rendered":"<p><strong>Aktuelles LCD-Bildschirmmodell: MB140SC01-4 VER 1.3 oder N140HCA-EAC REV. C4 \u2013 VOLLST\u00c4NDIG KOMPATIBEL MIT DEM LAPTOP-BILDSCHIRM F\u00dcR Lenovo ideapad 530S-14 530S-14IKB 530S-14ARR<\/strong><\/p>\n<p>Verleihen Sie Ihrem Lenovo Ideapad 530S-14, 530S-14IKB oder 530S-14ARR mit diesem hochwertigen 14-Zoll-LCD-Bildschirm neuen Schwung. Dieser Bildschirm bietet eine au\u00dfergew\u00f6hnliche Leistung und Full-HD-Aufl\u00f6sung (1920 x 1080) f\u00fcr scharfe, lebendige Bilder und ein beeindruckendes Seherlebnis. Die IPS-Technologie sorgt f\u00fcr konsistente Farben und gro\u00dfe Betrachtungswinkel, w\u00e4hrend die matte Oberfl\u00e4che Blendeffekte minimiert und sich somit ideal f\u00fcr unterschiedliche Lichtverh\u00e4ltnisse eignet.<\/p>\n<p>Dieser LCD-Bildschirm wird \u00fcber einen 30-poligen eDP-Anschluss angeschlossen und sorgt so f\u00fcr eine stabile und sichere Verbindung. Die mitgelieferten doppelseitigen Klebestreifen vereinfachen die Installation und erm\u00f6glichen einen schnellen Austausch Ihres vorhandenen Bildschirms. Ob Sie einen besch\u00e4digten Bildschirm reparieren oder f\u00fcr eine bessere Bildqualit\u00e4t aufr\u00fcsten m\u00f6chten \u2013 dieser LCD-Bildschirm ist die perfekte Wahl. ist eine zuverl\u00e4ssige L\u00f6sung.<\/p>\n<p>Bitte beachten Sie, dass dieser Bildschirm ohne obere und untere Halterungen geliefert wird. Er ist brandneu, sodass Sie ein fehlerfreies und sofort einsatzbereites Produkt erhalten.<\/p>\n","protected":false},"excerpt":{"rendered":"<p>R\u00fcsten Sie Ihr Lenovo Ideapad 530S-14, 530S-14IKB oder 530S-14ARR mit diesem 14-Zoll-LCD-Bildschirm auf. Mit FHD-IPS-Technologie, matter Oberfl\u00e4che und eDP-30-Pin-Anschluss sorgt er f\u00fcr scharfe und klare Bilder. Inklusive doppelseitiger Klebestreifen f\u00fcr eine einfache Installation. Zustand: Neu.<\/p>\n","protected":false},"featured_media":15592,"template":"","meta":[],"product_brand":[],"product_cat":[98,95],"product_tag":[62],"class_list":{"0":"post-15581","1":"product","2":"type-product","3":"status-publish","4":"has-post-thumbnail","6":"product_cat-14-new-laptop-screens-lcd-panels","7":"product_cat-new-laptop-screens-lcd-panels","8":"product_tag-lenovo","10":"first","11":"instock","12":"taxable","13":"shipping-taxable","14":"purchasable","15":"product-type-simple"},"_links":{"self":[{"href":"https:\/\/boreait.com\/de\/wp-json\/wp\/v2\/product\/15581","targetHints":{"allow":["GET"]}}],"collection":[{"href":"https:\/\/boreait.com\/de\/wp-json\/wp\/v2\/product"}],"about":[{"href":"https:\/\/boreait.com\/de\/wp-json\/wp\/v2\/types\/product"}],"wp:featuredmedia":[{"embeddable":true,"href":"https:\/\/boreait.com\/de\/wp-json\/wp\/v2\/media\/15592"}],"wp:attachment":[{"href":"https:\/\/boreait.com\/de\/wp-json\/wp\/v2\/media?parent=15581"}],"wp:term":[{"taxonomy":"product_brand","embeddable":true,"href":"https:\/\/boreait.com\/de\/wp-json\/wp\/v2\/product_brand?post=15581"},{"taxonomy":"product_cat","embeddable":true,"href":"https:\/\/boreait.com\/de\/wp-json\/wp\/v2\/product_cat?post=15581"},{"taxonomy":"product_tag","embeddable":true,"href":"https:\/\/boreait.com\/de\/wp-json\/wp\/v2\/product_tag?post=15581"}],"curies":[{"name":"wp","href":"https:\/\/api.w.org\/{rel}","templated":true}]}}